{"id":6125,"date":"2022-02-09T15:39:33","date_gmt":"2022-02-09T15:39:33","guid":{"rendered":"https:\/\/chivatherapy.com\/mw-dev\/?page_id=6125"},"modified":"2024-03-11T00:48:37","modified_gmt":"2024-03-11T08:48:37","slug":"about","status":"publish","type":"page","link":"https:\/\/miraclewands.com\/vi\/about\/","title":{"rendered":"V\u1ec1 Ch\u00fang T\u00f4i"},"content":{"rendered":"<div id=\"fws_69e751f31c74e\"  data-column-margin=\"default\" data-midnight=\"light\" data-top-percent=\"3%\" data-bottom-percent=\"5%\"  class=\"wpb_row vc_row-fluid vc_row full-width-section\"  style=\"padding-top: calc(100vw * 0.03); padding-bottom: calc(100vw * 0.05); \"><div class=\"row-bg-wrap\" data-bg-animation=\"none\" data-bg-overlay=\"false\"><div class=\"inner-wrap\"><div class=\"row-bg\"  style=\"\"><\/div><\/div><\/div><div class=\"row_col_wrap_12 col span_12 light left\">\n\t<div  class=\"vc_col-sm-12 wpb_column column_container vc_column_container col no-extra-padding inherit_tablet inherit_phone\"  data-padding-pos=\"all\" data-has-bg-color=\"false\" data-bg-color=\"\" data-bg-opacity=\"1\" data-animation=\"\" data-delay=\"0\" >\n\t\t<div class=\"vc_column-inner\" >\n\t\t\t<div class=\"wpb_wrapper\">\n\t\t\t\t<div id=\"fws_69e751f321bfa\" data-midnight=\"\" data-column-margin=\"default\" class=\"wpb_row vc_row-fluid vc_row inner_row\"  style=\"\"><div class=\"row-bg-wrap\"> <div class=\"row-bg\" ><\/div> <\/div><div class=\"row_col_wrap_12_inner col span_12  left\">\n\t<div style=\" color: #000000;\" class=\"vc_col-sm-6 wpb_column column_container vc_column_container col child_column no-extra-padding inherit_tablet inherit_phone\" data-cfc=\"true\"  data-padding-pos=\"all\" data-has-bg-color=\"false\" data-bg-color=\"\" data-bg-opacity=\"1\" data-animation=\"\" data-delay=\"0\">\n\t\t<div class=\"vc_column-inner\" >\n\t\t<div class=\"wpb_wrapper\">\n\t\t\t<div class=\"nectar-split-heading\" data-align=\"default\" data-m-align=\"inherit\" data-animation-type=\"default\" data-animation-delay=\"0\" data-m-rm-animation=\"\" data-stagger=\"\" data-custom-font-size=\"false\" ><div class=\"heading-line\" > <div><h3>C\u00e2u chuy\u1ec7n c\u1ee7a Miracle Wands - \u0110\u00f4i \u0110\u0169a Th\u1ea7n K\u1ef3<\/h3> <\/div> <\/div><\/div>\r\n<div class=\"wpb_text_column wpb_content_element  wpb_animate_when_almost_visible wpb_bottom-to-top bottom-to-top vc_custom_1647310389163\" >\r\n\t<div class=\"wpb_wrapper\">\r\n\t\t<p><span style=\"font-weight: 400;\">C\u00f4 Lyndy Ng\u0169, chuy\u00ean gia s\u1ee9c kh\u1ecfe to\u00e0n di\u1ec7n, \u0111\u1ed3ng th\u1eddi l\u00e0 ng\u01b0\u1eddi ph\u00e1t minh v\u00e0 s\u00e1ng l\u1eadp h\u1ec7 th\u1ed1ng Miracle Wands lu\u00f4n t\u1eadn t\u00e2m trong vi\u1ec7c c\u1ea3i thi\u1ec7n s\u1ee9c kh\u1ecfe c\u1ee7a b\u1ec7nh nh\u00e2n.  \n\u0110\u00e2y l\u00e0 m\u1ed9t s\u00e1ng ch\u1ebf m\u1edbi l\u1ea1 th\u1eadt t\u00e0i t\u00ecnh c\u1ee7a c\u00f4 Lyndy Ng\u0169, c\u00f4 c\u0169ng l\u00e0 ng\u01b0\u1eddi \u0111\u1ea7u ti\u00ean tr\u00ean th\u1ebf gi\u1edbi \u0111\u00e3 \u1ee9ng d\u1ee5ng \u0111\u00e1 Th\u1ea1ch Anh tr\u1ecb li\u1ec7u tr\u00ean c\u01a1 th\u1ec3 con ng\u01b0\u1eddi. C\u00f4 Lyndy Ng\u0169 \u0111\u00e3 ph\u1ed1i h\u1ee3p c\u00f9ng v\u1edbi ph\u01b0\u01a1ng ph\u00e1p tr\u1ecb li\u1ec7u th\u1eb3ng v\u00e0o huy\u1ec7t \u0111\u1ea1o tr\u00ean t\u1eebng c\u0103n b\u1ec7nh. C\u00f4 l\u00e0 ng\u01b0\u1eddi \u0111\u1ea7u ti\u00ean tr\u00ean th\u1ebf gi\u1edbi \u0111\u00e3 ph\u00e1 v\u1ee1 k\u1ef7 l\u1ee5c \u0111\u01b0\u1ee3c c\u01a1 quan Western W.I.R.B ch\u1ea5p nh\u1eadn \u0111\u01b0a ph\u01b0\u01a1ng ph\u00e1p ch\u1eefa tr\u1ecb b\u1ec7nh b\u1eb1ng n\u0103ng l\u01b0\u1ee3ng \u0111\u00e1 v\u00e0o c\u00f4ng cu\u1ed9c th\u1eed nghi\u1ec7m l\u00e2m s\u00e0ng trong ng\u00e0nh y, sau nh\u1eefng th\u00e0nh t\u00edch g\u1eb7t h\u00e1i n\u00e0y c\u00f4 \u0111\u00e3 nh\u1eadn \u0111\u01b0\u1ee3c r\u1ea5t nhi\u1ec1u b\u1eb1ng khen v\u00e0 b\u1eb1ng s\u00e1ng ch\u1ebf c\u1ee7a ch\u00ednh ph\u1ee7 Australia, USA v\u00e0 l\u1eddi khen tr\u00ean kh\u1eafp th\u1ebf gi\u1edbi,\nL\u00e0 m\u1ed9t ng\u01b0\u1eddi nh\u1eadp c\u01b0 \u0111\u1ebfn \u00dac, Lyndy l\u00e0m vi\u1ec7c d\u01b0\u1edbi s\u1ef1 h\u01b0\u1edbng d\u1eabn c\u1ee7a m\u1ed9t c\u1ed1 v\u1ea5n \u1edf B\u1ed9 N\u00f4ng nghi\u1ec7p. Qua c\u01a1 h\u1ed9i n\u00e0y, Lyndy \u0111\u00e3 ti\u1ebfp c\u1eadn \u0111\u01b0\u1ee3c v\u00e0o c\u00e1c m\u1ecf gi\u00e0u kho\u00e1ng s\u1ea3n nh\u1ea5t th\u1ebf gi\u1edbi \u1edf b\u00e1n \u0111\u1ea3o Mount ISA, v\u00f9ng B\u1eafc c\u1ee7a Ti\u1ec3u Bang Queensland Australia \u0111\u1ec3 t\u1ea1o ra Miracle Wands v\u00e0o n\u0103m 2011.\u00a0\u00a0<\/span><\/p>\n<p><span style=\"font-weight: 400;\">\u0110\u01b0\u1ee3c \u0111\u00e1nh gi\u00e1 cao nh\u1edd t\u00ednh d\u1eabn n\u0103ng l\u01b0\u1ee3ng \u0111\u1ed9c \u0111\u00e1o v\u00e0 \u0111\u01b0\u1ee3c s\u1eed d\u1ee5ng k\u1ebft h\u1ee3p v\u1edbi c\u00e1c k\u1ef9 thu\u1eadt ch\u1eefa b\u1ec7nh ph\u01b0\u01a1ng \u0110\u00f4ng, Miracle Wands \u0111\u00e3 gi\u00fap h\u00e0ng ng\u00e0n ng\u01b0\u1eddi tr\u00ean to\u00e0n th\u1ebf gi\u1edbi \u0111ang \u0111\u1ea5u tranh v\u1edbi c\u00e1c v\u1ea5n \u0111\u1ec1 s\u1ee9c kh\u1ecfe v\u00e0 th\u1ec3 ch\u1ea5t bao g\u1ed3m \u0111au l\u01b0ng v\u00e0 \u0111\u1ea7u g\u1ed1i, li\u1ec7t, vi\u00eam xoang, da v\u00e0 nhi\u1ec1u t\u00ecnh tr\u1ea1ng v\u00e0 nh\u1eefng c\u0103n b\u1ec7nh m\u00e3n t\u00ednh kh\u00e1c.<\/span><\/p>\n<p><span style=\"font-weight: 400;\">Lyndy hy v\u1ecdng c\u00f3 th\u1ec3 mang Miracle Wands ti\u1ebfp c\u1eadn \u0111\u1ebfn nhi\u1ec1u c\u1ed9ng \u0111\u1ed3ng h\u01a1n n\u1eefa trong t\u01b0\u01a1ng lai v\u00e0 x\u00e1c \u0111\u1ecbnh m\u1ed9t t\u1ea7m nh\u00ecn \u0111\u1ecbnh h\u01b0\u1edbng cho ph\u01b0\u01a1ng ph\u00e1p tr\u1ecb li\u1ec7u n\u00e0y trong 10 n\u0103m t\u1edbi:<\/span><\/p>\n<ol>\n<li style=\"font-weight: 400;\" aria-level=\"1\"><span style=\"font-weight: 400;\">M\u1edf r\u1ed9ng h\u1ec7 th\u1ed1ng Miracle Wands g\u1ed3m c\u00e1c d\u1ecbch v\u1ee5 l\u00e2m s\u00e0ng v\u00e0 t\u1ef1 ch\u0103m s\u00f3c t\u1ea1i Hoa K\u1ef3 v\u00e0 n\u01b0\u1edbc ngo\u00e0i.<\/span><\/li>\n<li style=\"font-weight: 400;\" aria-level=\"1\"><span style=\"font-weight: 400;\">Th\u00e0nh l\u1eadp Qu\u1ef9 Miracle Wands \u0111\u1ec3 \u0111\u1ea3m b\u1ea3o ngu\u1ed3n t\u00e0i tr\u1ee3 cho c\u00e1c nghi\u00ean c\u1ee9u ch\u1ee9ng nh\u1eadn h\u1ec7 th\u1ed1ng c\u1ee7a Miracle Wands \u0111\u01b0\u1ee3c s\u1eed d\u1ee5ng v\u1edbi vai tr\u00f2 b\u1ed5 sung thay th\u1ebf thu\u1ed1c (CAM) Qu\u1ef9 s\u1ebd cung c\u1ea5p h\u1ed7 tr\u1ee3 cho nh\u1eefng b\u1ec7nh nh\u00e2n kh\u00f4ng \u0111\u1ee7 kh\u1ea3 n\u0103ng chi tr\u1ea3 cho ph\u01b0\u01a1ng ph\u00e1p \u0111i\u1ec1u tr\u1ecb b\u1ec7nh, gi\u00fap h\u1ecd c\u00f3 c\u01a1 h\u1ed9i ti\u1ebfp c\u1eadn c\u00e1c li\u1ec7u ph\u00e1p m\u1edbi m\u1ed9t c\u00e1ch d\u1ec5 d\u00e0ng v\u00e0 c\u00f4ng b\u1eb1ng h\u01a1n.<\/span><\/li>\n<\/ol>\n\t<\/div>\r\n<\/div>\r\n\r\n\r\n\r\n\n\t\t<\/div> \n\t<\/div>\n\t<\/div> \n\n\t<div  class=\"vc_col-sm-6 wpb_column column_container vc_column_container col child_column padding-20-percent inherit_tablet inherit_phone\"   data-padding-pos=\"top\" data-has-bg-color=\"false\" data-bg-color=\"\" data-bg-opacity=\"1\" data-animation=\"\" data-delay=\"0\">\n\t\t<div class=\"vc_column-inner\" >\n\t\t<div class=\"wpb_wrapper\">\n\t\t\t<div class=\"nectar_cascading_images\" data-border-radius=\"none\" data-parallax=\"\" data-parallax-intensity=\"subtle\" data-animation-timing=\"175\"><div class=\"cascading-image\" data-has-img=\"false\" style=\" padding:31%;\" data-max-width=\"100%\" data-max-width-mobile=\"100%\" data-animation=\"grow-in\" data-shadow=\"none\"><div class=\"inner-wrap\"><div class=\"bg-layer\" data-scale=\"1\" style=\"transform: scale(1)\"><div class=\"bg-color\" style=\" -webkit-transform:translateX(0%) translateY(0%) ; -ms-transform:translateX(0%) translateY(0%) ; transform: translateX(0%) translateY(0%) ; background-color: #ff3a6f;\" data-has-bg-color=\"true\"><\/div><\/div><\/div><\/div><div class=\"cascading-image\" data-has-img=\"true\" style=\" padding:31%;\" data-max-width=\"100%\" data-max-width-mobile=\"100%\" data-animation=\"grow-in\" data-shadow=\"none\"><div class=\"inner-wrap\"><div class=\"bg-layer\" data-scale=\"1\" style=\"transform: scale(1)\"><div style=\" -webkit-transform:translateX(65%) translateY(50%) ; transform:translateX(65%) translateY(50%) ;\" class=\"img-wrap\"> <img loading=\"lazy\" decoding=\"async\" src=\"https:\/\/miraclewands.com\/wp-content\/uploads\/2022\/02\/miraclewands-e1644089070696.png\"  height=\"121\" width=\"200\" class=\"skip-lazy\" alt=\"\" \/> <\/div><\/div><\/div><\/div><div class=\"cascading-image\" data-has-img=\"true\" style=\" padding:31%;\" data-max-width=\"175%\" data-max-width-mobile=\"100%\" data-animation=\"grow-in\" data-shadow=\"x_large_depth\"><div class=\"inner-wrap\"><div class=\"bg-layer\" data-scale=\"1\" style=\"transform: scale(1)\"><div style=\" -webkit-transform:translateX(-90%) translateY(-60%) ; transform:translateX(-90%) translateY(-60%) ;\" class=\"img-wrap\"> <img loading=\"lazy\" decoding=\"async\" src=\"https:\/\/miraclewands.com\/wp-content\/uploads\/2022\/03\/monk.png\" srcset=\"https:\/\/miraclewands.com\/wp-content\/uploads\/2022\/03\/monk.png 901w, https:\/\/miraclewands.com\/wp-content\/uploads\/2022\/03\/monk-300x212.png 300w, https:\/\/miraclewands.com\/wp-content\/uploads\/2022\/03\/monk-768x543.png 768w\" sizes=\"auto, (min-width: 1000px) 45vw, 100vw\" height=\"637\" width=\"901\" class=\"skip-lazy\" alt=\"\" \/> <\/div><\/div><\/div><\/div><\/div>\n\t\t<\/div> \n\t<\/div>\n\t<\/div> \n<\/div><\/div><div id=\"fws_69e751f326d38\" data-midnight=\"\" data-column-margin=\"default\" class=\"wpb_row vc_row-fluid vc_row inner_row  vc_row-o-equal-height vc_row-flex vc_row-o-content-middle\"  style=\"padding-top: 3%; \"><div class=\"row-bg-wrap\"> <div class=\"row-bg\" ><\/div> <\/div><div class=\"row_col_wrap_12_inner col span_12  left\">\n\t<div style=\" color: #000000;\" class=\"vc_col-sm-6 wpb_column column_container vc_column_container col child_column no-extra-padding inherit_tablet inherit_phone\" data-cfc=\"true\"  data-padding-pos=\"all\" data-has-bg-color=\"false\" data-bg-color=\"\" data-bg-opacity=\"1\" data-animation=\"\" data-delay=\"0\">\n\t\t<div class=\"vc_column-inner\" >\n\t\t<div class=\"wpb_wrapper\">\n\t\t\t<div class=\"nectar_cascading_images\" data-border-radius=\"none\" data-parallax=\"\" data-parallax-intensity=\"subtle\" data-animation-timing=\"175\"><div class=\"cascading-image\" data-has-img=\"true\" style=\" padding:19%;\" data-max-width=\"100%\" data-max-width-mobile=\"100%\" data-animation=\"grow-in\" data-shadow=\"none\"><div class=\"inner-wrap\"><div class=\"bg-layer\" data-scale=\"1\" style=\"transform: scale(1)\"><div class=\"bg-color\" style=\" -webkit-transform:translateX(0%) translateY(0%) ; -ms-transform:translateX(0%) translateY(0%) ; transform: translateX(0%) translateY(0%) ; background-color: #6d9faa;\" data-has-bg-color=\"true\"><\/div><div style=\" -webkit-transform:translateX(0%) translateY(0%) ; transform:translateX(0%) translateY(0%) ;\" class=\"img-wrap\"> <img loading=\"lazy\" decoding=\"async\" src=\"https:\/\/miraclewands.com\/wp-content\/uploads\/2022\/03\/wands-image-1.jpg\" srcset=\"https:\/\/miraclewands.com\/wp-content\/uploads\/2022\/03\/wands-image-1.jpg 2204w, https:\/\/miraclewands.com\/wp-content\/uploads\/2022\/03\/wands-image-1-300x199.jpg 300w, https:\/\/miraclewands.com\/wp-content\/uploads\/2022\/03\/wands-image-1-1024x679.jpg 1024w, https:\/\/miraclewands.com\/wp-content\/uploads\/2022\/03\/wands-image-1-768x509.jpg 768w, https:\/\/miraclewands.com\/wp-content\/uploads\/2022\/03\/wands-image-1-1536x1018.jpg 1536w, https:\/\/miraclewands.com\/wp-content\/uploads\/2022\/03\/wands-image-1-2048x1358.jpg 2048w\" sizes=\"auto, (min-width: 1000px) 55vw, 100vw\" height=\"1461\" width=\"2204\" class=\"skip-lazy\" alt=\"\" \/> <\/div><\/div><\/div><\/div><\/div>\n\t\t<\/div> \n\t<\/div>\n\t<\/div> \n\n\t<div style=\" color: #000000;\" class=\"vc_col-sm-6 wpb_column column_container vc_column_container col child_column no-extra-padding inherit_tablet inherit_phone\" data-cfc=\"true\"  data-padding-pos=\"all\" data-has-bg-color=\"false\" data-bg-color=\"\" data-bg-opacity=\"1\" data-animation=\"\" data-delay=\"0\">\n\t\t<div class=\"vc_column-inner\" >\n\t\t<div class=\"wpb_wrapper\">\n\t\t\t<div class=\"nectar-split-heading\" data-align=\"default\" data-m-align=\"inherit\" data-animation-type=\"default\" data-animation-delay=\"0\" data-m-rm-animation=\"\" data-stagger=\"\" data-custom-font-size=\"false\" ><div class=\"heading-line\" > <div><h3><b>Qu\u1ef9 Miracle Wands<\/b><\/h3> <\/div> <\/div><\/div>\r\n<div class=\"wpb_text_column wpb_content_element  wpb_animate_when_almost_visible wpb_bottom-to-top bottom-to-top vc_custom_1710144343269\" >\r\n\t<div class=\"wpb_wrapper\">\r\n\t\t<p><span style=\"font-weight: 400; white-space: pre-wrap;\">Qu\u1ef9 Miracle Wands \u0111\u01b0\u1ee3c th\u00e0nh l\u1eadp v\u00e0o n\u0103m 2020 v\u1edbi m\u1ee5c \u0111\u00edch gi\u00fap \u0111\u1ee1 nh\u1eefng c\u00e1 nh\u00e2n g\u1eb7p v\u1ea5n \u0111\u1ec1 v\u1ec1 s\u1ee9c kh\u1ecfe m\u00e0 kh\u00f4ng c\u00f3 kh\u1ea3 n\u0103ng chi tr\u1ea3 cho c\u00e1c ph\u01b0\u01a1ng ph\u00e1p \u0111i\u1ec1u tr\u1ecb. Nh\u1edd v\u00e0o s\u1ef1 h\u1ed7 tr\u1ee3 v\u00e0 l\u00f2ng h\u1ea3o t\u00e2m c\u1ee7a c\u00e1c nh\u00e0 t\u00e0i tr\u1ee3, Miracle Wands \u0111\u00e3 ti\u1ebfn h\u00e0nh h\u00e0ng lo\u1ea1t th\u1eed nghi\u1ec7m v\u00e0 nghi\u00ean c\u1ee9u \u0111\u1ec3 ch\u1ee9ng minh hi\u1ec7u qu\u1ea3 c\u1ee7a ph\u01b0\u01a1ng ph\u00e1p \u0111i\u1ec1u tr\u1ecb n\u00e0y.\n\nMiracle Wands kh\u00f4ng ch\u1ec9 l\u00e0 m\u1ed9t ph\u01b0\u01a1ng ph\u00e1p tr\u1ecb li\u1ec7u hi\u1ec7u qu\u1ea3 m\u00e0 c\u00f2n \u0111\u01b0\u1ee3c xem nh\u01b0 m\u1ed9t ph\u01b0\u01a1ng ti\u1ec7n b\u1ed5 sung thay th\u1ebf cho thu\u1ed1c (CAM). B\u1eb1ng c\u00e1ch n\u00e0y, ph\u01b0\u01a1ng ph\u00e1p n\u00e0y c\u00f3 th\u1ec3 c\u1ea3i thi\u1ec7n s\u1ee9c kh\u1ecfe v\u00e0 ch\u1ea5t l\u01b0\u1ee3ng cu\u1ed9c s\u1ed1ng c\u1ee7a b\u1ec7nh nh\u00e2n m\u1ed9t c\u00e1ch to\u00e0n di\u1ec7n.\n\nQu\u1ef9 Miracle Wands \u0111\u00e3 \u0111\u00f3ng vai tr\u00f2 quan tr\u1ecdng trong vi\u1ec7c t\u00e0i tr\u1ee3 c\u00e1c nghi\u00ean c\u1ee9u v\u00e0 th\u1eed nghi\u1ec7m li\u00ean quan \u0111\u1ebfn Miracle Wands, t\u1eeb \u0111\u00f3 cung c\u1ea5p cho c\u1ed9ng \u0111\u1ed3ng y t\u1ebf v\u00e0 b\u1ec7nh nh\u00e2n nh\u1eefng d\u1eef li\u1ec7u v\u00e0 b\u1eb1ng ch\u1ee9ng v\u1eefng ch\u1eafc v\u1ec1 t\u00ednh hi\u1ec7u qu\u1ea3 c\u1ee7a ph\u01b0\u01a1ng ph\u00e1p n\u00e0y. \u0110i\u1ec1u n\u00e0y gi\u00fap n\u00e2ng cao nh\u1eadn th\u1ee9c v\u00e0 s\u1ef1 tin t\u01b0\u1edfng c\u1ee7a m\u1ecdi ng\u01b0\u1eddi \u0111\u1ed1i v\u1edbi Miracle Wands v\u00e0 c\u0169ng t\u1ea1o ra c\u01a1 h\u1ed9i ti\u1ebfp c\u1eadn ph\u01b0\u01a1ng ph\u00e1p tr\u1ecb li\u1ec7u n\u00e0y cho nh\u1eefng ng\u01b0\u1eddi c\u00f3 ho\u00e0n c\u1ea3nh kinh t\u1ebf kh\u00f3 kh\u0103n.<br \/>\n<\/span><\/p>\n\t<\/div>\r\n<\/div>\r\n\r\n\r\n\r\n\n\t\t<\/div> \n\t<\/div>\n\t<\/div> \n<\/div><\/div>\n\t\t\t<\/div> \n\t\t<\/div>\n\t<\/div> \n<\/div><\/div>\r\n\t\t<div id=\"fws_69e751f32a48d\"  data-column-margin=\"default\" data-midnight=\"dark\" data-top-percent=\"4%\" data-bottom-percent=\"4%\"  class=\"wpb_row vc_row-fluid vc_row full-width-section\"  style=\"padding-top: calc(100vw * 0.04); padding-bottom: calc(100vw * 0.04); \"><div class=\"row-bg-wrap\" data-bg-animation=\"none\" data-bg-overlay=\"false\"><div class=\"inner-wrap\"><div class=\"row-bg\"  style=\"\"><\/div><\/div><\/div><div class=\"row_col_wrap_12 col span_12 dark left\">\n\t<div  class=\"vc_col-sm-12 wpb_column column_container vc_column_container col no-extra-padding inherit_tablet inherit_phone\"  data-padding-pos=\"all\" data-has-bg-color=\"false\" data-bg-color=\"\" data-bg-opacity=\"1\" data-animation=\"\" data-delay=\"0\" >\n\t\t<div class=\"vc_column-inner\" >\n\t\t\t<div class=\"wpb_wrapper\">\n\t\t\t\t<div id=\"fws_69e751f32a7e9\" data-midnight=\"\" data-column-margin=\"90px\" class=\"wpb_row vc_row-fluid vc_row inner_row\"  style=\"\"><div class=\"row-bg-wrap\"> <div class=\"row-bg\" ><\/div> <\/div><div class=\"row_col_wrap_12_inner col span_12  left\">\n\t<div  class=\"vc_col-sm-4 wpb_column column_container vc_column_container col child_column has-animation padding-2-percent inherit_tablet inherit_phone\"   data-padding-pos=\"right\" data-has-bg-color=\"false\" data-bg-color=\"\" data-bg-opacity=\"1\" data-animation=\"fade-in-from-bottom\" data-delay=\"0\">\n\t\t<div class=\"vc_column-inner\" >\n\t\t<div class=\"wpb_wrapper\">\n\t\t\t<div class=\"img-with-aniamtion-wrap\" data-max-width=\"100%\" data-max-width-mobile=\"default\" data-shadow=\"none\" data-animation=\"fade-in\" >\r\n      <div class=\"inner\">\r\n        <div class=\"hover-wrap\"> \r\n          <div class=\"hover-wrap-inner\">\r\n            <img loading=\"lazy\" decoding=\"async\" class=\"img-with-animation skip-lazy\" data-delay=\"0\" height=\"640\" width=\"960\" data-animation=\"fade-in\" src=\"https:\/\/miraclewands.com\/wp-content\/uploads\/2022\/03\/kid.jpg\" alt=\"\" srcset=\"https:\/\/miraclewands.com\/wp-content\/uploads\/2022\/03\/kid.jpg 960w, https:\/\/miraclewands.com\/wp-content\/uploads\/2022\/03\/kid-300x200.jpg 300w, https:\/\/miraclewands.com\/wp-content\/uploads\/2022\/03\/kid-768x512.jpg 768w, https:\/\/miraclewands.com\/wp-content\/uploads\/2022\/03\/kid-900x600.jpg 900w\" sizes=\"auto, (min-width: 1450px) 75vw, (min-width: 1000px) 85vw, 100vw\" \/>\r\n          <\/div>\r\n        <\/div>\r\n      <\/div>\r\n    <\/div>\r\n<div class=\"wpb_text_column wpb_content_element\" >\r\n\t<div class=\"wpb_wrapper\">\r\n\t\t<h4>Qu\u1ef9 Miracle Wands<\/h4>\n\t<\/div>\r\n<\/div>\r\n\r\n\r\n\r\n<div class=\"divider-wrap\" data-alignment=\"default\"><div style=\"margin-top: 40px; width: 100px; height: 4px; margin-bottom: 40px;\" data-width=\"100\" data-animate=\"yes\" data-animation-delay=\"\" data-color=\"extra-color-gradient-2\" class=\"divider-small-border\"><\/div><\/div>\n\t\t<\/div> \n\t<\/div>\n\t<\/div> \n\n\t<div  class=\"vc_col-sm-8 wpb_column column_container vc_column_container col child_column has-animation no-extra-padding inherit_tablet inherit_phone\"   data-padding-pos=\"all\" data-has-bg-color=\"false\" data-bg-color=\"\" data-bg-opacity=\"1\" data-animation=\"fade-in-from-bottom\" data-delay=\"100\">\n\t\t<div class=\"vc_column-inner\" >\n\t\t<div class=\"wpb_wrapper\">\n\t\t\t<div class=\"nectar-split-heading\" data-align=\"default\" data-m-align=\"inherit\" data-animation-type=\"default\" data-animation-delay=\"0\" data-m-rm-animation=\"\" data-stagger=\"\" data-custom-font-size=\"false\" ><div class=\"heading-line\" > <div><h3><b>S\u1ee9 m\u1ec7nh<\/b><\/h3> <\/div> <\/div><\/div><div class=\"nectar-fancy-ul\" data-list-icon=\"icon-salient-thin-line\" data-animation=\"false\" data-animation-delay=\"0\" data-color=\"accent-color\" data-spacing=\"default\" data-alignment=\"left\"> \n<ul>\n<li style=\"font-weight: 400;\" aria-level=\"1\"><span style=\"font-weight: 400;\">Qu\u1ef9 Miracle Wands \u0111\u01b0\u1ee3c th\u00e0nh l\u1eadp v\u1edbi hai m\u1ee5c ti\u00eau ch\u00ednh:<\/span>\n<ul>\n<li style=\"font-weight: 400;\" aria-level=\"1\"><span style=\"font-weight: 400;\">H\u1ed7 tr\u1ee3 chi ph\u00ed \u0111i\u1ec1u tr\u1ecb: Qu\u1ef9 Miracle Wands nh\u1eb1m m\u1ee5c \u0111\u00edch h\u1ed7 tr\u1ee3 chi ph\u00ed \u0111i\u1ec1u tr\u1ecb v\u1edbi m\u1ee9c th\u1ea5p ho\u1eb7c mi\u1ec5n ph\u00ed cho nh\u1eefng c\u1ed9ng \u0111\u1ed3ng ch\u01b0a \u0111\u01b0\u1ee3c ph\u1ee5c v\u1ee5 \u0111\u1ea7y \u0111\u1ee7. \u0110i\u1ec1u n\u00e0y gi\u00fap c\u00e1c c\u00e1 nh\u00e2n c\u00f3 ho\u00e0n c\u1ea3nh kinh t\u1ebf kh\u00f3 kh\u0103n c\u00f3 th\u1ec3 ti\u1ebfp c\u1eadn \u0111\u01b0\u1ee3c c\u00e1c li\u1ec7u ph\u00e1p v\u00e0 ph\u01b0\u01a1ng ph\u00e1p \u0111i\u1ec1u tr\u1ecb m\u1edbi m\u1ed9t c\u00e1ch d\u1ec5 d\u00e0ng v\u00e0 c\u00f4ng b\u1eb1ng h\u01a1n.\u00a0<\/span><\/li>\n<li style=\"font-weight: 400;\" aria-level=\"1\"><span style=\"font-weight: 400;\">Ti\u1ebfn h\u00e0nh nghi\u00ean c\u1ee9u: Qu\u1ef9 c\u0169ng d\u00e0nh m\u1ed9t ph\u1ea7n ngu\u1ed3n l\u1ef1c \u0111\u1ec3 ti\u1ebfn h\u00e0nh nghi\u00ean c\u1ee9u v\u00e0 ki\u1ec3m ch\u1ee9ng h\u1ec7 th\u1ed1ng \u0111i\u1ec1u tr\u1ecb Miracle Wands c\u00f3 \u0111\u1ee7 \u0111i\u1ec1u ki\u1ec7n cho nhi\u1ec1u t\u00ecnh tr\u1ea1ng b\u1ec7nh l\u00fd kh\u00e1c nhau. \u0110i\u1ec1u n\u00e0y gi\u00fap cung c\u1ea5p th\u00eam b\u1eb1ng ch\u1ee9ng v\u00e0 d\u1eef li\u1ec7u khoa h\u1ecdc v\u1ec1 t\u00ednh hi\u1ec7u qu\u1ea3 c\u1ee7a ph\u01b0\u01a1ng ph\u00e1p tr\u1ecb li\u1ec7u n\u00e0y, t\u1eeb \u0111\u00f3 n\u00e2ng cao nh\u1eadn th\u1ee9c v\u00e0 tin t\u01b0\u1edfng c\u1ee7a c\u1ed9ng \u0111\u1ed3ng y t\u1ebf v\u00e0 ng\u01b0\u1eddi d\u00e2n.<\/span><\/li>\n<\/ul>\n<\/li>\n<\/ul>\n <\/div>\n\t<div class=\"wpb_raw_code wpb_content_element wpb_raw_html\" >\n\t\t<div class=\"wpb_wrapper\">\n\t\t\t<p>N\u1ebfu b\u1ea1n mu\u1ed1n \u0111\u00f3ng g\u00f3p cho Qu\u1ef9 Miracle Wands v\u00e0 h\u1ed7 tr\u1ee3 cho nh\u1eefng m\u1ee5c ti\u00eau quan tr\u1ecdng n\u00e0y, vui l\u00f2ng c\u00e2n nh\u1eafc vi\u1ec7c quy\u00ean g\u00f3p. Ch\u00fang t\u00f4i cam k\u1ebft r\u1eb1ng m\u1ecdi kho\u1ea3n quy\u00ean g\u00f3p s\u1ebd \u0111\u01b0\u1ee3c s\u1eed d\u1ee5ng m\u1ed9t c\u00e1ch hi\u1ec7u qu\u1ea3 v\u00e0 minh b\u1ea1ch, v\u00e0 \u0111\u1ed3ng th\u1eddi c\u0169ng s\u1ebd \u0111\u01b0\u1ee3c kh\u1ea5u tr\u1eeb thu\u1ebf theo quy \u0111\u1ecbnh c\u1ee7a ph\u00e1p lu\u1eadt. Xin c\u1ea3m \u01a1n s\u1ef1 \u0111\u00f3ng g\u00f3p c\u1ee7a b\u1ea1n \u0111\u1ed1i v\u1edbi s\u1ee9 m\u1ec7nh c\u1ee7a ch\u00fang t\u00f4i.<\/p>\n<form action=\"https:\/\/www.paypal.com\/donate\" method=\"post\" target=\"_top\" data-trp-original-action=\"https:\/\/www.paypal.com\/donate\">\n<input type=\"hidden\" name=\"hosted_button_id\" value=\"R8WAC3LLGHCTL\" \/>\n<!--\n<input type=\"image\" src=\"https:\/\/www.paypalobjects.com\/en_US\/i\/btn\/btn_donate_LG.gif\" border=\"0\" name=\"submit\" title=\"PayPal - The safer, easier way to pay online!\" alt=\"Donate with PayPal button\" width=\"92\" height=\"26\" \/>\n-->\n<button style=\"display: inline-block; background-color: #ffc439; color: black; padding: 5px 20px !important; text-decoration: none; border: none; border-radius: 50px; font-size: 16px; cursor: pointer; font-weight: 800;\"  type=\"submit\">\u0110\u00f3ng g\u00f3p<\/button>\n<img loading=\"lazy\" decoding=\"async\" alt=\"\" border=\"0\" src=\"https:\/\/www.paypal.com\/en_US\/i\/scr\/pixel.gif\" width=\"1\" height=\"1\" \/>\n<input type=\"hidden\" name=\"trp-form-language\" value=\"vi\"\/><\/form>\n\t\t<\/div>\n\t<\/div>\n\n\t\t<\/div> \n\t<\/div>\n\t<\/div> \n<\/div><\/div>\n\t\t\t<\/div> \n\t\t<\/div>\n\t<\/div> \n<\/div><\/div>","protected":false},"excerpt":{"rendered":"The Miracle Wands Story Lyndy Ngu, a holistic health expert, and founder of the Miracle Wands system is dedicated to improving clients\u2019 health. As an immigrant to Australia,\u00a0 Lyndy worked...","protected":false},"author":1,"featured_media":0,"parent":0,"menu_order":0,"comment_status":"closed","ping_status":"closed","template":"","meta":{"_monsterinsights_skip_tracking":false,"_monsterinsights_sitenote_active":false,"_monsterinsights_sitenote_note":"","_monsterinsights_sitenote_category":0,"footnotes":""},"class_list":["post-6125","page","type-page","status-publish"],"_links":{"self":[{"href":"https:\/\/miraclewands.com\/vi\/wp-json\/wp\/v2\/pages\/6125","targetHints":{"allow":["GET"]}}],"collection":[{"href":"https:\/\/miraclewands.com\/vi\/wp-json\/wp\/v2\/pages"}],"about":[{"href":"https:\/\/miraclewands.com\/vi\/wp-json\/wp\/v2\/types\/page"}],"author":[{"embeddable":true,"href":"https:\/\/miraclewands.com\/vi\/wp-json\/wp\/v2\/users\/1"}],"replies":[{"embeddable":true,"href":"https:\/\/miraclewands.com\/vi\/wp-json\/wp\/v2\/comments?post=6125"}],"version-history":[{"count":21,"href":"https:\/\/miraclewands.com\/vi\/wp-json\/wp\/v2\/pages\/6125\/revisions"}],"predecessor-version":[{"id":6336,"href":"https:\/\/miraclewands.com\/vi\/wp-json\/wp\/v2\/pages\/6125\/revisions\/6336"}],"wp:attachment":[{"href":"https:\/\/miraclewands.com\/vi\/wp-json\/wp\/v2\/media?parent=6125"}],"curies":[{"name":"wp","href":"https:\/\/api.w.org\/{rel}","templated":true}]}}