{"id":6133,"date":"2022-02-10T07:56:01","date_gmt":"2022-02-10T07:56:01","guid":{"rendered":"https:\/\/chivatherapy.com\/mw-dev\/?page_id=6133"},"modified":"2022-02-10T07:56:01","modified_gmt":"2022-02-10T07:56:01","slug":"arthritis","status":"publish","type":"page","link":"https:\/\/miraclewands.com\/vi\/arthritis\/","title":{"rendered":"Vi\u00eam kh\u1edbp - \u0110au nh\u1ee9c th\u1ea5p kh\u1edbp"},"content":{"rendered":"<div id=\"fws_69e49a39ec6bc\"  data-column-margin=\"default\" data-midnight=\"dark\"  class=\"wpb_row vc_row-fluid vc_row  vc_row-o-equal-height vc_row-flex\"  style=\"padding-top: 0px; padding-bottom: 0px; \"><div class=\"row-bg-wrap\" data-bg-animation=\"none\" data-bg-overlay=\"false\"><div class=\"inner-wrap\"><div class=\"row-bg\"  style=\"\"><\/div><\/div><\/div><div class=\"row_col_wrap_12 col span_12 dark left\">\n\t<div style=\"margin-top: 5%; \" class=\"vc_col-sm-6 wpb_column column_container vc_column_container col no-extra-padding inherit_tablet inherit_phone border_right_desktop_1px border_color_e2e2e2 border_style_solid\"  data-padding-pos=\"all\" data-has-bg-color=\"false\" data-bg-color=\"\" data-bg-opacity=\"1\" data-animation=\"\" data-delay=\"0\" >\n\t\t<div class=\"vc_column-inner\" >\n\t\t\t<div class=\"wpb_wrapper\">\n\t\t\t\t<div class=\"nectar-split-heading\" data-align=\"default\" data-m-align=\"inherit\" data-animation-type=\"default\" data-animation-delay=\"0\" data-m-rm-animation=\"\" data-stagger=\"\" data-custom-font-size=\"false\" ><div class=\"heading-line\" > <div><h3 style=\"text-align: center;\"><span class=\"x-el x-el-span c1-72 c1-73 c1-b c1-6l c1-6o c1-6q c1-6r c1-6s\">Trung t\u00e2m ch\u0103m s\u00f3c s\u1ee9c kh\u1ecfe Miracle Wands<\/span><\/h3> <\/div> <\/div><\/div>\n\t\t\t<\/div> \n\t\t<\/div>\n\t<\/div> \n\n\t<div  class=\"vc_col-sm-6 wpb_column column_container vc_column_container col no-extra-padding inherit_tablet inherit_phone\"  data-padding-pos=\"all\" data-has-bg-color=\"false\" data-bg-color=\"\" data-bg-opacity=\"1\" data-animation=\"\" data-delay=\"0\" >\n\t\t<div class=\"vc_column-inner\" >\n\t\t\t<div class=\"wpb_wrapper\">\n\t\t\t\t\r\n<div class=\"wpb_text_column wpb_content_element\" >\r\n\t<div class=\"wpb_wrapper\">\r\n\t\t<p>Vi\u00eam kh\u1edbp g\u00e2y \u1ea3nh h\u01b0\u1edfng \u0111\u1ebfn g\u1ea7n 350 tri\u1ec7u ng\u01b0\u1eddi tr\u00ean to\u00e0n th\u1ebf gi\u1edbi. N\u1ebfu \u0111\u00e3 th\u1eed nhi\u1ec1u ph\u01b0\u01a1ng ph\u00e1p \u0111i\u1ec1u tr\u1ecb kh\u00e1c nhau m\u00e0 kh\u00f4ng th\u1ea5y thuy\u00ean gi\u1ea3m, Qu\u00fd kh\u00e1ch c\u00f3 th\u1ec3 c\u00e2n nh\u1eafc m\u1ed9t s\u1ed1 ph\u01b0\u01a1ng ph\u00e1p \u0111i\u1ec1u tr\u1ecb kh\u00e1c.<\/p>\n<p>Nh\u1eadn t\u01b0 v\u1ea5n tr\u1ef1c ti\u1ebfp ngay h\u00f4m nay b\u1eb1ng c\u00e1ch g\u1ecdi \u0111i\u1ec7n ho\u1eb7c nh\u1ea5p v\u00e0o \u0111\u1eb7t l\u1ecbch tr\u1ef1c tuy\u1ebfn.<\/p>\n\t<\/div>\r\n<\/div>\r\n\r\n\r\n\r\n<a class=\"nectar-button large regular accent-color  regular-button\"  style=\"\"  href=\"https:\/\/miraclewands.com\/vi\/request-appointment\/\" data-color-override=\"false\" data-hover-color-override=\"false\" data-hover-text-color-override=\"#fff\"><span>\u0110\u1eb7t l\u1ecbch h\u1eb9n<\/span><\/a>\r\n<div class=\"wpb_text_column wpb_content_element\" >\r\n\t<div class=\"wpb_wrapper\">\r\n\t\t<p><span class=\"disclaimer\" style=\"font-weight: 400;\">*Miracle Wands b\u1ed5 sung cho ch\u1ebf \u0111\u1ed9 \u0111i\u1ec1u tr\u1ecb y t\u1ebf th\u00f4ng th\u01b0\u1eddng. M\u1ed7i Qu\u00fd kh\u00e1ch h\u00e0ng ph\u1ea3i tham kh\u1ea3o \u00fd ki\u1ebfn v\u00e0 theo d\u00f5i v\u1edbi nh\u00e0 cung c\u1ea5p d\u1ecbch v\u1ee5 ch\u0103m s\u00f3c s\u1ee9c kho\u1ebb th\u01b0\u1eddng xuy\u00ean c\u1ee7a h\u1ecd.<\/span><\/p>\n\t<\/div>\r\n<\/div>\r\n\r\n\r\n\r\n\n\t\t\t<\/div> \n\t\t<\/div>\n\t<\/div> \n<\/div><\/div>\r\n\t\t<div id=\"fws_69e49a39edfb8\"  data-column-margin=\"default\" data-midnight=\"dark\" data-top-percent=\"5%\" data-bottom-percent=\"5%\"  class=\"wpb_row vc_row-fluid vc_row full-width-section\"  style=\"padding-top: calc(100vw * 0.05); padding-bottom: calc(100vw * 0.05); \"><div class=\"row-bg-wrap\" data-bg-animation=\"none\" data-bg-overlay=\"false\"><div class=\"inner-wrap\"><div class=\"row-bg using-bg-color\"  style=\"background-color: #f6f6f6; \"><\/div><\/div><\/div><div class=\"row_col_wrap_12 col span_12 dark left\">\n\t<div  class=\"vc_col-sm-12 wpb_column column_container vc_column_container col no-extra-padding inherit_tablet inherit_phone\"  data-padding-pos=\"all\" data-has-bg-color=\"false\" data-bg-color=\"\" data-bg-opacity=\"1\" data-animation=\"\" data-delay=\"0\" >\n\t\t<div class=\"vc_column-inner\" >\n\t\t\t<div class=\"wpb_wrapper\">\n\t\t\t\t<div id=\"fws_69e49a39ee8b6\" data-midnight=\"\" data-column-margin=\"default\" class=\"wpb_row vc_row-fluid vc_row inner_row\"  style=\"\"><div class=\"row-bg-wrap\"> <div class=\"row-bg\" ><\/div> <\/div><div class=\"row_col_wrap_12_inner col span_12  left\">\n\t<div  class=\"vc_col-sm-12 wpb_column column_container vc_column_container col child_column no-extra-padding inherit_tablet inherit_phone\"   data-padding-pos=\"all\" data-has-bg-color=\"false\" data-bg-color=\"\" data-bg-opacity=\"1\" data-animation=\"\" data-delay=\"0\">\n\t\t<div class=\"vc_column-inner\" >\n\t\t<div class=\"wpb_wrapper\">\n\t\t\t<div class=\"nectar-split-heading\" data-align=\"center\" data-m-align=\"inherit\" data-animation-type=\"line-reveal-by-space\" data-animation-delay=\"0\" data-m-rm-animation=\"\" data-stagger=\"\" data-custom-font-size=\"true\" style=\"font-size: 26px; line-height: 28.08px;\"><h3 >H\u1ecfi \u0111\u00e1p v\u1ec1 b\u1ec7nh vi\u00eam kh\u1edbp<\/h3><\/div>\n\t\t<\/div> \n\t<\/div>\n\t<\/div> \n<\/div><\/div><div id=\"fws_69e49a39ef29b\" data-midnight=\"\" data-column-margin=\"default\" class=\"wpb_row vc_row-fluid vc_row inner_row\"  style=\"\"><div class=\"row-bg-wrap\"> <div class=\"row-bg\" ><\/div> <\/div><div class=\"row_col_wrap_12_inner col span_12  left\">\n\t<div  class=\"vc_col-sm-3 wpb_column column_container vc_column_container col child_column no-extra-padding inherit_tablet inherit_phone\"   data-padding-pos=\"all\" data-has-bg-color=\"false\" data-bg-color=\"\" data-bg-opacity=\"1\" data-animation=\"\" data-delay=\"0\">\n\t\t<div class=\"vc_column-inner\" >\n\t\t<div class=\"wpb_wrapper\">\n\t\t\t<div class=\"img-with-aniamtion-wrap\" data-max-width=\"100%\" data-max-width-mobile=\"default\" data-shadow=\"none\" data-animation=\"fade-in\" >\r\n      <div class=\"inner\">\r\n        <div class=\"hover-wrap\"> \r\n          <div class=\"hover-wrap-inner\">\r\n            <img loading=\"lazy\" decoding=\"async\" class=\"img-with-animation skip-lazy\" data-delay=\"0\" height=\"265\" width=\"400\" data-animation=\"fade-in\" src=\"https:\/\/miraclewands.com\/wp-content\/uploads\/2022\/02\/rsw_400cg_truem-1.jpg\" alt=\"\" srcset=\"https:\/\/miraclewands.com\/wp-content\/uploads\/2022\/02\/rsw_400cg_truem-1.jpg 400w, https:\/\/miraclewands.com\/wp-content\/uploads\/2022\/02\/rsw_400cg_truem-1-300x199.jpg 300w\" sizes=\"auto, (min-width: 1450px) 75vw, (min-width: 1000px) 85vw, 100vw\" \/>\r\n          <\/div>\r\n        <\/div>\r\n      <\/div>\r\n    <\/div>\n\t\t<\/div> \n\t<\/div>\n\t<\/div> \n\n\t<div  class=\"vc_col-sm-9 wpb_column column_container vc_column_container col child_column no-extra-padding inherit_tablet inherit_phone\"   data-padding-pos=\"all\" data-has-bg-color=\"false\" data-bg-color=\"\" data-bg-opacity=\"1\" data-animation=\"\" data-delay=\"0\">\n\t\t<div class=\"vc_column-inner\" >\n\t\t<div class=\"wpb_wrapper\">\n\t\t\t\r\n<div class=\"wpb_text_column wpb_content_element\" >\r\n\t<div class=\"wpb_wrapper\">\r\n\t\t<div id=\"3facfe8d-dbb9-4065-9b9c-7b96e394dc44\" class=\"x-el x-el-div x-el c1-1 c1-2 c1-11 c1-5y c1-4 c1-8d c1-9q c1-22 c1-8e c1-8f c1-b c1-c c1-7p c1-7q c1-d c1-e c1-f c1-g c1-1 c1-2 c1-b c1-c c1-d c1-e c1-f c1-g\" data-ux=\"ContentBasic\">\n<h4 class=\"x-el x-el-h4 c1-1 c1-2 c1-1k c1-1l c1-6v c1-2e c1-4e c1-1n c1-1o c1-b c1-9r c1-6l c1-1q c1-6o c1-6q c1-6r c1-6s\" role=\"heading\" aria-level=\"4\" data-ux=\"ContentHeading\" data-aid=\"CONTENT_HEADLINE1_RENDERED\" data-typography=\"HeadingDelta\">Vi\u00eam kh\u1edbp l\u00e0 g\u00ec?<\/h4>\n<div class=\"x-el c1-1 c1-2 c1-1k c1-1l c1-1m c1-1n c1-1o c1-9s c1-9t c1-9u c1-9v c1-9w c1-9x c1-9y c1-9z c1-a0 c1-a1 c1-a2 c1-a3 c1-a4 c1-a5 c1-a6 c1-a7 c1-a8 c1-a9 c1-aa c1-ab c1-ac c1-ad c1-ae c1-af c1-ag c1-ah c1-ai c1-aj c1-83 c1-b c1-ak c1-c c1-1q c1-d c1-e c1-f c1-g x-rt\" data-ux=\"ContentText\" data-aid=\"CONTENT_DESCRIPTION1_RENDERED\" data-typography=\"BodyAlpha\">\n<p><span class=\"x-el x-el-span c1-72 c1-73 c1-b c1-c c1-d c1-e c1-f c1-g\">\u00a0Vi\u00eam kh\u1edbp l\u00e0 thu\u1eadt ng\u1eef chung c\u1ee7a t\u1ea5t c\u1ea3 c\u00e1c r\u1ed1i lo\u1ea1n c\u00f3 \u1ea3nh h\u01b0\u1edfng \u0111\u1ebfn c\u1ea5u tr\u00fac v\u00e0 ho\u1ea1t \u0111\u1ed9ng c\u1ee7a kh\u1edbp. \u0110\u00e2y l\u00e0 m\u1ed9t b\u1ec7nh l\u00fd th\u01b0\u1eddng g\u1eb7p, g\u00e2y nhi\u1ec1u kh\u00f3 kh\u0103n trong sinh ho\u1ea1t v\u00e0 lao \u0111\u1ed9ng do \u0111au \u0111\u1edbn v\u00e0 l\u00e0m suy nh\u01b0\u1ee3c. Theo T\u1ed5 ch\u1ee9c Vi\u00eam kh\u1edbp, c\u00f3 h\u01a1n 100 lo\u1ea1i b\u1ec7nh vi\u00eam kh\u1edbp kh\u00e1c nhau v\u00e0 c\u00e1c b\u1ec7nh li\u00ean quan, \u1ea3nh h\u01b0\u1edfng \u0111\u1ebfn kho\u1ea3ng 5 tri\u1ec7u ng\u01b0\u1eddi M\u1ef9 tr\u01b0\u1edfng th\u00e0nh v\u00e0 300.000 tr\u1ebb em.\u00a0<\/span><\/p>\n<\/div>\n<\/div>\n<div id=\"639a1c7a-f23e-4fe3-a83e-522e3669ea2d\" class=\"x-el x-el-div x-el c1-1 c1-2 c1-11 c1-5y c1-4 c1-8d c1-9q c1-22 c1-8e c1-8f c1-b c1-c c1-7p c1-7q c1-d c1-e c1-f c1-g c1-1 c1-2 c1-b c1-c c1-d c1-e c1-f c1-g\" data-ux=\"ContentBasic\">\n<h4 class=\"x-el x-el-h4 c1-1 c1-2 c1-1k c1-1l c1-6v c1-2e c1-4e c1-1n c1-1o c1-b c1-9r c1-6l c1-1q c1-6o c1-6q c1-6r c1-6s\" role=\"heading\" aria-level=\"4\" data-ux=\"ContentHeading\" data-aid=\"CONTENT_HEADLINE2_RENDERED\" data-typography=\"HeadingDelta\">C\u00e1c lo\u1ea1i vi\u00eam kh\u1edbp ph\u1ed5 bi\u1ebfn nh\u1ea5t?<\/h4>\n<div class=\"x-el c1-1 c1-2 c1-1k c1-1l c1-1m c1-1n c1-1o c1-9s c1-9t c1-9u c1-9v c1-9w c1-9x c1-9y c1-9z c1-a0 c1-a1 c1-a2 c1-a3 c1-a4 c1-a5 c1-a6 c1-a7 c1-a8 c1-a9 c1-aa c1-ab c1-ac c1-ad c1-ae c1-af c1-ag c1-ah c1-ai c1-aj c1-83 c1-b c1-ak c1-c c1-1q c1-d c1-e c1-f c1-g x-rt\" data-ux=\"ContentText\" data-aid=\"CONTENT_DESCRIPTION2_RENDERED\" data-typography=\"BodyAlpha\">\n<p><span class=\"x-el x-el-span c1-72 c1-73 c1-b c1-c c1-d c1-e c1-f c1-g\">\u00a0Ba lo\u1ea1i vi\u00eam kh\u1edbp ph\u1ed5 bi\u1ebfn nh\u1ea5t l\u00e0 vi\u00eam x\u01b0\u01a1ng kh\u1edbp, vi\u00eam kh\u1edbp d\u1ea1ng th\u1ea5p v\u00e0 vi\u00eam kh\u1edbp sau ch\u1ea5n th\u01b0\u01a1ng.\u00a0<\/span><\/p>\n<\/div>\n<\/div>\n<div id=\"fd15ebb9-2ddf-4dae-b583-b25a194fbb51\" class=\"x-el x-el-div x-el c1-1 c1-2 c1-11 c1-5y c1-4 c1-8d c1-9q c1-22 c1-8e c1-8f c1-b c1-c c1-7p c1-7q c1-d c1-e c1-f c1-g c1-1 c1-2 c1-b c1-c c1-d c1-e c1-f c1-g\" data-ux=\"ContentBasic\">\n<h4 class=\"x-el x-el-h4 c1-1 c1-2 c1-1k c1-1l c1-6v c1-2e c1-4e c1-1n c1-1o c1-b c1-9r c1-6l c1-1q c1-6o c1-6q c1-6r c1-6s\" role=\"heading\" aria-level=\"4\" data-ux=\"ContentHeading\" data-aid=\"CONTENT_HEADLINE3_RENDERED\" data-typography=\"HeadingDelta\">Vi\u00eam x\u01b0\u01a1ng kh\u1edbp<\/h4>\n<div class=\"x-el c1-1 c1-2 c1-1k c1-1l c1-1m c1-1n c1-1o c1-9s c1-9t c1-9u c1-9v c1-9w c1-9x c1-9y c1-9z c1-a0 c1-a1 c1-a2 c1-a3 c1-a4 c1-a5 c1-a6 c1-a7 c1-a8 c1-a9 c1-aa c1-ab c1-ac c1-ad c1-ae c1-af c1-ag c1-ah c1-ai c1-aj c1-83 c1-b c1-ak c1-c c1-1q c1-d c1-e c1-f c1-g x-rt\" data-ux=\"ContentText\" data-aid=\"CONTENT_DESCRIPTION3_RENDERED\" data-typography=\"BodyAlpha\">\n<p><span class=\"x-el x-el-span c1-72 c1-73 c1-b c1-c c1-d c1-e c1-f c1-g\">\u00a0Vi\u00eam x\u01b0\u01a1ng kh\u1edbp, hay vi\u00eam kh\u1edbp \u201chao m\u00f2n\u201d, l\u00e0 lo\u1ea1i vi\u00eam kh\u1edbp ph\u1ed5 bi\u1ebfn nh\u1ea5t v\u00e0 khi\u1ebfn s\u1ee5n - m\u1ed9t ch\u1ea5t m\u1ec1m, gi\u1ed1ng nh\u01b0 \u0111\u1ec7m cho kh\u1edbp, b\u1ecb tho\u00e1i h\u00f3a. Khi nhi\u1ec1u s\u1ee5n b\u1ecb m\u00f2n \u0111i, x\u01b0\u01a1ng c\u1ee7a b\u1ea1n c\u1ecd x\u00e1t v\u00e0o nhau g\u00e2y s\u01b0ng, c\u1ee9ng v\u00e0 kh\u00f3 ch\u1ecbu n\u00f3i chung.\u00a0<\/span><\/p>\n<\/div>\n<\/div>\n<div id=\"9b74df1b-818c-403a-aa3c-335f48e8b06f\" class=\"x-el x-el-div x-el c1-1 c1-2 c1-11 c1-5y c1-4 c1-8d c1-9q c1-22 c1-8e c1-8f c1-b c1-c c1-7p c1-7q c1-d c1-e c1-f c1-g c1-1 c1-2 c1-b c1-c c1-d c1-e c1-f c1-g\" data-ux=\"ContentBasic\">\n<h4 class=\"x-el x-el-h4 c1-1 c1-2 c1-1k c1-1l c1-6v c1-2e c1-4e c1-1n c1-1o c1-b c1-9r c1-6l c1-1q c1-6o c1-6q c1-6r c1-6s\" role=\"heading\" aria-level=\"4\" data-ux=\"ContentHeading\" data-aid=\"CONTENT_HEADLINE4_RENDERED\" data-typography=\"HeadingDelta\">Vi\u00eam kh\u1edbp d\u1ea1ng th\u1ea5p<\/h4>\n<div class=\"x-el c1-1 c1-2 c1-1k c1-1l c1-1m c1-1n c1-1o c1-9s c1-9t c1-9u c1-9v c1-9w c1-9x c1-9y c1-9z c1-a0 c1-a1 c1-a2 c1-a3 c1-a4 c1-a5 c1-a6 c1-a7 c1-a8 c1-a9 c1-aa c1-ab c1-ac c1-ad c1-ae c1-af c1-ag c1-ah c1-ai c1-aj c1-83 c1-b c1-ak c1-c c1-1q c1-d c1-e c1-f c1-g x-rt\" data-ux=\"ContentText\" data-aid=\"CONTENT_DESCRIPTION4_RENDERED\" data-typography=\"BodyAlpha\">\n<p><span class=\"x-el x-el-span c1-72 c1-73 c1-b c1-c c1-d c1-e c1-f c1-g\">\u00a0Vi\u00eam kh\u1edbp d\u1ea1ng th\u1ea5p (RA) l\u00e0 m\u1ed9t b\u1ec7nh t\u1ef1 mi\u1ec5n khi\u1ebfn h\u1ec7 th\u1ed1ng mi\u1ec5n d\u1ecbch c\u1ee7a c\u01a1 th\u1ec3 t\u1ea5n c\u00f4ng c\u00e1c m\u00f4 kh\u1edbp kh\u1ecfe m\u1ea1nh. C\u00e1c tri\u1ec7u ch\u1ee9ng ph\u1ed5 bi\u1ebfn li\u00ean quan \u0111\u1ebfn RA bao g\u1ed3m c\u1ee9ng kh\u1edbp v\u00e0 \u0111au kh\u1edbp v\u00e0o bu\u1ed5i s\u00e1ng, c\u0169ng nh\u01b0 c\u00e1c bi\u1ebfn d\u1ea1ng kh\u1edbp ti\u1ebfn tri\u1ec3n. Ph\u1ee5 n\u1eef c\u00f3 nhi\u1ec1u kh\u1ea3 n\u0103ng ph\u00e1t tri\u1ec3n RA h\u01a1n nam gi\u1edbi.\u00a0<\/span><\/p>\n<\/div>\n<\/div>\n<div id=\"8f360fb6-fe33-4702-ab4d-e7c18bc73950\" class=\"x-el x-el-div x-el c1-1 c1-2 c1-11 c1-5y c1-4 c1-8d c1-9q c1-22 c1-8e c1-8f c1-b c1-c c1-7p c1-7q c1-d c1-e c1-f c1-g c1-1 c1-2 c1-b c1-c c1-d c1-e c1-f c1-g\" data-ux=\"ContentBasic\">\n<h4 class=\"x-el x-el-h4 c1-1 c1-2 c1-1k c1-1l c1-6v c1-2e c1-4e c1-1n c1-1o c1-b c1-9r c1-6l c1-1q c1-6o c1-6q c1-6r c1-6s\" role=\"heading\" aria-level=\"4\" data-ux=\"ContentHeading\" data-aid=\"CONTENT_HEADLINE5_RENDERED\" data-typography=\"HeadingDelta\">Vi\u00eam kh\u1edbp sau ch\u1ea5n th\u01b0\u01a1ng<\/h4>\n<div class=\"x-el c1-1 c1-2 c1-1k c1-1l c1-1m c1-1n c1-1o c1-9s c1-9t c1-9u c1-9v c1-9w c1-9x c1-9y c1-9z c1-a0 c1-a1 c1-a2 c1-a3 c1-a4 c1-a5 c1-a6 c1-a7 c1-a8 c1-a9 c1-aa c1-ab c1-ac c1-ad c1-ae c1-af c1-ag c1-ah c1-ai c1-aj c1-83 c1-b c1-ak c1-c c1-1q c1-d c1-e c1-f c1-g x-rt\" data-ux=\"ContentText\" data-aid=\"CONTENT_DESCRIPTION5_RENDERED\" data-typography=\"BodyAlpha\">\n<p><span class=\"x-el x-el-span c1-72 c1-73 c1-b c1-c c1-d c1-e c1-f c1-g\">\u00a0Vi\u00eam kh\u1edbp sau ch\u1ea5n th\u01b0\u01a1ng l\u00e0 b\u1ec7nh vi\u00eam kh\u1edbp ph\u00e1t tri\u1ec3n sau m\u1ed9t tai n\u1ea1n, nh\u01b0 ch\u1ea5n th\u01b0\u01a1ng li\u00ean quan \u0111\u1ebfn th\u1ec3 thao ho\u1eb7c tai n\u1ea1n xe h\u01a1i. T\u1ed5n th\u01b0\u01a1ng s\u1ee5n v\u00e0 kh\u1edbp l\u00e0m thay \u0111\u1ed5i c\u00e1ch ch\u00fang ho\u1ea1t \u0111\u1ed9ng, \u0111i\u1ec1u n\u00e0y c\u0169ng c\u00f3 th\u1ec3 khi\u1ebfn ch\u00fang b\u1ecb m\u00f2n nhanh h\u01a1n. C\u00e1c v\u1eadn \u0111\u1ed9ng vi\u00ean chuy\u00ean nghi\u1ec7p \u0111\u1eb7c bi\u1ec7t d\u1ec5 b\u1ecb vi\u00eam kh\u1edbp sau ch\u1ea5n th\u01b0\u01a1ng.\u00a0<\/span><\/p>\n<\/div>\n<\/div>\n<div id=\"89f9204d-8203-4874-8d50-6bd127d74913\" class=\"x-el x-el-div x-el c1-1 c1-2 c1-11 c1-5y c1-4 c1-8d c1-9q c1-22 c1-8e c1-8f c1-b c1-c c1-7p c1-7q c1-d c1-e c1-f c1-g c1-1 c1-2 c1-b c1-c c1-d c1-e c1-f c1-g\" data-ux=\"ContentBasic\">\n<h4 class=\"x-el x-el-h4 c1-1 c1-2 c1-1k c1-1l c1-6v c1-2e c1-4e c1-1n c1-1o c1-b c1-9r c1-6l c1-1q c1-6o c1-6q c1-6r c1-6s\" role=\"heading\" aria-level=\"4\" data-ux=\"ContentHeading\" data-aid=\"CONTENT_HEADLINE6_RENDERED\" data-typography=\"HeadingDelta\">C\u00e1c tri\u1ec7u ch\u1ee9ng c\u1ee7a b\u1ec7nh vi\u00eam kh\u1edbp?<\/h4>\n<div class=\"x-el c1-1 c1-2 c1-1k c1-1l c1-1m c1-1n c1-1o c1-9s c1-9t c1-9u c1-9v c1-9w c1-9x c1-9y c1-9z c1-a0 c1-a1 c1-a2 c1-a3 c1-a4 c1-a5 c1-a6 c1-a7 c1-a8 c1-a9 c1-aa c1-ab c1-ac c1-ad c1-ae c1-af c1-ag c1-ah c1-ai c1-aj c1-83 c1-b c1-ak c1-c c1-1q c1-d c1-e c1-f c1-g x-rt\" data-ux=\"ContentText\" data-aid=\"CONTENT_DESCRIPTION6_RENDERED\" data-typography=\"BodyAlpha\">\n<p><span class=\"x-el x-el-span c1-72 c1-73 c1-b c1-c c1-d c1-e c1-f c1-g\">\u00a0C\u00e1c tri\u1ec7u ch\u1ee9ng c\u1ee7a vi\u00eam kh\u1edbp kh\u00e1c nhau t\u00f9y thu\u1ed9c v\u00e0o lo\u1ea1i vi\u00eam kh\u1edbp m\u1eafc ph\u1ea3i v\u00e0 v\u1ecb tr\u00ed c\u1ee7a n\u00f3. M\u1ed9t s\u1ed1 d\u1ea5u hi\u1ec7u nh\u1eadn bi\u1ebft li\u00ean quan \u0111\u1ebfn vi\u00eam kh\u1edbp bao g\u1ed3m:<\/span><\/p>\n<ul>\n<li class=\"x-el x-el-span c1-72 c1-73 c1-b c1-c c1-d c1-e c1-f c1-g\">\u0110au kh\u1edbp<\/li>\n<li class=\"x-el x-el-span c1-72 c1-73 c1-b c1-c c1-d c1-e c1-f c1-g\">C\u1ee9ng kh\u1edbp<\/li>\n<li class=\"x-el x-el-span c1-72 c1-73 c1-b c1-c c1-d c1-e c1-f c1-g\">S\u01b0ng t\u1ea5y<\/li>\n<li class=\"x-el x-el-span c1-72 c1-73 c1-b c1-c c1-d c1-e c1-f c1-g\">\u0110\u1ecf v\u00e0 \u1ea5m khu v\u1ef1c xung quanh kh\u1edbp b\u1ecb \u1ea3nh h\u01b0\u1edfng<\/li>\n<li class=\"x-el x-el-span c1-72 c1-73 c1-b c1-c c1-d c1-e c1-f c1-g\">Ph\u1ea1m vi chuy\u1ec3n \u0111\u1ed9ng h\u1ea1n ch\u1ebf \u1edf c\u00e1c kh\u1edbp b\u1ecb \u1ea3nh h\u01b0\u1edfng<\/li>\n<\/ul>\n<p>&nbsp;<\/p>\n<p><span class=\"x-el x-el-span c1-72 c1-73 c1-b c1-c c1-d c1-e c1-f c1-g\">Khi vi\u00eam kh\u1edbp ti\u1ebfn tri\u1ec3n, n\u00f3 c\u00f3 th\u1ec3 g\u00e2y bi\u1ebfn d\u1ea1ng v\u1ec1 th\u1ec3 ch\u1ea5t v\u00e0 t\u00e1c \u0111\u1ed9ng ti\u00eau c\u1ef1c \u0111\u1ebfn kh\u1ea3 n\u0103ng v\u1eadn \u0111\u1ed9ng.<\/span><\/p>\n<\/div>\n<\/div>\n<div id=\"66241f76-4610-408b-8992-3a08947c5d4d\" class=\"x-el x-el-div x-el c1-1 c1-2 c1-11 c1-5y c1-4 c1-8d c1-9q c1-22 c1-8e c1-8f c1-b c1-c c1-7p c1-7q c1-d c1-e c1-f c1-g c1-1 c1-2 c1-b c1-c c1-d c1-e c1-f c1-g\" data-ux=\"ContentBasic\">\n<h4 class=\"x-el x-el-h4 c1-1 c1-2 c1-1k c1-1l c1-6v c1-2e c1-4e c1-1n c1-1o c1-b c1-9r c1-6l c1-1q c1-6o c1-6q c1-6r c1-6s\" role=\"heading\" aria-level=\"4\" data-ux=\"ContentHeading\" data-typography=\"HeadingDelta\">Miracle Wands l\u00e0 g\u00ec?<\/h4>\n<div class=\"x-el c1-1 c1-2 c1-1k c1-1l c1-1m c1-1n c1-1o c1-9s c1-9t c1-9u c1-9v c1-9w c1-9x c1-9y c1-9z c1-a0 c1-a1 c1-a2 c1-a3 c1-a4 c1-a5 c1-a6 c1-a7 c1-a8 c1-a9 c1-aa c1-ab c1-ac c1-ad c1-ae c1-af c1-ag c1-ah c1-ai c1-aj c1-83 c1-b c1-ak c1-c c1-1q c1-d c1-e c1-f c1-g x-rt\" data-ux=\"ContentText\" data-typography=\"BodyAlpha\">\n<p><span class=\"x-el x-el-span c1-72 c1-73 c1-b c1-c c1-d c1-e c1-f c1-g\">\u00a0Miracle Wands l\u00e0 ph\u01b0\u01a1ng ph\u00e1p \u0111i\u1ec1u tr\u1ecb to\u00e0n di\u1ec7n, l\u1ea5y c\u1ea3m h\u1ee9ng t\u1eeb y h\u1ecdc c\u1ed5 truy\u1ec1n Trung Qu\u1ed1c. H\u00e0ng ng\u00e0n n\u0103m tr\u01b0\u1edbc, nh\u1eefng ng\u01b0\u1eddi h\u00e0nh ngh\u1ec1 th\u1ea3o d\u01b0\u1ee3c c\u1ed5 x\u01b0a \u0111\u00e3 s\u1eed d\u1ee5ng ng\u1ea3i c\u1ee9u v\u00e0 nh\u1eefng vi\u00ean \u0111\u00e1 c\u00f3 h\u00ecnh d\u1ea1ng kh\u00e1c nhau \u0111\u1ec3 t\u1ea1o ra nhi\u1ec7t v\u00e0 \u0111i\u1ec1u tr\u1ecb nhi\u1ec1u lo\u1ea1i b\u1ec7nh, bao g\u1ed3m c\u1ea3 b\u1ec7nh vi\u00eam kh\u1edbp.\u00a0\u00a0<\/span><\/p>\n<\/div>\n<\/div>\n<div id=\"a2175c51-5347-4b42-9901-3793b3a672e3\" class=\"x-el x-el-div x-el c1-1 c1-2 c1-11 c1-5y c1-4 c1-8d c1-9q c1-22 c1-8e c1-8f c1-b c1-c c1-7p c1-7q c1-d c1-e c1-f c1-g c1-1 c1-2 c1-b c1-c c1-d c1-e c1-f c1-g\" data-ux=\"ContentBasic\">\n<h4 class=\"x-el x-el-h4 c1-1 c1-2 c1-1k c1-1l c1-6v c1-2e c1-4e c1-1n c1-1o c1-b c1-9r c1-6l c1-1q c1-6o c1-6q c1-6r c1-6s\" role=\"heading\" aria-level=\"4\" data-ux=\"ContentHeading\" data-typography=\"HeadingDelta\">Ph\u01b0\u01a1ng th\u1ee9c \u0111i\u1ec1u tr\u1ecb?<\/h4>\n<div class=\"x-el c1-1 c1-2 c1-1k c1-1l c1-1m c1-1n c1-1o c1-9s c1-9t c1-9u c1-9v c1-9w c1-9x c1-9y c1-9z c1-a0 c1-a1 c1-a2 c1-a3 c1-a4 c1-a5 c1-a6 c1-a7 c1-a8 c1-a9 c1-aa c1-ab c1-ac c1-ad c1-ae c1-af c1-ag c1-ah c1-ai c1-aj c1-83 c1-b c1-ak c1-c c1-1q c1-d c1-e c1-f c1-g x-rt\" data-ux=\"ContentText\" data-typography=\"BodyAlpha\">\n<p><span class=\"x-el x-el-span c1-72 c1-73 c1-b c1-c c1-d c1-e c1-f c1-g\">\u00a0Sau khi kh\u00e1m s\u1ee9c kh\u1ecfe to\u00e0n di\u1ec7n, Miracle Wands s\u1ebd xem x\u00e9t ti\u1ec3u s\u1eed b\u1ec7nh v\u00e0 h\u1ecfi Qu\u00fd kh\u00e1ch h\u00e0ng v\u1ec1 c\u00e1c tri\u1ec7u ch\u1ee9ng \u0111ang g\u1eb7p ph\u1ea3i.\u00a0<\/span><\/p>\n<p><span class=\"x-el x-el-span c1-72 c1-73 c1-b c1-c c1-d c1-e c1-f c1-g\">Ti\u1ebfp theo, t\u1ea1i gi\u01b0\u1eddng kh\u00e1m Miracle Wands s\u1ebd massage tinh th\u1ec3 \u0111\u00e1 qu\u00fd v\u00e0o c\u00e1c v\u00f9ng c\u1ee5 th\u1ec3 tr\u00ean c\u01a1 th\u1ec3. V\u00ed d\u1ee5: n\u1ebfu b\u1ea1n \u0111ang b\u1ecb \u0111au do vi\u00eam kh\u1edbp d\u1ea1ng th\u1ea5p, Miracle Wands s\u1ebd \u00e1p d\u1ee5ng tinh th\u1ec3 \u0111\u00e1 v\u00e0o c\u00e1c kh\u1edbp \u1edf ng\u00f3n tay v\u00e0 c\u1ed5 tay c\u1ee7a Qu\u00fd kh\u00e1ch h\u00e0ng.\u00a0<\/span><\/p>\n<p><span class=\"x-el x-el-span c1-72 c1-73 c1-b c1-c c1-d c1-e c1-f c1-g\">C\u00e1c \u0111\u1eb7c t\u00ednh trong tinh th\u1ec3 \u0111\u00e1 qu\u00fd c\u00f3 t\u00e1c d\u1ee5ng th\u00fac \u0111\u1ea9y s\u1ef1 c\u00e2n b\u1eb1ng thi\u1ebft y\u1ebfu trong c\u01a1 th\u1ec3, gi\u00fap gi\u1ea3m c\u0103ng th\u1eb3ng, gi\u1ea3m \u0111au v\u00e0 vi\u00eam.<\/span><\/p>\n<p><span class=\"x-el x-el-span c1-72 c1-73 c1-b c1-c c1-d c1-e c1-f c1-g\">\u0110\u1eebng \u0111\u1ec3 b\u1ec7nh vi\u00eam kh\u1edbp l\u00e0 t\u00e1c nh\u00e2n c\u1ea3n tr\u1edf m\u1ed9t cu\u1ed9c s\u1ed1ng kh\u1ecfe m\u1ea1nh, n\u0103ng \u0111\u1ed9ng. Nh\u1eadn t\u01b0 v\u1ea5n tr\u1ef1c ti\u1ebfp ngay h\u00f4m nay b\u1eb1ng c\u00e1ch g\u1ecdi \u0111i\u1ec7n ho\u1eb7c nh\u1ea5p v\u00e0o \u0111\u1eb7t l\u1ecbch tr\u1ef1c tuy\u1ebfn.<\/span><\/p>\n<\/div>\n<\/div>\n\t<\/div>\r\n<\/div>\r\n\r\n\r\n\r\n<a class=\"nectar-button large regular accent-color  regular-button\"  style=\"\"  href=\"https:\/\/miraclewands.com\/vi\/request-appointment\/\" data-color-override=\"false\" data-hover-color-override=\"false\" data-hover-text-color-override=\"#fff\"><span>\u0110\u1eb7t l\u1ecbch h\u1eb9n<\/span><\/a>\n\t\t<\/div> \n\t<\/div>\n\t<\/div> \n<\/div><\/div>\n\t\t\t<\/div> \n\t\t<\/div>\n\t<\/div> \n<\/div><\/div>","protected":false},"excerpt":{"rendered":"Miracle Wands Wellness Center\u2122 Arthritis affects nearly 350 million people worldwide. If you\u2019ve tried various methods of treatment and still can\u2019t find relief, you may want to consider an alternative...","protected":false},"author":1,"featured_media":0,"parent":0,"menu_order":0,"comment_status":"closed","ping_status":"closed","template":"","meta":{"_monsterinsights_skip_tracking":false,"_monsterinsights_sitenote_active":false,"_monsterinsights_sitenote_note":"","_monsterinsights_sitenote_category":0,"footnotes":""},"class_list":["post-6133","page","type-page","status-publish"],"_links":{"self":[{"href":"https:\/\/miraclewands.com\/vi\/wp-json\/wp\/v2\/pages\/6133","targetHints":{"allow":["GET"]}}],"collection":[{"href":"https:\/\/miraclewands.com\/vi\/wp-json\/wp\/v2\/pages"}],"about":[{"href":"https:\/\/miraclewands.com\/vi\/wp-json\/wp\/v2\/types\/page"}],"author":[{"embeddable":true,"href":"https:\/\/miraclewands.com\/vi\/wp-json\/wp\/v2\/users\/1"}],"replies":[{"embeddable":true,"href":"https:\/\/miraclewands.com\/vi\/wp-json\/wp\/v2\/comments?post=6133"}],"version-history":[{"count":0,"href":"https:\/\/miraclewands.com\/vi\/wp-json\/wp\/v2\/pages\/6133\/revisions"}],"wp:attachment":[{"href":"https:\/\/miraclewands.com\/vi\/wp-json\/wp\/v2\/media?parent=6133"}],"curies":[{"name":"wp","href":"https:\/\/api.w.org\/{rel}","templated":true}]}}