{"id":6152,"date":"2022-02-10T08:03:26","date_gmt":"2022-02-10T08:03:26","guid":{"rendered":"https:\/\/chivatherapy.com\/mw-dev\/?page_id=6152"},"modified":"2022-02-10T08:03:26","modified_gmt":"2022-02-10T08:03:26","slug":"asthma","status":"publish","type":"page","link":"https:\/\/miraclewands.com\/vi\/asthma\/","title":{"rendered":"Hen suy\u1ec5n - Vi\u00eam ph\u1ebf qu\u1ea3n"},"content":{"rendered":"<div id=\"fws_69e4b27179d69\"  data-column-margin=\"default\" data-midnight=\"dark\"  class=\"wpb_row vc_row-fluid vc_row  vc_row-o-equal-height vc_row-flex\"  style=\"padding-top: 0px; padding-bottom: 0px; \"><div class=\"row-bg-wrap\" data-bg-animation=\"none\" data-bg-overlay=\"false\"><div class=\"inner-wrap\"><div class=\"row-bg\"  style=\"\"><\/div><\/div><\/div><div class=\"row_col_wrap_12 col span_12 dark left\">\n\t<div style=\"margin-top: 5%; \" class=\"vc_col-sm-6 wpb_column column_container vc_column_container col no-extra-padding inherit_tablet inherit_phone border_right_desktop_1px border_color_e2e2e2 border_style_solid\"  data-padding-pos=\"all\" data-has-bg-color=\"false\" data-bg-color=\"\" data-bg-opacity=\"1\" data-animation=\"\" data-delay=\"0\" >\n\t\t<div class=\"vc_column-inner\" >\n\t\t\t<div class=\"wpb_wrapper\">\n\t\t\t\t<div class=\"nectar-split-heading\" data-align=\"default\" data-m-align=\"inherit\" data-animation-type=\"default\" data-animation-delay=\"0\" data-m-rm-animation=\"\" data-stagger=\"\" data-custom-font-size=\"false\" ><div class=\"heading-line\" > <div><h3 style=\"text-align: center;\"><span class=\"x-el x-el-span c1-72 c1-73 c1-b c1-6l c1-6o c1-6q c1-6r c1-6s\">Trung t\u00e2m ch\u0103m s\u00f3c s\u1ee9c kh\u1ecfe Miracle Wands<\/span><\/h3> <\/div> <\/div><\/div>\n\t\t\t<\/div> \n\t\t<\/div>\n\t<\/div> \n\n\t<div  class=\"vc_col-sm-6 wpb_column column_container vc_column_container col no-extra-padding inherit_tablet inherit_phone\"  data-padding-pos=\"all\" data-has-bg-color=\"false\" data-bg-color=\"\" data-bg-opacity=\"1\" data-animation=\"\" data-delay=\"0\" >\n\t\t<div class=\"vc_column-inner\" >\n\t\t\t<div class=\"wpb_wrapper\">\n\t\t\t\t\r\n<div class=\"wpb_text_column wpb_content_element\" >\r\n\t<div class=\"wpb_wrapper\">\r\n\t\t<p>Trung t\u00e2m Ki\u1ec3m so\u00e1t v\u00e0 Ph\u00f2ng ng\u1eeba D\u1ecbch b\u1ec7nh Hoa K\u1ef3 (CDC) \u01b0\u1edbc t\u00ednh c\u1ee9 13 ng\u01b0\u1eddi th\u00ec c\u00f3 1 ng\u01b0\u1eddi, t\u01b0\u01a1ng \u0111\u01b0\u01a1ng kho\u1ea3ng 25 tri\u1ec7u ng\u01b0\u1eddi M\u1ef9, \u0111ang m\u1eafc b\u1ec7nh hen suy\u1ec5n. \u0110\u1ec3 xem li\u1ec7u b\u1ea1n c\u00f3 \u0111\u1ee7 \u0111i\u1ec1u ki\u1ec7n cho ph\u01b0\u01a1ng ph\u00e1p ch\u0103m s\u00f3c s\u00e1ng t\u1ea1o n\u00e0y hay kh\u00f4ng, h\u00e3y g\u1ecdi \u0111i\u1ec7n ho\u1eb7c s\u1eed d\u1ee5ng c\u00f4ng c\u1ee5 \u0111\u1eb7t l\u1ecbch tr\u1ef1c tuy\u1ebfn \u0111\u1ec3 \u0111\u1eb7t l\u1ecbch h\u1eb9n ngay h\u00f4m nay.<\/p>\n\t<\/div>\r\n<\/div>\r\n\r\n\r\n\r\n<a class=\"nectar-button large regular accent-color  regular-button\"  style=\"\"  href=\"https:\/\/miraclewands.com\/vi\/request-appointment\/\" data-color-override=\"false\" data-hover-color-override=\"false\" data-hover-text-color-override=\"#fff\"><span>\u0110\u1eb7t l\u1ecbch h\u1eb9n<\/span><\/a>\r\n<div class=\"wpb_text_column wpb_content_element\" >\r\n\t<div class=\"wpb_wrapper\">\r\n\t\t<p><span class=\"disclaimer\" style=\"font-weight: 400;\">*Miracle Wands b\u1ed5 sung cho ch\u1ebf \u0111\u1ed9 \u0111i\u1ec1u tr\u1ecb y t\u1ebf th\u00f4ng th\u01b0\u1eddng. M\u1ed7i Qu\u00fd kh\u00e1ch h\u00e0ng ph\u1ea3i tham kh\u1ea3o \u00fd ki\u1ebfn v\u00e0 theo d\u00f5i v\u1edbi nh\u00e0 cung c\u1ea5p d\u1ecbch v\u1ee5 ch\u0103m s\u00f3c s\u1ee9c kho\u1ebb th\u01b0\u1eddng xuy\u00ean c\u1ee7a h\u1ecd.<\/span><\/p>\n\t<\/div>\r\n<\/div>\r\n\r\n\r\n\r\n\n\t\t\t<\/div> \n\t\t<\/div>\n\t<\/div> \n<\/div><\/div>\r\n\t\t<div id=\"fws_69e4b2717ad6e\"  data-column-margin=\"default\" data-midnight=\"dark\" data-top-percent=\"5%\" data-bottom-percent=\"5%\"  class=\"wpb_row vc_row-fluid vc_row full-width-section\"  style=\"padding-top: calc(100vw * 0.05); padding-bottom: calc(100vw * 0.05); \"><div class=\"row-bg-wrap\" data-bg-animation=\"none\" data-bg-overlay=\"false\"><div class=\"inner-wrap\"><div class=\"row-bg using-bg-color\"  style=\"background-color: #f6f6f6; \"><\/div><\/div><\/div><div class=\"row_col_wrap_12 col span_12 dark left\">\n\t<div  class=\"vc_col-sm-12 wpb_column column_container vc_column_container col no-extra-padding inherit_tablet inherit_phone\"  data-padding-pos=\"all\" data-has-bg-color=\"false\" data-bg-color=\"\" data-bg-opacity=\"1\" data-animation=\"\" data-delay=\"0\" >\n\t\t<div class=\"vc_column-inner\" >\n\t\t\t<div class=\"wpb_wrapper\">\n\t\t\t\t<div id=\"fws_69e4b2717b520\" data-midnight=\"\" data-column-margin=\"default\" class=\"wpb_row vc_row-fluid vc_row inner_row\"  style=\"\"><div class=\"row-bg-wrap\"> <div class=\"row-bg\" ><\/div> <\/div><div class=\"row_col_wrap_12_inner col span_12  left\">\n\t<div  class=\"vc_col-sm-3 wpb_column column_container vc_column_container col child_column no-extra-padding inherit_tablet inherit_phone\"   data-padding-pos=\"all\" data-has-bg-color=\"false\" data-bg-color=\"\" data-bg-opacity=\"1\" data-animation=\"\" data-delay=\"0\">\n\t\t<div class=\"vc_column-inner\" >\n\t\t<div class=\"wpb_wrapper\">\n\t\t\t<div class=\"img-with-aniamtion-wrap\" data-max-width=\"100%\" data-max-width-mobile=\"default\" data-shadow=\"none\" data-animation=\"fade-in\" >\r\n      <div class=\"inner\">\r\n        <div class=\"hover-wrap\"> \r\n          <div class=\"hover-wrap-inner\">\r\n            <img loading=\"lazy\" decoding=\"async\" class=\"img-with-animation skip-lazy\" data-delay=\"0\" height=\"265\" width=\"400\" data-animation=\"fade-in\" src=\"https:\/\/miraclewands.com\/wp-content\/uploads\/2022\/02\/rsw_400cg_truem-1.jpg\" alt=\"\" srcset=\"https:\/\/miraclewands.com\/wp-content\/uploads\/2022\/02\/rsw_400cg_truem-1.jpg 400w, https:\/\/miraclewands.com\/wp-content\/uploads\/2022\/02\/rsw_400cg_truem-1-300x199.jpg 300w\" sizes=\"auto, (min-width: 1450px) 75vw, (min-width: 1000px) 85vw, 100vw\" \/>\r\n          <\/div>\r\n        <\/div>\r\n      <\/div>\r\n    <\/div>\n\t\t<\/div> \n\t<\/div>\n\t<\/div> \n\n\t<div  class=\"vc_col-sm-9 wpb_column column_container vc_column_container col child_column no-extra-padding inherit_tablet inherit_phone\"   data-padding-pos=\"all\" data-has-bg-color=\"false\" data-bg-color=\"\" data-bg-opacity=\"1\" data-animation=\"\" data-delay=\"0\">\n\t\t<div class=\"vc_column-inner\" >\n\t\t<div class=\"wpb_wrapper\">\n\t\t\t\r\n<div class=\"wpb_text_column wpb_content_element\" >\r\n\t<div class=\"wpb_wrapper\">\r\n\t\t<div id=\"3facfe8d-dbb9-4065-9b9c-7b96e394dc44\" class=\"x-el x-el-div x-el c1-1 c1-2 c1-11 c1-5y c1-4 c1-8d c1-9q c1-22 c1-8e c1-8f c1-b c1-c c1-7p c1-7q c1-d c1-e c1-f c1-g c1-1 c1-2 c1-b c1-c c1-d c1-e c1-f c1-g\" data-ux=\"ContentBasic\">\n<div id=\"3facfe8d-dbb9-4065-9b9c-7b96e394dc44\" class=\"x-el x-el-div x-el c1-1 c1-2 c1-11 c1-5y c1-4 c1-8d c1-9q c1-22 c1-8e c1-8f c1-b c1-c c1-7p c1-7q c1-d c1-e c1-f c1-g c1-1 c1-2 c1-b c1-c c1-d c1-e c1-f c1-g\" data-ux=\"ContentBasic\">\n<h4 class=\"x-el x-el-h4 c1-1 c1-2 c1-1k c1-1l c1-6v c1-2e c1-4e c1-1n c1-1o c1-b c1-9r c1-6l c1-1q c1-6o c1-6q c1-6r c1-6s\" role=\"heading\" aria-level=\"4\" data-ux=\"ContentHeading\" data-aid=\"CONTENT_HEADLINE1_RENDERED\" data-typography=\"HeadingDelta\">B\u1ec7nh hen suy\u1ec5n l\u00e0 g\u00ec?<\/h4>\n<div class=\"x-el c1-1 c1-2 c1-1k c1-1l c1-1m c1-1n c1-1o c1-9s c1-9t c1-9u c1-9v c1-9w c1-9x c1-9y c1-9z c1-a0 c1-a1 c1-a2 c1-a3 c1-a4 c1-a5 c1-a6 c1-a7 c1-a8 c1-a9 c1-aa c1-ab c1-ac c1-ad c1-ae c1-af c1-ag c1-ah c1-ai c1-aj c1-83 c1-b c1-ak c1-c c1-1q c1-d c1-e c1-f c1-g x-rt\" data-ux=\"ContentText\" data-aid=\"CONTENT_DESCRIPTION1_RENDERED\" data-typography=\"BodyAlpha\">\n<p><span class=\"x-el x-el-span c1-72 c1-73 c1-b c1-c c1-d c1-e c1-f c1-g\">Hen suy\u1ec5n l\u00e0 m\u1ed9t t\u00ecnh tr\u1ea1ng h\u00f4 h\u1ea5p m\u00e3n t\u00ednh khi\u1ebfn \u0111\u01b0\u1eddng h\u00f4 h\u1ea5p b\u1ecb thu h\u1eb9p, s\u01b0ng v\u00e0 ti\u1ebft ra nhi\u1ec1u ch\u1ea5t nh\u1ea7y. M\u1ee9c \u0111\u1ed9 nghi\u00eam tr\u1ecdng c\u1ee7a b\u1ec7nh hen suy\u1ec5n kh\u00e1c nhau \u1edf m\u1ed7i b\u1ec7nh nh\u00e2n. V\u1edbi m\u1ed9t s\u1ed1 ng\u01b0\u1eddi, b\u1ec7nh hen suy\u1ec5n ch\u1ec9 l\u00e0 m\u1ed9t tri\u1ec7u ch\u1ee9ng nh\u1ecf khi\u1ebfn vi\u1ec7c t\u1eadp th\u1ec3 d\u1ee5c tr\u1edf n\u00ean kh\u00f3 kh\u0103n. \u0110\u1ed1i v\u1edbi nh\u1eefng ng\u01b0\u1eddi kh\u00e1c, \u0111\u00f3 l\u00e0 v\u1ea5n \u0111\u1ec1 \u0111e d\u1ecda t\u00ednh m\u1ea1ng v\u00e0 c\u00f3 th\u1ec3 d\u1eabn \u0111\u1ebfn c\u0103n b\u1ec7nh nghi\u00eam tr\u1ecdng.\u00a0<\/span><\/p>\n<p><span class=\"x-el x-el-span c1-72 c1-73 c1-b c1-c c1-d c1-e c1-f c1-g\">Hi\u1ec7n t\u1ea1i ch\u01b0a c\u00f3 ph\u01b0\u01a1ng ph\u00e1p ch\u1eefa kh\u1ecfi b\u1ec7nh hen suy\u1ec5n, nh\u01b0ng v\u1edbi vi\u1ec7c thay \u0111\u1ed5i l\u1ed1i s\u1ed1ng l\u00e0nh m\u1ea1nh, gi\u00e1o d\u1ee5c v\u00e0 \u0111i\u1ec1u tr\u1ecb to\u00e0n di\u1ec7n gi\u00fap ch\u00fang ta c\u00f3 th\u1ec3 s\u1ed1ng l\u00e2u, kh\u1ecfe m\u1ea1nh v\u00e0 h\u1ea1nh ph\u00fac.<\/span><\/p>\n<h4>C\u00e1c tri\u1ec7u ch\u1ee9ng c\u1ee7a b\u1ec7nh hen suy\u1ec5n?<\/h4>\n<\/div>\n<\/div>\n<div id=\"639a1c7a-f23e-4fe3-a83e-522e3669ea2d\" class=\"x-el x-el-div x-el c1-1 c1-2 c1-11 c1-5y c1-4 c1-8d c1-9q c1-22 c1-8e c1-8f c1-b c1-c c1-7p c1-7q c1-d c1-e c1-f c1-g c1-1 c1-2 c1-b c1-c c1-d c1-e c1-f c1-g\" data-ux=\"ContentBasic\">\n<div class=\"x-el c1-1 c1-2 c1-1k c1-1l c1-1m c1-1n c1-1o c1-9s c1-9t c1-9u c1-9v c1-9w c1-9x c1-9y c1-9z c1-a0 c1-a1 c1-a2 c1-a3 c1-a4 c1-a5 c1-a6 c1-a7 c1-a8 c1-a9 c1-aa c1-ab c1-ac c1-ad c1-ae c1-af c1-ag c1-ah c1-ai c1-aj c1-83 c1-b c1-ak c1-c c1-1q c1-d c1-e c1-f c1-g x-rt\" data-ux=\"ContentText\" data-aid=\"CONTENT_DESCRIPTION2_RENDERED\" data-typography=\"BodyAlpha\">\n<p><span class=\"x-el x-el-span c1-72 c1-73 c1-b c1-c c1-d c1-e c1-f c1-g\">\u00a0B\u1ec7nh hen suy\u1ec5n t\u00e1c \u0111\u1ed9ng kh\u00e1c nhau \u0111\u1ebfn m\u1ed7i b\u1ec7nh nh\u00e2n. M\u1ed9t s\u1ed1 ng\u01b0\u1eddi lu\u00f4n ph\u1ea3i c\u1ed1 g\u1eafng \u0111\u1ec3 th\u1edf, trong khi nh\u1eefng ng\u01b0\u1eddi kh\u00e1c ch\u1ec9 b\u1ecb \u1ea3nh h\u01b0\u1edfng khi t\u1eadp th\u1ec3 d\u1ee5c. M\u1ed9t s\u1ed1 d\u1ea5u hi\u1ec7u nh\u1eadn bi\u1ebft b\u1ec7nh hen suy\u1ec5n bao g\u1ed3m:<\/span><\/p>\n<ul>\n<li class=\"x-el x-el-span c1-72 c1-73 c1-b c1-c c1-d c1-e c1-f c1-g\">H\u1ee5t h\u01a1i<\/li>\n<li class=\"x-el x-el-span c1-72 c1-73 c1-b c1-c c1-d c1-e c1-f c1-g\">T\u1ee9c ng\u1ef1c<\/li>\n<li class=\"x-el x-el-span c1-72 c1-73 c1-b c1-c c1-d c1-e c1-f c1-g\">\u0110au ng\u1ef1c<\/li>\n<li class=\"x-el x-el-span c1-72 c1-73 c1-b c1-c c1-d c1-e c1-f c1-g\">Ho ho\u1eb7c th\u1edf kh\u00f2 kh\u00e8<\/li>\n<\/ul>\n<p><span class=\"x-el x-el-span c1-72 c1-73 c1-b c1-c c1-d c1-e c1-f c1-g\">Trong m\u1ed9t s\u1ed1 tr\u01b0\u1eddng h\u1ee3p, b\u1ec7nh hen suy\u1ec5n ng\u00e0y c\u00e0ng n\u1eb7ng h\u01a1n theo th\u1eddi gian. V\u00ed d\u1ee5: n\u1ebfu nh\u1eadn th\u1ea5y m\u00ecnh ph\u1ea3i s\u1eed d\u1ee5ng \u1ed1ng h\u00edt th\u01b0\u1eddng xuy\u00ean h\u01a1n, b\u1ea1n n\u00ean \u0111\u1eb7t l\u1ecbch t\u01b0 v\u1ea5n t\u1ea1i Miracle Wands Wellness Center\u2122.<\/span><\/p>\n<h4>C\u00e1c t\u00e1c nh\u00e2n g\u00e2y hen suy\u1ec5n l\u00e0 g\u00ec?<\/h4>\n<\/div>\n<\/div>\n<div id=\"fd15ebb9-2ddf-4dae-b583-b25a194fbb51\" class=\"x-el x-el-div x-el c1-1 c1-2 c1-11 c1-5y c1-4 c1-8d c1-9q c1-22 c1-8e c1-8f c1-b c1-c c1-7p c1-7q c1-d c1-e c1-f c1-g c1-1 c1-2 c1-b c1-c c1-d c1-e c1-f c1-g\" data-ux=\"ContentBasic\">\n<div class=\"x-el c1-1 c1-2 c1-1k c1-1l c1-1m c1-1n c1-1o c1-9s c1-9t c1-9u c1-9v c1-9w c1-9x c1-9y c1-9z c1-a0 c1-a1 c1-a2 c1-a3 c1-a4 c1-a5 c1-a6 c1-a7 c1-a8 c1-a9 c1-aa c1-ab c1-ac c1-ad c1-ae c1-af c1-ag c1-ah c1-ai c1-aj c1-83 c1-b c1-ak c1-c c1-1q c1-d c1-e c1-f c1-g x-rt\" data-ux=\"ContentText\" data-aid=\"CONTENT_DESCRIPTION3_RENDERED\" data-typography=\"BodyAlpha\">\n<p><span class=\"x-el x-el-span c1-72 c1-73 c1-b c1-c c1-d c1-e c1-f c1-g\">Nh\u1eefng y\u1ebfu t\u1ed1 b\u00ean ngo\u00e0i l\u00e0 t\u00e1c nh\u00e2n l\u00e0m cho b\u1ec7nh hen suy\u1ec5n ng\u00e0y c\u00e0ng n\u1eb7ng h\u01a1n. M\u1ed9t s\u1ed1 t\u00e1c nh\u00e2n g\u00e2y hen suy\u1ec5n ph\u1ed5 bi\u1ebfn nh\u1ea5t bao g\u1ed3m \u00f4 nhi\u1ec5m, kh\u00f3i thu\u1ed1c l\u00e1, n\u01b0\u1edbc hoa v\u00e0 m\u1ed9t s\u1ed1 lo\u1ea1i thu\u1ed1c.<\/span><\/p>\n<p><span class=\"x-el x-el-span c1-72 c1-73 c1-b c1-c c1-d c1-e c1-f c1-g\">N\u1ebfu b\u1ea1n b\u1ecb tr\u00e0o ng\u01b0\u1ee3c axit ho\u1eb7c hay lo l\u1eafng, b\u1ea1n c\u0169ng c\u00f3 kh\u1ea3 n\u0103ng cao b\u1ecb l\u00ean c\u01a1n hen suy\u1ec5n.<\/span><\/p>\n<h4>\u0110\u1ed1i t\u01b0\u1ee3ng ph\u00f9 h\u1ee3p s\u1eed d\u1ee5ng d\u1ecbch v\u1ee5 c\u1ee7a Miracle Wands?<\/h4>\n<\/div>\n<\/div>\n<div id=\"a8f8298e-5920-4006-82f6-eba169452c52\" class=\"x-el x-el-div x-el c1-1 c1-2 c1-11 c1-5y c1-4 c1-8d c1-9q c1-22 c1-8e c1-8f c1-b c1-c c1-7p c1-7q c1-d c1-e c1-f c1-g c1-1 c1-2 c1-b c1-c c1-d c1-e c1-f c1-g\" data-ux=\"ContentBasic\">\n<div class=\"x-el c1-1 c1-2 c1-1k c1-1l c1-1m c1-1n c1-1o c1-9s c1-9t c1-9u c1-9v c1-9w c1-9x c1-9y c1-9z c1-a0 c1-a1 c1-a2 c1-a3 c1-a4 c1-a5 c1-a6 c1-a7 c1-a8 c1-a9 c1-aa c1-ab c1-ac c1-ad c1-ae c1-af c1-ag c1-ah c1-ai c1-aj c1-83 c1-b c1-ak c1-c c1-1q c1-d c1-e c1-f c1-g x-rt\" data-ux=\"ContentText\" data-aid=\"CONTENT_DESCRIPTION4_RENDERED\" data-typography=\"BodyAlpha\">\n<p><span class=\"x-el x-el-span c1-72 c1-73 c1-b c1-c c1-d c1-e c1-f c1-g\">\u00a0N\u1ebfu b\u1ea1n l\u00e0 \u0111\u00e0n \u00f4ng hay ph\u1ee5 n\u1eef \u0111ang m\u1eafc b\u1ec7nh hen suy\u1ec5n v\u00e0 c\u00e1c ph\u01b0\u01a1ng ph\u00e1p \u0111i\u1ec1u tr\u1ecb truy\u1ec1n th\u1ed1ng kh\u00f4ng l\u00e0m gi\u1ea3m b\u1edbt c\u00e1c tri\u1ec7u ch\u1ee9ng c\u1ee7a b\u1ea1n th\u00ec li\u1ec7u ph\u00e1p Miracle Wands r\u1ea5t \u0111\u00e1ng \u0111\u1ec3 c\u00e2n nh\u1eafc. \u0110\u00e2y c\u0169ng l\u00e0 s\u1ef1 l\u1ef1a ch\u1ecdn tuy\u1ec7t v\u1eddi cho nh\u1eefng ng\u01b0\u1eddi mu\u1ed1n c\u1ea3i thi\u1ec7n s\u1ee9c kh\u1ecfe h\u00f4 h\u1ea5p m\u00e0 kh\u00f4ng c\u1ea7n d\u00f9ng thu\u1ed1c theo toa ho\u1eb7c y h\u1ecdc c\u1ed5 truy\u1ec1n ph\u01b0\u01a1ng T\u00e2y. <\/span><\/p>\n<h4>Ph\u01b0\u01a1ng th\u1ee9c \u0111i\u1ec1u tr\u1ecb?<\/h4>\n<\/div>\n<\/div>\n<div id=\"69c9e164-b25f-4402-a407-859da67d8db7\" class=\"x-el x-el-div x-el c1-1 c1-2 c1-11 c1-5y c1-4 c1-8d c1-9q c1-22 c1-8e c1-8f c1-b c1-c c1-7p c1-7q c1-d c1-e c1-f c1-g c1-1 c1-2 c1-b c1-c c1-d c1-e c1-f c1-g\" data-ux=\"ContentBasic\">\n<div class=\"x-el c1-1 c1-2 c1-1k c1-1l c1-1m c1-1n c1-1o c1-9s c1-9t c1-9u c1-9v c1-9w c1-9x c1-9y c1-9z c1-a0 c1-a1 c1-a2 c1-a3 c1-a4 c1-a5 c1-a6 c1-a7 c1-a8 c1-a9 c1-aa c1-ab c1-ac c1-ad c1-ae c1-af c1-ag c1-ah c1-ai c1-aj c1-83 c1-b c1-ak c1-c c1-1q c1-d c1-e c1-f c1-g x-rt\" data-ux=\"ContentText\" data-aid=\"CONTENT_DESCRIPTION5_RENDERED\" data-typography=\"BodyAlpha\">\n<p><span class=\"x-el x-el-span c1-72 c1-73 c1-b c1-c c1-d c1-e c1-f c1-g\">\u00a0Khi \u0111\u01b0\u1ee3c s\u1eed d\u1ee5ng th\u01b0\u1eddng xuy\u00ean, c\u00e1c tinh th\u1ec3 \u0111\u00e1 qu\u00fd c\u00f3 t\u00e1c d\u1ee5ng gi\u1ea3m vi\u00eam \u0111\u01b0\u1eddng h\u00f4 h\u1ea5p, th\u00fac \u0111\u1ea9y l\u01b0u l\u01b0\u1ee3ng m\u00e1u kh\u1ecfe m\u1ea1nh v\u00e0 c\u1ea3i thi\u1ec7n s\u1ee9c kh\u1ecfe n\u00f3i chung.\u00a0<\/span><\/p>\n<p><span class=\"x-el x-el-span c1-72 c1-73 c1-b c1-c c1-d c1-e c1-f c1-g\">T\u1ea1i bu\u1ed5i h\u1eb9n \u0111\u1ea7u ti\u00ean, Miracle Wands Wellness Center\u2122 s\u1ebd th\u1ef1c hi\u1ec7n kh\u00e1m s\u1ee9c kh\u1ecfe, xem x\u00e9t ti\u1ec3u s\u1eed b\u1ec7nh v\u00e0 h\u1ecfi Qu\u00fd kh\u00e1ch h\u00e0ng v\u1ec1 c\u00e1c tri\u1ec7u ch\u1ee9ng \u0111ang g\u1eb7p ph\u1ea3i. T\u1eeb c\u00e1c th\u00f4ng tin n\u00e0y, Miracle Wands ph\u00e1t tri\u1ec3n m\u1ed9t k\u1ebf ho\u1ea1ch \u0111i\u1ec1u tr\u1ecb bao g\u1ed3m vi\u1ec7c \u0111\u1eb7t tinh th\u1ec3 \u0111\u00e1 qu\u00fd l\u00ean c\u00e1c \u0111i\u1ec3m \u00e1p l\u1ef1c kh\u00e1c nhau tr\u00ean ng\u1ef1c v\u00e0 l\u01b0ng c\u1ee7a b\u1ea1n.<\/span><\/p>\n<p><span class=\"x-el x-el-span c1-72 c1-73 c1-b c1-c c1-d c1-e c1-f c1-g\">Vi\u1ec7c s\u1eed d\u1ee5ng tinh th\u1ec3 \u0111\u00e1 qu\u00fd \u0111\u01b0\u1ee3c cho l\u00e0 c\u00f3 t\u00e1c d\u1ee5ng k\u00edch th\u00edch s\u1ef1 c\u00e2n b\u1eb1ng v\u00e0 th\u01b0 gi\u00e3n, th\u00fac \u0111\u1ea9y vi\u1ec7c h\u00f4 h\u1ea5p d\u1ec5 d\u00e0ng h\u01a1n v\u00e0 c\u1ea3i thi\u1ec7n ch\u1ea5t l\u01b0\u1ee3ng cu\u1ed9c s\u1ed1ng.<\/span><\/p>\n<h4>\u0110i\u1ec1u g\u00ec x\u1ea3y ra sau khi \u0111i\u1ec1u tr\u1ecb li\u1ec7u ph\u00e1p Miracle Wands cho b\u1ec7nh hen suy\u1ec5n?<\/h4>\n<\/div>\n<\/div>\n<div id=\"ba4d2cf5-a751-4245-b232-85096dac02f0\" class=\"x-el x-el-div x-el c1-1 c1-2 c1-11 c1-5y c1-4 c1-8d c1-9q c1-22 c1-8e c1-8f c1-b c1-c c1-7p c1-7q c1-d c1-e c1-f c1-g c1-1 c1-2 c1-b c1-c c1-d c1-e c1-f c1-g\" data-ux=\"ContentBasic\">\n<div class=\"x-el c1-1 c1-2 c1-1k c1-1l c1-1m c1-1n c1-1o c1-9s c1-9t c1-9u c1-9v c1-9w c1-9x c1-9y c1-9z c1-a0 c1-a1 c1-a2 c1-a3 c1-a4 c1-a5 c1-a6 c1-a7 c1-a8 c1-a9 c1-aa c1-ab c1-ac c1-ad c1-ae c1-af c1-ag c1-ah c1-ai c1-aj c1-83 c1-b c1-ak c1-c c1-1q c1-d c1-e c1-f c1-g x-rt\" data-ux=\"ContentText\" data-aid=\"CONTENT_DESCRIPTION6_RENDERED\" data-typography=\"BodyAlpha\">\n<p><span class=\"x-el x-el-span c1-72 c1-73 c1-b c1-c c1-d c1-e c1-f c1-g\">\u00a0Sau l\u1ea7n \u0111i\u1ec1u tr\u1ecb \u0111\u1ea7u ti\u00ean b\u1eb1ng tinh th\u1ec3 \u0111\u00e1 qu\u00fd, Qu\u00fd kh\u00e1ch h\u00e0ng c\u00f3 th\u1ec3 nh\u1eadn th\u1ea5y c\u00e1c tri\u1ec7u ch\u1ee9ng c\u1ee7a m\u00ecnh \u0111\u01b0\u1ee3c c\u1ea3i thi\u1ec7n. Tuy nhi\u00ean, \u0111\u1ec3 \u0111\u1ea1t \u0111\u01b0\u1ee3c k\u1ebft qu\u1ea3 t\u1ed1t nh\u1ea5t c\u00f3 th\u1ec3,  ch\u00fang t\u00f4i \u0111\u1ec1 xu\u1ea5t m\u1ed9t lo\u1ea1t n\u0103m bu\u1ed5i ri\u00eang bi\u1ec7t.<\/span><\/p>\n<p><span class=\"x-el x-el-span c1-72 c1-73 c1-b c1-c c1-d c1-e c1-f c1-g\">N\u1ebfu Qu\u00fd kh\u00e1ch h\u00e0ng \u0111\u00e3 th\u1eed nhi\u1ec1u ph\u01b0\u01a1ng ph\u00e1p \u0111i\u1ec1u tr\u1ecb hen suy\u1ec5n kh\u00e1c nhau m\u00e0 kh\u00f4ng c\u00f3 k\u1ebft qu\u1ea3 th\u00ec li\u1ec7u ph\u00e1p Miracle Wands r\u1ea5t \u0111\u00e1ng \u0111\u1ec3 c\u00e2n nh\u1eafc. Nh\u1eadn t\u01b0 v\u1ea5n tr\u1ef1c ti\u1ebfp ngay h\u00f4m nay b\u1eb1ng c\u00e1ch g\u1ecdi \u0111i\u1ec7n ho\u1eb7c nh\u1ea5p v\u00e0o \u0111\u1eb7t l\u1ecbch tr\u1ef1c tuy\u1ebfn.<\/span><\/p>\n<\/div>\n<\/div>\n<\/div>\n\t<\/div>\r\n<\/div>\r\n\r\n\r\n\r\n<a class=\"nectar-button large regular accent-color  regular-button\"  style=\"\"  href=\"https:\/\/miraclewands.com\/vi\/request-appointment\/\" data-color-override=\"false\" data-hover-color-override=\"false\" data-hover-text-color-override=\"#fff\"><span>\u0110\u1eb7t l\u1ecbch h\u1eb9n<\/span><\/a>\n\t\t<\/div> \n\t<\/div>\n\t<\/div> \n<\/div><\/div>\n\t\t\t<\/div> \n\t\t<\/div>\n\t<\/div> \n<\/div><\/div>","protected":false},"excerpt":{"rendered":"Miracle Wands Wellness Center\u2122 The United States Centers for Disease Control and Prevention (CDC) estimates 1 in 13 people, or approximately 25 million Americans, are living with asthma.\u00a0 To see...","protected":false},"author":1,"featured_media":0,"parent":0,"menu_order":0,"comment_status":"closed","ping_status":"closed","template":"","meta":{"_monsterinsights_skip_tracking":false,"_monsterinsights_sitenote_active":false,"_monsterinsights_sitenote_note":"","_monsterinsights_sitenote_category":0,"footnotes":""},"class_list":["post-6152","page","type-page","status-publish"],"_links":{"self":[{"href":"https:\/\/miraclewands.com\/vi\/wp-json\/wp\/v2\/pages\/6152","targetHints":{"allow":["GET"]}}],"collection":[{"href":"https:\/\/miraclewands.com\/vi\/wp-json\/wp\/v2\/pages"}],"about":[{"href":"https:\/\/miraclewands.com\/vi\/wp-json\/wp\/v2\/types\/page"}],"author":[{"embeddable":true,"href":"https:\/\/miraclewands.com\/vi\/wp-json\/wp\/v2\/users\/1"}],"replies":[{"embeddable":true,"href":"https:\/\/miraclewands.com\/vi\/wp-json\/wp\/v2\/comments?post=6152"}],"version-history":[{"count":0,"href":"https:\/\/miraclewands.com\/vi\/wp-json\/wp\/v2\/pages\/6152\/revisions"}],"wp:attachment":[{"href":"https:\/\/miraclewands.com\/vi\/wp-json\/wp\/v2\/media?parent=6152"}],"curies":[{"name":"wp","href":"https:\/\/api.w.org\/{rel}","templated":true}]}}