{"id":6156,"date":"2022-02-10T08:11:44","date_gmt":"2022-02-10T08:11:44","guid":{"rendered":"https:\/\/chivatherapy.com\/mw-dev\/?page_id=6156"},"modified":"2022-02-10T08:11:44","modified_gmt":"2022-02-10T08:11:44","slug":"back-pain","status":"publish","type":"page","link":"https:\/\/miraclewands.com\/vi\/back-pain\/","title":{"rendered":"\u0110au l\u01b0ng"},"content":{"rendered":"<div id=\"fws_69e4b252cba23\"  data-column-margin=\"default\" data-midnight=\"dark\"  class=\"wpb_row vc_row-fluid vc_row  vc_row-o-equal-height vc_row-flex\"  style=\"padding-top: 0px; padding-bottom: 0px; \"><div class=\"row-bg-wrap\" data-bg-animation=\"none\" data-bg-overlay=\"false\"><div class=\"inner-wrap\"><div class=\"row-bg\"  style=\"\"><\/div><\/div><\/div><div class=\"row_col_wrap_12 col span_12 dark left\">\n\t<div style=\"margin-top: 5%; \" class=\"vc_col-sm-6 wpb_column column_container vc_column_container col no-extra-padding inherit_tablet inherit_phone border_right_desktop_1px border_color_e2e2e2 border_style_solid\"  data-padding-pos=\"all\" data-has-bg-color=\"false\" data-bg-color=\"\" data-bg-opacity=\"1\" data-animation=\"\" data-delay=\"0\" >\n\t\t<div class=\"vc_column-inner\" >\n\t\t\t<div class=\"wpb_wrapper\">\n\t\t\t\t<div class=\"nectar-split-heading\" data-align=\"default\" data-m-align=\"inherit\" data-animation-type=\"default\" data-animation-delay=\"0\" data-m-rm-animation=\"\" data-stagger=\"\" data-custom-font-size=\"false\" ><div class=\"heading-line\" > <div><h3 style=\"text-align: center;\"><span class=\"x-el x-el-span c1-72 c1-73 c1-b c1-6l c1-6o c1-6q c1-6r c1-6s\">Trung t\u00e2m ch\u0103m s\u00f3c s\u1ee9c kh\u1ecfe Miracle Wands<\/span><\/h3> <\/div> <\/div><\/div>\n\t\t\t<\/div> \n\t\t<\/div>\n\t<\/div> \n\n\t<div  class=\"vc_col-sm-6 wpb_column column_container vc_column_container col no-extra-padding inherit_tablet inherit_phone\"  data-padding-pos=\"all\" data-has-bg-color=\"false\" data-bg-color=\"\" data-bg-opacity=\"1\" data-animation=\"\" data-delay=\"0\" >\n\t\t<div class=\"vc_column-inner\" >\n\t\t\t<div class=\"wpb_wrapper\">\n\t\t\t\t\r\n<div class=\"wpb_text_column wpb_content_element\" >\r\n\t<div class=\"wpb_wrapper\">\r\n\t\t<p>G\u1ea7n 80% ng\u01b0\u1eddi tr\u01b0\u1edfng th\u00e0nh s\u1ebd b\u1ecb \u0111au l\u01b0ng v\u00e0o m\u1ed9t th\u1eddi \u0111i\u1ec3m n\u00e0o \u0111\u00f3 trong cu\u1ed9c \u0111\u1eddi. N\u1ebfu b\u1ea1n \u0111\u00e3 th\u1eed nhi\u1ec1u ph\u01b0\u01a1ng ph\u00e1p \u0111i\u1ec1u tr\u1ecb kh\u00e1c nhau m\u00e0 kh\u00f4ng c\u1ea3i thi\u1ec7n \u0111\u01b0\u1ee3c \u00edt nhi\u1ec1u th\u00ec \u0111\u00e3 \u0111\u1ebfn l\u00fac c\u00e2n nh\u1eafc m\u1ed9t ph\u01b0\u01a1ng ph\u00e1p thay th\u1ebf. Nh\u1eadn t\u01b0 v\u1ea5n tr\u1ef1c ti\u1ebfp ngay h\u00f4m nay b\u1eb1ng c\u00e1ch g\u1ecdi \u0111i\u1ec7n ho\u1eb7c nh\u1ea5p v\u00e0o \u0111\u1eb7t l\u1ecbch tr\u1ef1c tuy\u1ebfn.<\/p>\n\t<\/div>\r\n<\/div>\r\n\r\n\r\n\r\n<a class=\"nectar-button large regular accent-color  regular-button\"  style=\"\"  href=\"https:\/\/miraclewands.com\/vi\/request-appointment\/\" data-color-override=\"false\" data-hover-color-override=\"false\" data-hover-text-color-override=\"#fff\"><span>\u0110\u1eb7t l\u1ecbch h\u1eb9n<\/span><\/a>\r\n<div class=\"wpb_text_column wpb_content_element\" >\r\n\t<div class=\"wpb_wrapper\">\r\n\t\t<p><span class=\"disclaimer\" style=\"font-weight: 400;\">*Miracle Wands b\u1ed5 sung cho ch\u1ebf \u0111\u1ed9 \u0111i\u1ec1u tr\u1ecb y t\u1ebf th\u00f4ng th\u01b0\u1eddng. M\u1ed7i Qu\u00fd kh\u00e1ch h\u00e0ng ph\u1ea3i tham kh\u1ea3o \u00fd ki\u1ebfn v\u00e0 theo d\u00f5i v\u1edbi nh\u00e0 cung c\u1ea5p d\u1ecbch v\u1ee5 ch\u0103m s\u00f3c s\u1ee9c kho\u1ebb th\u01b0\u1eddng xuy\u00ean c\u1ee7a h\u1ecd.<\/span><\/p>\n\t<\/div>\r\n<\/div>\r\n\r\n\r\n\r\n\n\t\t\t<\/div> \n\t\t<\/div>\n\t<\/div> \n<\/div><\/div>\r\n\t\t<div id=\"fws_69e4b252cdb31\"  data-column-margin=\"default\" data-midnight=\"dark\" data-top-percent=\"5%\" data-bottom-percent=\"5%\"  class=\"wpb_row vc_row-fluid vc_row full-width-section\"  style=\"padding-top: calc(100vw * 0.05); padding-bottom: calc(100vw * 0.05); \"><div class=\"row-bg-wrap\" data-bg-animation=\"none\" data-bg-overlay=\"false\"><div class=\"inner-wrap\"><div class=\"row-bg using-bg-color\"  style=\"background-color: #f6f6f6; \"><\/div><\/div><\/div><div class=\"row_col_wrap_12 col span_12 dark left\">\n\t<div  class=\"vc_col-sm-12 wpb_column column_container vc_column_container col no-extra-padding inherit_tablet inherit_phone\"  data-padding-pos=\"all\" data-has-bg-color=\"false\" data-bg-color=\"\" data-bg-opacity=\"1\" data-animation=\"\" data-delay=\"0\" >\n\t\t<div class=\"vc_column-inner\" >\n\t\t\t<div class=\"wpb_wrapper\">\n\t\t\t\t<div id=\"fws_69e4b252ce756\" data-midnight=\"\" data-column-margin=\"default\" class=\"wpb_row vc_row-fluid vc_row inner_row\"  style=\"\"><div class=\"row-bg-wrap\"> <div class=\"row-bg\" ><\/div> <\/div><div class=\"row_col_wrap_12_inner col span_12  left\">\n\t<div  class=\"vc_col-sm-12 wpb_column column_container vc_column_container col child_column no-extra-padding inherit_tablet inherit_phone\"   data-padding-pos=\"all\" data-has-bg-color=\"false\" data-bg-color=\"\" data-bg-opacity=\"1\" data-animation=\"\" data-delay=\"0\">\n\t\t<div class=\"vc_column-inner\" >\n\t\t<div class=\"wpb_wrapper\">\n\t\t\t<div class=\"nectar-split-heading\" data-align=\"center\" data-m-align=\"inherit\" data-animation-type=\"line-reveal-by-space\" data-animation-delay=\"0\" data-m-rm-animation=\"\" data-stagger=\"\" data-custom-font-size=\"true\" style=\"font-size: 26px; line-height: 28.08px;\"><h3 >H\u1ecfi \u0111\u00e1p v\u1ec1 \u0111au l\u01b0ng<\/h3><\/div>\n\t\t<\/div> \n\t<\/div>\n\t<\/div> \n<\/div><\/div><div id=\"fws_69e4b252cf271\" data-midnight=\"\" data-column-margin=\"default\" class=\"wpb_row vc_row-fluid vc_row inner_row\"  style=\"\"><div class=\"row-bg-wrap\"> <div class=\"row-bg\" ><\/div> <\/div><div class=\"row_col_wrap_12_inner col span_12  left\">\n\t<div  class=\"vc_col-sm-3 wpb_column column_container vc_column_container col child_column no-extra-padding inherit_tablet inherit_phone\"   data-padding-pos=\"all\" data-has-bg-color=\"false\" data-bg-color=\"\" data-bg-opacity=\"1\" data-animation=\"\" data-delay=\"0\">\n\t\t<div class=\"vc_column-inner\" >\n\t\t<div class=\"wpb_wrapper\">\n\t\t\t<div class=\"img-with-aniamtion-wrap\" data-max-width=\"100%\" data-max-width-mobile=\"default\" data-shadow=\"none\" data-animation=\"fade-in\" >\r\n      <div class=\"inner\">\r\n        <div class=\"hover-wrap\"> \r\n          <div class=\"hover-wrap-inner\">\r\n            <img loading=\"lazy\" decoding=\"async\" class=\"img-with-animation skip-lazy\" data-delay=\"0\" height=\"265\" width=\"400\" data-animation=\"fade-in\" src=\"https:\/\/miraclewands.com\/wp-content\/uploads\/2022\/02\/rsw_400cg_truem-1.jpg\" alt=\"\" srcset=\"https:\/\/miraclewands.com\/wp-content\/uploads\/2022\/02\/rsw_400cg_truem-1.jpg 400w, https:\/\/miraclewands.com\/wp-content\/uploads\/2022\/02\/rsw_400cg_truem-1-300x199.jpg 300w\" sizes=\"auto, (min-width: 1450px) 75vw, (min-width: 1000px) 85vw, 100vw\" \/>\r\n          <\/div>\r\n        <\/div>\r\n      <\/div>\r\n    <\/div>\n\t\t<\/div> \n\t<\/div>\n\t<\/div> \n\n\t<div  class=\"vc_col-sm-9 wpb_column column_container vc_column_container col child_column no-extra-padding inherit_tablet inherit_phone\"   data-padding-pos=\"all\" data-has-bg-color=\"false\" data-bg-color=\"\" data-bg-opacity=\"1\" data-animation=\"\" data-delay=\"0\">\n\t\t<div class=\"vc_column-inner\" >\n\t\t<div class=\"wpb_wrapper\">\n\t\t\t\r\n<div class=\"wpb_text_column wpb_content_element\" >\r\n\t<div class=\"wpb_wrapper\">\r\n\t\t<div id=\"3facfe8d-dbb9-4065-9b9c-7b96e394dc44\" class=\"x-el x-el-div x-el c1-1 c1-2 c1-11 c1-5y c1-4 c1-8d c1-9q c1-22 c1-8e c1-8f c1-b c1-c c1-7p c1-7q c1-d c1-e c1-f c1-g c1-1 c1-2 c1-b c1-c c1-d c1-e c1-f c1-g\" data-ux=\"ContentBasic\">\n<div id=\"3facfe8d-dbb9-4065-9b9c-7b96e394dc44\" class=\"x-el x-el-div x-el c1-1 c1-2 c1-11 c1-5y c1-4 c1-8d c1-9q c1-22 c1-8e c1-8f c1-b c1-c c1-7p c1-7q c1-d c1-e c1-f c1-g c1-1 c1-2 c1-b c1-c c1-d c1-e c1-f c1-g\" data-ux=\"ContentBasic\">\n<div id=\"3facfe8d-dbb9-4065-9b9c-7b96e394dc44\" class=\"x-el x-el-div x-el c1-1 c1-2 c1-11 c1-5y c1-4 c1-8d c1-9q c1-22 c1-8e c1-8f c1-b c1-c c1-7p c1-7q c1-d c1-e c1-f c1-g c1-1 c1-2 c1-b c1-c c1-d c1-e c1-f c1-g\" data-ux=\"ContentBasic\">\n<h4 class=\"x-el x-el-h4 c1-1 c1-2 c1-1k c1-1l c1-6v c1-2e c1-4e c1-1n c1-1o c1-b c1-9r c1-6l c1-1q c1-6o c1-6q c1-6r c1-6s\" role=\"heading\" aria-level=\"4\" data-ux=\"ContentHeading\" data-aid=\"CONTENT_HEADLINE1_RENDERED\" data-typography=\"HeadingDelta\">T\u00ecnh tr\u1ea1ng ph\u1ed5 bi\u1ebfn c\u1ee7a \u0111au l\u01b0ng?<\/h4>\n<div class=\"x-el c1-1 c1-2 c1-1k c1-1l c1-1m c1-1n c1-1o c1-9s c1-9t c1-9u c1-9v c1-9w c1-9x c1-9y c1-9z c1-a0 c1-a1 c1-a2 c1-a3 c1-a4 c1-a5 c1-a6 c1-a7 c1-a8 c1-a9 c1-aa c1-ab c1-ac c1-ad c1-ae c1-af c1-ag c1-ah c1-ai c1-aj c1-83 c1-b c1-ak c1-c c1-1q c1-d c1-e c1-f c1-g x-rt\" data-ux=\"ContentText\" data-aid=\"CONTENT_DESCRIPTION1_RENDERED\" data-typography=\"BodyAlpha\">\n<p><span class=\"x-el x-el-span c1-72 c1-73 c1-b c1-c c1-d c1-e c1-f c1-g\">\u00a0\u0110au l\u01b0ng l\u00e0 nguy\u00ean nh\u00e2n ph\u1ed5 bi\u1ebfn nh\u1ea5t g\u00e2y ra t\u00ecnh tr\u1ea1ng khuy\u1ebft t\u1eadt tr\u00ean to\u00e0n c\u1ea7u. N\u00f3 \u1ea3nh h\u01b0\u1edfng \u0111\u1ebfn h\u01a1n m\u1ed9t n\u1eeda d\u00e2n s\u1ed1 v\u00e0 khi\u1ebfn ch\u00ednh ph\u1ee7 M\u1ef9 thi\u1ec7t h\u1ea1i h\u00e0ng t\u1ef7 \u0111\u00f4 la do m\u1ea5t n\u0103ng su\u1ea5t m\u1ed7i n\u0103m.<\/span><\/p>\n<p><span class=\"x-el x-el-span c1-72 c1-73 c1-b c1-c c1-d c1-e c1-f c1-g\">Nhi\u1ec1u ng\u01b0\u1eddi cho r\u1eb1ng ph\u1eabu thu\u1eadt l\u00e0 c\u00e1ch duy nh\u1ea5t \u0111\u1ec3 \u0111i\u1ec1u tr\u1ecb v\u00e0 gi\u1ea3m \u0111au l\u01b0ng, nh\u01b0ng th\u1ef1c t\u1ebf kh\u00f4ng ph\u1ea3i v\u1eady. C\u00e1c bi\u1ec7n ph\u00e1p ch\u0103m s\u00f3c v\u00e0 ph\u01b0\u01a1ng ph\u00e1p \u0111i\u1ec1u tr\u1ecb to\u00e0n di\u1ec7n nh\u01b0 li\u1ec7u ph\u00e1p Miracle Wands c\u0169ng c\u00f3 t\u00e1c d\u1ee5ng gi\u1ea3m \u0111au l\u01b0ng.\u00a0<\/span><\/p>\n<\/div>\n<\/div>\n<div id=\"639a1c7a-f23e-4fe3-a83e-522e3669ea2d\" class=\"x-el x-el-div x-el c1-1 c1-2 c1-11 c1-5y c1-4 c1-8d c1-9q c1-22 c1-8e c1-8f c1-b c1-c c1-7p c1-7q c1-d c1-e c1-f c1-g c1-1 c1-2 c1-b c1-c c1-d c1-e c1-f c1-g\" data-ux=\"ContentBasic\">\n<h4 class=\"x-el x-el-h4 c1-1 c1-2 c1-1k c1-1l c1-6v c1-2e c1-4e c1-1n c1-1o c1-b c1-9r c1-6l c1-1q c1-6o c1-6q c1-6r c1-6s\" role=\"heading\" aria-level=\"4\" data-ux=\"ContentHeading\" data-aid=\"CONTENT_HEADLINE2_RENDERED\" data-typography=\"HeadingDelta\">C\u00e1c tri\u1ec7u ch\u1ee9ng c\u1ee7a \u0111au l\u01b0ng?<\/h4>\n<div class=\"x-el c1-1 c1-2 c1-1k c1-1l c1-1m c1-1n c1-1o c1-9s c1-9t c1-9u c1-9v c1-9w c1-9x c1-9y c1-9z c1-a0 c1-a1 c1-a2 c1-a3 c1-a4 c1-a5 c1-a6 c1-a7 c1-a8 c1-a9 c1-aa c1-ab c1-ac c1-ad c1-ae c1-af c1-ag c1-ah c1-ai c1-aj c1-83 c1-b c1-ak c1-c c1-1q c1-d c1-e c1-f c1-g x-rt\" data-ux=\"ContentText\" data-aid=\"CONTENT_DESCRIPTION2_RENDERED\" data-typography=\"BodyAlpha\">\n<p><span class=\"x-el x-el-span c1-72 c1-73 c1-b c1-c c1-d c1-e c1-f c1-g\">\u00a0C\u00e1c tri\u1ec7u ch\u1ee9ng \u0111au l\u01b0ng kh\u00e1c nhau t\u00f9y thu\u1ed9c v\u00e0o ngu\u1ed3n g\u1ed1c c\u01a1n \u0111au v\u00e0 v\u1ecb tr\u00ed c\u1ee7a n\u00f3. D\u1ea5u hi\u1ec7u nh\u1eadn bi\u1ebft \u0111au l\u01b0ng bao g\u1ed3m:<\/span><\/p>\n<ul>\n<li class=\"x-el x-el-span c1-72 c1-73 c1-b c1-c c1-d c1-e c1-f c1-g\">\u0110au c\u01a1<\/li>\n<li class=\"x-el x-el-span c1-72 c1-73 c1-b c1-c c1-d c1-e c1-f c1-g\">C\u01a1n \u0111au d\u1eef d\u1ed9i, nh\u01b0 dao \u0111\u00e2m<\/li>\n<li class=\"x-el x-el-span c1-72 c1-73 c1-b c1-c c1-d c1-e c1-f c1-g\">C\u01a1n \u0111au lan xu\u1ed1ng ch\u00e2n c\u1ee7a b\u1ea1n<\/li>\n<li class=\"x-el x-el-span c1-72 c1-73 c1-b c1-c c1-d c1-e c1-f c1-g\">C\u01a1n \u0111au gi\u1ea3m d\u1ea7n khi n\u1eb1m xu\u1ed1ng<\/li>\n<\/ul>\n<p><span class=\"x-el x-el-span c1-72 c1-73 c1-b c1-c c1-d c1-e c1-f c1-g\">Ngo\u00e0i ra, \u0111au l\u01b0ng th\u01b0\u1eddng li\u00ean quan \u0111\u1ebfn ho\u1ea1t \u0111\u1ed9ng th\u1ec3 ch\u1ea5t. V\u00ed d\u1ee5: n\u1ebfu b\u1ea1n b\u1ecb \u0111au l\u01b0ng, t\u00ecnh tr\u1ea1ng n\u00e0y th\u01b0\u1eddng r\u00f5 r\u00e0ng h\u01a1n khi b\u1ea1n \u0111i b\u1ed9, ch\u1ea1y ho\u1eb7c n\u00e2ng v\u1eadt g\u00ec \u0111\u00f3.<\/span><\/p>\n<\/div>\n<\/div>\n<div id=\"fd15ebb9-2ddf-4dae-b583-b25a194fbb51\" class=\"x-el x-el-div x-el c1-1 c1-2 c1-11 c1-5y c1-4 c1-8d c1-9q c1-22 c1-8e c1-8f c1-b c1-c c1-7p c1-7q c1-d c1-e c1-f c1-g c1-1 c1-2 c1-b c1-c c1-d c1-e c1-f c1-g\" data-ux=\"ContentBasic\">\n<h4 class=\"x-el x-el-h4 c1-1 c1-2 c1-1k c1-1l c1-6v c1-2e c1-4e c1-1n c1-1o c1-b c1-9r c1-6l c1-1q c1-6o c1-6q c1-6r c1-6s\" role=\"heading\" aria-level=\"4\" data-ux=\"ContentHeading\" data-aid=\"CONTENT_HEADLINE3_RENDERED\" data-typography=\"HeadingDelta\">M\u1ed9t s\u1ed1 nguy\u00ean nh\u00e2n ph\u1ed5 bi\u1ebfn g\u00e2y \u0111au l\u01b0ng?<\/h4>\n<div class=\"x-el c1-1 c1-2 c1-1k c1-1l c1-1m c1-1n c1-1o c1-9s c1-9t c1-9u c1-9v c1-9w c1-9x c1-9y c1-9z c1-a0 c1-a1 c1-a2 c1-a3 c1-a4 c1-a5 c1-a6 c1-a7 c1-a8 c1-a9 c1-aa c1-ab c1-ac c1-ad c1-ae c1-af c1-ag c1-ah c1-ai c1-aj c1-83 c1-b c1-ak c1-c c1-1q c1-d c1-e c1-f c1-g x-rt\" data-ux=\"ContentText\" data-aid=\"CONTENT_DESCRIPTION3_RENDERED\" data-typography=\"BodyAlpha\">\n<p><span class=\"x-el x-el-span c1-72 c1-73 c1-b c1-c c1-d c1-e c1-f c1-g\">\u00a0C\u1ea5u tr\u00fac c\u01a1 x\u01b0\u01a1ng c\u1ee7a b\u1ea1n c\u1ef1c k\u1ef3 ph\u1ee9c t\u1ea1p v\u00e0 do \u0111\u00f3 d\u1ec5 b\u1ecb ch\u1ea5n th\u01b0\u01a1ng. Trung t\u00e2m ch\u0103m s\u00f3c s\u1ee9c kh\u1ecfe Miracle Wands th\u01b0\u1eddng xuy\u00ean l\u00e0m vi\u1ec7c v\u1edbi nh\u1eefng b\u1ec7nh nh\u00e2n c\u00f3 c\u00e1c tri\u1ec7u ch\u1ee9ng:<\/span><\/p>\n<div>\n<h3 class=\"x-el x-el-h4 c1-72 c1-73 c1-1k c1-1l c1-6v c1-2e c1-4e c1-1n c1-1o c1-b c1-9r c1-6l c1-1q c1-6o c1-6q c1-6r c1-6s\">C\u0103ng c\u01a1 ho\u1eb7c d\u00e2y ch\u1eb1ng<\/h3>\n<\/div>\n<p><span class=\"x-el x-el-span c1-72 c1-73 c1-b c1-c c1-d c1-e c1-f c1-g\">C\u0103ng c\u01a1 v\u00e0 d\u00e2y ch\u1eb1ng th\u01b0\u1eddng x\u1ea3y ra do ho\u1ea1t \u0111\u1ed9ng n\u00e2ng sai. N\u1ebfu c\u00f4ng vi\u1ec7c y\u00eau c\u1ea7u b\u1ea1n ph\u1ea3i mang ho\u1eb7c di chuy\u1ec3n \u0111\u1ed3 v\u1eadt, h\u00e3y lu\u00f4n c\u00fai \u1edf th\u1eaft l\u01b0ng v\u00e0 n\u00e2ng b\u1eb1ng ch\u00e2n ch\u1ee9 kh\u00f4ng ph\u1ea3i b\u1eb1ng l\u01b0ng.<\/span><\/p>\n<div>\n<h3 class=\"x-el x-el-h4 c1-72 c1-73 c1-1k c1-1l c1-6v c1-2e c1-4e c1-1n c1-1o c1-b c1-9r c1-6l c1-1q c1-6o c1-6q c1-6r c1-6s\">Vi\u00eam kh\u1edbp - \u0110au nh\u1ee9c th\u1ea5p kh\u1edbp<\/h3>\n<\/div>\n<p><span class=\"x-el x-el-span c1-72 c1-73 c1-b c1-c c1-d c1-e c1-f c1-g\">Vi\u00eam x\u01b0\u01a1ng kh\u1edbp c\u00f3 xu h\u01b0\u1edbng ph\u00e1t tri\u1ec3n \u1edf l\u01b0ng d\u01b0\u1edbi. M\u1ed9t lo\u1ea1i vi\u00eam kh\u1edbp kh\u00e1c, \u0111\u01b0\u1ee3c g\u1ecdi l\u00e0 h\u1eb9p \u1ed1ng s\u1ed1ng, c\u00f3 th\u1ec3 khi\u1ebfn \u1ed1ng s\u1ed1ng c\u1ee7a b\u1ea1n b\u1ecb thu h\u1eb9p, g\u00e2y \u00e1p l\u1ef1c l\u00ean c\u00e1c d\u00e2y th\u1ea7n kinh b\u00ean trong c\u1ed9t s\u1ed1ng.<\/span><\/p>\n<div>\n<h3 class=\"x-el x-el-h4 c1-72 c1-73 c1-1k c1-1l c1-6v c1-2e c1-4e c1-1n c1-1o c1-b c1-9r c1-6l c1-1q c1-6o c1-6q c1-6r c1-6s\">Lo\u00e3ng x\u01b0\u01a1ng<\/h3>\n<\/div>\n<p><span class=\"x-el x-el-span c1-72 c1-73 c1-b c1-c c1-d c1-e c1-f c1-g\">Lo\u00e3ng x\u01b0\u01a1ng l\u00e0 m\u1ed9t b\u1ec7nh tho\u00e1i h\u00f3a khi\u1ebfn x\u01b0\u01a1ng c\u1ee7a b\u1ea1n tr\u1edf n\u00ean x\u1ed1p v\u00e0 d\u1ec5 g\u00e3y. N\u1ebfu kh\u00f4ng \u0111\u01b0\u1ee3c \u0111i\u1ec1u tr\u1ecb, ch\u1ee9ng lo\u00e3ng x\u01b0\u01a1ng c\u00f3 th\u1ec3 \u1ea3nh h\u01b0\u1edfng \u0111\u1ebfn \u0111\u1ed1t s\u1ed1ng c\u1ee7a b\u1ea1n, khi\u1ebfn ch\u00fang b\u1ecb g\u00e3y do n\u00e9n.<\/span><\/p>\n<div>\n<h3 class=\"x-el x-el-h4 c1-72 c1-73 c1-1k c1-1l c1-6v c1-2e c1-4e c1-1n c1-1o c1-b c1-9r c1-6l c1-1q c1-6o c1-6q c1-6r c1-6s\">\u0110\u0129a \u0111\u1ec7m b\u1ecb tr\u01b0\u1ee3t<\/h3>\n<\/div>\n<p><span class=\"x-el x-el-span c1-72 c1-73 c1-b c1-c c1-d c1-e c1-f c1-g\">Gi\u1eefa m\u1ed7i \u0111\u1ed1t s\u1ed1ng l\u00e0 m\u1ed9t \u0111\u0129a \u0111\u1ec7m m\u1ec1m c\u00f3 t\u00e1c d\u1ee5ng nh\u01b0 m\u1ed9t t\u1ea5m \u0111\u1ec7m. N\u1ebfu m\u1ed9t ho\u1eb7c nhi\u1ec1u \u0111\u0129a \u0111\u1ec7m n\u00e0y b\u1ecb tr\u01b0\u1ee3t, n\u00f3 c\u00f3 th\u1ec3 g\u00e2y \u00e1p l\u1ef1c l\u00ean c\u00e1c d\u00e2y th\u1ea7n kinh \u1edf c\u1ed9t s\u1ed1ng, g\u00e2y \u0111au \u0111\u1edbn d\u1eef d\u1ed9i.<\/span><\/p>\n<\/div>\n<\/div>\n<div id=\"69e716a9-91b2-4cda-9c75-1a43169808ff\" class=\"x-el x-el-div x-el c1-1 c1-2 c1-11 c1-5y c1-4 c1-8d c1-9q c1-22 c1-8e c1-8f c1-b c1-c c1-7p c1-7q c1-d c1-e c1-f c1-g c1-1 c1-2 c1-b c1-c c1-d c1-e c1-f c1-g\" data-ux=\"ContentBasic\">\n<h4 class=\"x-el x-el-h4 c1-1 c1-2 c1-1k c1-1l c1-6v c1-2e c1-4e c1-1n c1-1o c1-b c1-9r c1-6l c1-1q c1-6o c1-6q c1-6r c1-6s\" role=\"heading\" aria-level=\"4\" data-ux=\"ContentHeading\" data-aid=\"CONTENT_HEADLINE4_RENDERED\" data-typography=\"HeadingDelta\">Ph\u01b0\u01a1ng th\u1ee9c \u0111i\u1ec1u tr\u1ecb?<\/h4>\n<div class=\"x-el c1-1 c1-2 c1-1k c1-1l c1-1m c1-1n c1-1o c1-9s c1-9t c1-9u c1-9v c1-9w c1-9x c1-9y c1-9z c1-a0 c1-a1 c1-a2 c1-a3 c1-a4 c1-a5 c1-a6 c1-a7 c1-a8 c1-a9 c1-aa c1-ab c1-ac c1-ad c1-ae c1-af c1-ag c1-ah c1-ai c1-aj c1-83 c1-b c1-ak c1-c c1-1q c1-d c1-e c1-f c1-g x-rt\" data-ux=\"ContentText\" data-aid=\"CONTENT_DESCRIPTION4_RENDERED\" data-typography=\"BodyAlpha\">\n<p><span class=\"x-el x-el-span c1-72 c1-73 c1-b c1-c c1-d c1-e c1-f c1-g\">\u00a0Li\u1ec7u ph\u00e1p s\u1eed d\u1ee5ng tinh th\u1ec3 \u0111\u00e1 qu\u00fd \u0111\u01b0\u1ee3c x\u00e2y d\u1ef1ng d\u1ef1a tr\u00ean y h\u1ecdc Trung Qu\u1ed1c c\u1ed5 \u0111\u1ea1i b\u1eb1ng c\u00e1ch s\u1eed d\u1ee5ng li\u1ec7u ph\u00e1p nhi\u1ec7t \u0111\u1ec3 th\u00fac \u0111\u1ea9y tu\u1ea7n ho\u00e0n, gi\u1ea3m s\u01b0ng v\u00e0 gi\u1ea3m \u0111au.\u00a0<\/span><\/p>\n<p><span class=\"x-el x-el-span c1-72 c1-73 c1-b c1-c c1-d c1-e c1-f c1-g\">Trong qu\u00e1 tr\u00ecnh \u0111i\u1ec1u tr\u1ecb, Miracle Wands Wellness Center\u2122 s\u1ebd \u0111\u1eb7t tinh th\u1ec3 \u0111\u00e1 qu\u00fd l\u00ean c\u00e1c \u0111i\u1ec3m \u00e1p l\u1ef1c kh\u00e1c nhau tr\u00ean l\u01b0ng c\u1ee7a b\u1ea1n, khuy\u1ebfn kh\u00edch t\u00e1i t\u1ea1o t\u1ebf b\u00e0o v\u00e0 gi\u1ea3i n\u00e9n c\u1ed9t s\u1ed1ng.<\/span><\/p>\n<\/div>\n<\/div>\n<div id=\"faf7377c-1057-44be-9795-d03083578248\" class=\"x-el x-el-div x-el c1-1 c1-2 c1-11 c1-5y c1-4 c1-8d c1-9q c1-22 c1-8e c1-8f c1-b c1-c c1-7p c1-7q c1-d c1-e c1-f c1-g c1-1 c1-2 c1-b c1-c c1-d c1-e c1-f c1-g\" data-ux=\"ContentBasic\">\n<h4 class=\"x-el x-el-h4 c1-1 c1-2 c1-1k c1-1l c1-6v c1-2e c1-4e c1-1n c1-1o c1-b c1-9r c1-6l c1-1q c1-6o c1-6q c1-6r c1-6s\" role=\"heading\" aria-level=\"4\" data-ux=\"ContentHeading\" data-aid=\"CONTENT_HEADLINE5_RENDERED\" data-typography=\"HeadingDelta\">C\u1ea5u t\u1ea1o c\u1ee7a Miracle Wands?<\/h4>\n<div class=\"x-el c1-1 c1-2 c1-1k c1-1l c1-1m c1-1n c1-1o c1-9s c1-9t c1-9u c1-9v c1-9w c1-9x c1-9y c1-9z c1-a0 c1-a1 c1-a2 c1-a3 c1-a4 c1-a5 c1-a6 c1-a7 c1-a8 c1-a9 c1-aa c1-ab c1-ac c1-ad c1-ae c1-af c1-ag c1-ah c1-ai c1-aj c1-83 c1-b c1-ak c1-c c1-1q c1-d c1-e c1-f c1-g x-rt\" data-ux=\"ContentText\" data-aid=\"CONTENT_DESCRIPTION5_RENDERED\" data-typography=\"BodyAlpha\">\n<p><span class=\"x-el x-el-span c1-72 c1-73 c1-b c1-c c1-d c1-e c1-f c1-g\">\u00a0C\u00e1c tinh th\u1ec3 \u0111\u00e1 qu\u00fd c\u1ee7a Trung t\u00e2m ch\u0103m s\u00f3c s\u1ee9c kh\u1ecfe Miracle Wands\u2122 \u0111\u1ebfn t\u1eeb Queensland, Australia, \u0111\u1eb7c bi\u1ec7t l\u00e0 v\u00f9ng Mount Isa. Tinh th\u1ec3 \u0111\u00e1 s\u1eed d\u1ee5ng \u0111\u01b0\u1ee3c l\u00e0m t\u1eeb \u0111\u00e1 composite v\u00e0 \u0111\u01b0\u1ee3c thi\u1ebft k\u1ebf \u0111\u1eb7c bi\u1ec7t \u0111\u1ec3 \u1ee9ng d\u1ee5ng tr\u00ean nhi\u1ec1u \u0111i\u1ec3m ch\u1ecbu \u00e1p l\u1ef1c kh\u00e1c nhau.\u00a0<\/span><\/p>\n<p><span class=\"x-el x-el-span c1-72 c1-73 c1-b c1-c c1-d c1-e c1-f c1-g\">\u0110\u1eebng \u0111\u1ec3 ch\u1ee9ng \u0111au l\u01b0ng m\u00e3n t\u00ednh ng\u0103n c\u1ea3n b\u1ea1n tham gia c\u00e1c ho\u1ea1t \u0111\u1ed9ng v\u00e0 c\u00e1c d\u1ecbp s\u1ef1 ki\u1ec7n \u0111\u1eb7c bi\u1ec7t. Nh\u1eadn t\u01b0 v\u1ea5n tr\u1ef1c ti\u1ebfp ngay h\u00f4m nay b\u1eb1ng c\u00e1ch g\u1ecdi \u0111i\u1ec7n ho\u1eb7c nh\u1ea5p v\u00e0o \u0111\u1eb7t l\u1ecbch tr\u1ef1c tuy\u1ebfn.<\/span><\/p>\n<\/div>\n<\/div>\n<\/div>\n<\/div>\n\t<\/div>\r\n<\/div>\r\n\r\n\r\n\r\n<a class=\"nectar-button large regular accent-color  regular-button\"  style=\"\"  href=\"https:\/\/miraclewands.com\/vi\/request-appointment\/\" data-color-override=\"false\" data-hover-color-override=\"false\" data-hover-text-color-override=\"#fff\"><span>\u0110\u1eb7t l\u1ecbch h\u1eb9n<\/span><\/a>\n\t\t<\/div> \n\t<\/div>\n\t<\/div> \n<\/div><\/div>\n\t\t\t<\/div> \n\t\t<\/div>\n\t<\/div> \n<\/div><\/div>","protected":false},"excerpt":{"rendered":"Miracle Wands Wellness Center\u2122 Nearly 80% of all adults will experience back pain at some point during their lives. If you\u2019ve tried various treatments with little or no improvement, it\u2019s...","protected":false},"author":1,"featured_media":0,"parent":0,"menu_order":0,"comment_status":"closed","ping_status":"closed","template":"","meta":{"_monsterinsights_skip_tracking":false,"_monsterinsights_sitenote_active":false,"_monsterinsights_sitenote_note":"","_monsterinsights_sitenote_category":0,"footnotes":""},"class_list":["post-6156","page","type-page","status-publish"],"_links":{"self":[{"href":"https:\/\/miraclewands.com\/vi\/wp-json\/wp\/v2\/pages\/6156","targetHints":{"allow":["GET"]}}],"collection":[{"href":"https:\/\/miraclewands.com\/vi\/wp-json\/wp\/v2\/pages"}],"about":[{"href":"https:\/\/miraclewands.com\/vi\/wp-json\/wp\/v2\/types\/page"}],"author":[{"embeddable":true,"href":"https:\/\/miraclewands.com\/vi\/wp-json\/wp\/v2\/users\/1"}],"replies":[{"embeddable":true,"href":"https:\/\/miraclewands.com\/vi\/wp-json\/wp\/v2\/comments?post=6156"}],"version-history":[{"count":0,"href":"https:\/\/miraclewands.com\/vi\/wp-json\/wp\/v2\/pages\/6156\/revisions"}],"wp:attachment":[{"href":"https:\/\/miraclewands.com\/vi\/wp-json\/wp\/v2\/media?parent=6156"}],"curies":[{"name":"wp","href":"https:\/\/api.w.org\/{rel}","templated":true}]}}