{"id":6159,"date":"2022-02-10T08:16:05","date_gmt":"2022-02-10T08:16:05","guid":{"rendered":"https:\/\/chivatherapy.com\/mw-dev\/?page_id=6159"},"modified":"2022-02-10T08:16:05","modified_gmt":"2022-02-10T08:16:05","slug":"high-blood-pressure","status":"publish","type":"page","link":"https:\/\/miraclewands.com\/vi\/high-blood-pressure\/","title":{"rendered":"Huy\u1ebft \u00e1p cao"},"content":{"rendered":"<div id=\"fws_69e4994f711a9\"  data-column-margin=\"default\" data-midnight=\"dark\"  class=\"wpb_row vc_row-fluid vc_row  vc_row-o-equal-height vc_row-flex\"  style=\"padding-top: 0px; padding-bottom: 0px; \"><div class=\"row-bg-wrap\" data-bg-animation=\"none\" data-bg-overlay=\"false\"><div class=\"inner-wrap\"><div class=\"row-bg\"  style=\"\"><\/div><\/div><\/div><div class=\"row_col_wrap_12 col span_12 dark left\">\n\t<div style=\"margin-top: 5%; \" class=\"vc_col-sm-6 wpb_column column_container vc_column_container col no-extra-padding inherit_tablet inherit_phone border_right_desktop_1px border_color_e2e2e2 border_style_solid\"  data-padding-pos=\"all\" data-has-bg-color=\"false\" data-bg-color=\"\" data-bg-opacity=\"1\" data-animation=\"\" data-delay=\"0\" >\n\t\t<div class=\"vc_column-inner\" >\n\t\t\t<div class=\"wpb_wrapper\">\n\t\t\t\t<div class=\"nectar-split-heading\" data-align=\"default\" data-m-align=\"inherit\" data-animation-type=\"default\" data-animation-delay=\"0\" data-m-rm-animation=\"\" data-stagger=\"\" data-custom-font-size=\"false\" ><div class=\"heading-line\" > <div><p>Trung t\u00e2m ch\u0103m s\u00f3c s\u1ee9c kh\u1ecfe Miracle Wands<\/p> <\/div> <\/div><div class=\"heading-line\" > <div><p>&nbsp;<\/p> <\/div> <\/div><div class=\"heading-line\" > <div><p>Med Spa &amp; Holistic Treatment Center located in Huntington Beach, CA<\/p> <\/div> <\/div><\/div>\n\t\t\t<\/div> \n\t\t<\/div>\n\t<\/div> \n\n\t<div  class=\"vc_col-sm-6 wpb_column column_container vc_column_container col no-extra-padding inherit_tablet inherit_phone\"  data-padding-pos=\"all\" data-has-bg-color=\"false\" data-bg-color=\"\" data-bg-opacity=\"1\" data-animation=\"\" data-delay=\"0\" >\n\t\t<div class=\"vc_column-inner\" >\n\t\t\t<div class=\"wpb_wrapper\">\n\t\t\t\t\r\n<div class=\"wpb_text_column wpb_content_element\" >\r\n\t<div class=\"wpb_wrapper\">\r\n\t\t<p>Hi\u1ec7p h\u1ed9i Tim m\u1ea1ch Hoa K\u1ef3 \u01b0\u1edbc t\u00ednh c\u00f3 75 tri\u1ec7u ng\u01b0\u1eddi M\u1ef9 \u0111ang s\u1ed1ng chung v\u1edbi b\u1ec7nh cao huy\u1ebft \u00e1p. N\u1ebfu kh\u00f4ng \u0111\u01b0\u1ee3c \u0111i\u1ec1u tr\u1ecb, huy\u1ebft \u00e1p cao s\u1ebd l\u00e0m t\u0103ng nguy c\u01a1 m\u1eafc c\u00e1c b\u00eanh v\u1ec1 s\u1ee9c kh\u1ecfe bao g\u1ed3m \u0111au tim v\u00e0 \u0111\u1ed9t qu\u1ef5. Nh\u1eadn t\u01b0 v\u1ea5n tr\u1ef1c ti\u1ebfp ngay h\u00f4m nay b\u1eb1ng c\u00e1ch g\u1ecdi \u0111i\u1ec7n ho\u1eb7c nh\u1ea5p v\u00e0o \u0111\u1eb7t l\u1ecbch tr\u1ef1c tuy\u1ebfn.<\/p>\n\t<\/div>\r\n<\/div>\r\n\r\n\r\n\r\n<a class=\"nectar-button large regular accent-color  regular-button\"  style=\"\"  href=\"#\" data-color-override=\"false\" data-hover-color-override=\"false\" data-hover-text-color-override=\"#fff\"><span>\u0110\u1eb7t l\u1ecbch h\u1eb9n<\/span><\/a>\r\n<div class=\"wpb_text_column wpb_content_element\" >\r\n\t<div class=\"wpb_wrapper\">\r\n\t\t<p><span class=\"disclaimer\" style=\"font-weight: 400;\">*Miracle Wands b\u1ed5 sung cho ch\u1ebf \u0111\u1ed9 \u0111i\u1ec1u tr\u1ecb y t\u1ebf th\u00f4ng th\u01b0\u1eddng. M\u1ed7i Qu\u00fd kh\u00e1ch h\u00e0ng ph\u1ea3i tham kh\u1ea3o \u00fd ki\u1ebfn v\u00e0 theo d\u00f5i v\u1edbi nh\u00e0 cung c\u1ea5p d\u1ecbch v\u1ee5 ch\u0103m s\u00f3c s\u1ee9c kho\u1ebb th\u01b0\u1eddng xuy\u00ean c\u1ee7a h\u1ecd.<\/span><\/p>\n\t<\/div>\r\n<\/div>\r\n\r\n\r\n\r\n\n\t\t\t<\/div> \n\t\t<\/div>\n\t<\/div> \n<\/div><\/div>\r\n\t\t<div id=\"fws_69e4994f71f2c\"  data-column-margin=\"default\" data-midnight=\"dark\" data-top-percent=\"5%\" data-bottom-percent=\"5%\"  class=\"wpb_row vc_row-fluid vc_row full-width-section\"  style=\"padding-top: calc(100vw * 0.05); padding-bottom: calc(100vw * 0.05); \"><div class=\"row-bg-wrap\" data-bg-animation=\"none\" data-bg-overlay=\"false\"><div class=\"inner-wrap\"><div class=\"row-bg using-bg-color\"  style=\"background-color: #f6f6f6; \"><\/div><\/div><\/div><div class=\"row_col_wrap_12 col span_12 dark left\">\n\t<div  class=\"vc_col-sm-12 wpb_column column_container vc_column_container col no-extra-padding inherit_tablet inherit_phone\"  data-padding-pos=\"all\" data-has-bg-color=\"false\" data-bg-color=\"\" data-bg-opacity=\"1\" data-animation=\"\" data-delay=\"0\" >\n\t\t<div class=\"vc_column-inner\" >\n\t\t\t<div class=\"wpb_wrapper\">\n\t\t\t\t<div id=\"fws_69e4994f724b3\" data-midnight=\"\" data-column-margin=\"default\" class=\"wpb_row vc_row-fluid vc_row inner_row\"  style=\"\"><div class=\"row-bg-wrap\"> <div class=\"row-bg\" ><\/div> <\/div><div class=\"row_col_wrap_12_inner col span_12  left\">\n\t<div  class=\"vc_col-sm-12 wpb_column column_container vc_column_container col child_column no-extra-padding inherit_tablet inherit_phone\"   data-padding-pos=\"all\" data-has-bg-color=\"false\" data-bg-color=\"\" data-bg-opacity=\"1\" data-animation=\"\" data-delay=\"0\">\n\t\t<div class=\"vc_column-inner\" >\n\t\t<div class=\"wpb_wrapper\">\n\t\t\t<div class=\"nectar-split-heading\" data-align=\"center\" data-m-align=\"inherit\" data-animation-type=\"line-reveal-by-space\" data-animation-delay=\"0\" data-m-rm-animation=\"\" data-stagger=\"\" data-custom-font-size=\"true\" style=\"font-size: 26px; line-height: 28.08px;\"><h3 >H\u1ecfi \u0111\u00e1p v\u1ec1 huy\u1ebft \u00e1p cao<\/h3><\/div>\n\t\t<\/div> \n\t<\/div>\n\t<\/div> \n<\/div><\/div><div id=\"fws_69e4994f72a3e\" data-midnight=\"\" data-column-margin=\"default\" class=\"wpb_row vc_row-fluid vc_row inner_row\"  style=\"\"><div class=\"row-bg-wrap\"> <div class=\"row-bg\" ><\/div> <\/div><div class=\"row_col_wrap_12_inner col span_12  left\">\n\t<div  class=\"vc_col-sm-3 wpb_column column_container vc_column_container col child_column no-extra-padding inherit_tablet inherit_phone\"   data-padding-pos=\"all\" data-has-bg-color=\"false\" data-bg-color=\"\" data-bg-opacity=\"1\" data-animation=\"\" data-delay=\"0\">\n\t\t<div class=\"vc_column-inner\" >\n\t\t<div class=\"wpb_wrapper\">\n\t\t\t<div class=\"img-with-aniamtion-wrap\" data-max-width=\"100%\" data-max-width-mobile=\"default\" data-shadow=\"none\" data-animation=\"fade-in\" >\r\n      <div class=\"inner\">\r\n        <div class=\"hover-wrap\"> \r\n          <div class=\"hover-wrap-inner\">\r\n            <img loading=\"lazy\" decoding=\"async\" class=\"img-with-animation skip-lazy\" data-delay=\"0\" height=\"265\" width=\"400\" data-animation=\"fade-in\" src=\"https:\/\/miraclewands.com\/wp-content\/uploads\/2022\/02\/rsw_400cg_truem-1.jpg\" alt=\"\" srcset=\"https:\/\/miraclewands.com\/wp-content\/uploads\/2022\/02\/rsw_400cg_truem-1.jpg 400w, https:\/\/miraclewands.com\/wp-content\/uploads\/2022\/02\/rsw_400cg_truem-1-300x199.jpg 300w\" sizes=\"auto, (min-width: 1450px) 75vw, (min-width: 1000px) 85vw, 100vw\" \/>\r\n          <\/div>\r\n        <\/div>\r\n      <\/div>\r\n    <\/div>\n\t\t<\/div> \n\t<\/div>\n\t<\/div> \n\n\t<div  class=\"vc_col-sm-9 wpb_column column_container vc_column_container col child_column no-extra-padding inherit_tablet inherit_phone\"   data-padding-pos=\"all\" data-has-bg-color=\"false\" data-bg-color=\"\" data-bg-opacity=\"1\" data-animation=\"\" data-delay=\"0\">\n\t\t<div class=\"vc_column-inner\" >\n\t\t<div class=\"wpb_wrapper\">\n\t\t\t\r\n<div class=\"wpb_text_column wpb_content_element\" >\r\n\t<div class=\"wpb_wrapper\">\r\n\t\t<div id=\"3facfe8d-dbb9-4065-9b9c-7b96e394dc44\" class=\"x-el x-el-div x-el c1-1 c1-2 c1-11 c1-5y c1-4 c1-8d c1-9q c1-22 c1-8e c1-8f c1-b c1-c c1-7p c1-7q c1-d c1-e c1-f c1-g c1-1 c1-2 c1-b c1-c c1-d c1-e c1-f c1-g\" data-ux=\"ContentBasic\">\n<h4 class=\"x-el x-el-h4 c1-1 c1-2 c1-1k c1-1l c1-6v c1-2e c1-4e c1-1n c1-1o c1-b c1-9r c1-6l c1-1q c1-6o c1-6q c1-6r c1-6s\" role=\"heading\" aria-level=\"4\" data-ux=\"ContentHeading\" data-aid=\"CONTENT_HEADLINE1_RENDERED\" data-typography=\"HeadingDelta\">Huy\u1ebft \u00e1p cao l\u00e0 g\u00ec?<\/h4>\n<div class=\"x-el c1-1 c1-2 c1-1k c1-1l c1-1m c1-1n c1-1o c1-9s c1-9t c1-9u c1-9v c1-9w c1-9x c1-9y c1-9z c1-a0 c1-a1 c1-a2 c1-a3 c1-a4 c1-a5 c1-a6 c1-a7 c1-a8 c1-a9 c1-aa c1-ab c1-ac c1-ad c1-ae c1-af c1-ag c1-ah c1-ai c1-aj c1-83 c1-b c1-ak c1-c c1-1q c1-d c1-e c1-f c1-g x-rt\" data-ux=\"ContentText\" data-aid=\"CONTENT_DESCRIPTION1_RENDERED\" data-typography=\"BodyAlpha\">\n<p><span class=\"x-el x-el-span c1-72 c1-73 c1-b c1-c c1-d c1-e c1-f c1-g\">\u00a0Huy\u1ebft \u00e1p l\u00e0 th\u01b0\u1edbc \u0111o l\u1ef1c b\u01a1m m\u00e1u l\u00ean th\u00e0nh \u0111\u1ed9ng m\u1ea1ch c\u1ee7a b\u1ea1n. Huy\u1ebft \u00e1p l\u00e0 c\u1ea7n thi\u1ebft \u0111\u1ec3 gi\u00fap tu\u1ea7n ho\u00e0n m\u00e1u t\u1ed1t, nh\u01b0ng huy\u1ebft \u00e1p t\u0103ng cao trong kho\u1ea3ng th\u1eddi gian d\u00e0i s\u1ebd l\u00e0m h\u1ecfng \u0111\u1ed9ng m\u1ea1ch v\u00e0 l\u00e0m t\u0103ng nguy c\u01a1 m\u1eafc c\u00e1c v\u1ea5n \u0111\u1ec1 v\u1ec1 tim m\u1ea1ch.<\/span><\/p>\n<p><span class=\"x-el x-el-span c1-72 c1-73 c1-b c1-c c1-d c1-e c1-f c1-g\">Huy\u1ebft \u00e1p cao l\u00e0 m\u1ed9t b\u1ec7nh l\u00fd nghi\u00eam tr\u1ecdng nh\u01b0ng n\u1ebfu \u0111\u01b0\u1ee3c ph\u00e1t hi\u1ec7n s\u1edbm s\u1ebd d\u1ec5 d\u00e0ng \u0111i\u1ec1u tr\u1ecb.<\/span><\/p>\n<\/div>\n<\/div>\n<div id=\"639a1c7a-f23e-4fe3-a83e-522e3669ea2d\" class=\"x-el x-el-div x-el c1-1 c1-2 c1-11 c1-5y c1-4 c1-8d c1-9q c1-22 c1-8e c1-8f c1-b c1-c c1-7p c1-7q c1-d c1-e c1-f c1-g c1-1 c1-2 c1-b c1-c c1-d c1-e c1-f c1-g\" data-ux=\"ContentBasic\">\n<h4 class=\"x-el x-el-h4 c1-1 c1-2 c1-1k c1-1l c1-6v c1-2e c1-4e c1-1n c1-1o c1-b c1-9r c1-6l c1-1q c1-6o c1-6q c1-6r c1-6s\" role=\"heading\" aria-level=\"4\" data-ux=\"ContentHeading\" data-aid=\"CONTENT_HEADLINE2_RENDERED\" data-typography=\"HeadingDelta\">C\u00e1c tri\u1ec7u ch\u1ee9ng c\u1ee7a huy\u1ebft \u00e1p cao l\u00e0 g\u00ec?<\/h4>\n<div class=\"x-el c1-1 c1-2 c1-1k c1-1l c1-1m c1-1n c1-1o c1-9s c1-9t c1-9u c1-9v c1-9w c1-9x c1-9y c1-9z c1-a0 c1-a1 c1-a2 c1-a3 c1-a4 c1-a5 c1-a6 c1-a7 c1-a8 c1-a9 c1-aa c1-ab c1-ac c1-ad c1-ae c1-af c1-ag c1-ah c1-ai c1-aj c1-83 c1-b c1-ak c1-c c1-1q c1-d c1-e c1-f c1-g x-rt\" data-ux=\"ContentText\" data-aid=\"CONTENT_DESCRIPTION2_RENDERED\" data-typography=\"BodyAlpha\">\n<p><span class=\"x-el x-el-span c1-72 c1-73 c1-b c1-c c1-d c1-e c1-f c1-g\">\u00a0Huy\u1ebft \u00e1p cao th\u01b0\u1eddng kh\u00f4ng c\u00f3 b\u1ea5t k\u1ef3 tri\u1ec7u ch\u1ee9ng r\u00f5 r\u00e0ng n\u00e0o, \u0111\u00f3 l\u00e0 l\u00fd do t\u1ea1i sao n\u00f3 th\u01b0\u1eddng \u0111\u01b0\u1ee3c g\u1ecdi l\u00e0 \u201ck\u1ebb gi\u1ebft ng\u01b0\u1eddi th\u1ea7m l\u1eb7ng\u201d.\u00a0<\/span><\/p>\n<p><span class=\"x-el x-el-span c1-72 c1-73 c1-b c1-c c1-d c1-e c1-f c1-g\">Huy\u1ebft \u00e1p cao l\u00e0 c\u0103n nguy\u00ean ch\u1ee7 y\u1ebfu g\u00e2y ra c\u00e1c bi\u1ebfn ch\u1ee9ng nh\u01b0 ch\u1ea3y m\u00e1u cam, \u0111au \u0111\u1ea7u v\u00e0 ch\u00f3ng m\u1eb7t, nh\u01b0ng nh\u1eefng tri\u1ec7u ch\u1ee9ng n\u00e0y r\u1ea5t hi\u1ebfm v\u00e0 th\u01b0\u1eddng kh\u00f4ng x\u1ea3y ra cho \u0111\u1ebfn khi x\u1ea3y ra t\u00ecnh tr\u1ea1ng \u0111e d\u1ecda t\u00ednh m\u1ea1ng nh\u01b0 \u0111au tim.\u00a0<\/span><\/p>\n<\/div>\n<\/div>\n<div id=\"fd15ebb9-2ddf-4dae-b583-b25a194fbb51\" class=\"x-el x-el-div x-el c1-1 c1-2 c1-11 c1-5y c1-4 c1-8d c1-9q c1-22 c1-8e c1-8f c1-b c1-c c1-7p c1-7q c1-d c1-e c1-f c1-g c1-1 c1-2 c1-b c1-c c1-d c1-e c1-f c1-g\" data-ux=\"ContentBasic\">\n<h4 class=\"x-el x-el-h4 c1-1 c1-2 c1-1k c1-1l c1-6v c1-2e c1-4e c1-1n c1-1o c1-b c1-9r c1-6l c1-1q c1-6o c1-6q c1-6r c1-6s\" role=\"heading\" aria-level=\"4\" data-ux=\"ContentHeading\" data-aid=\"CONTENT_HEADLINE3_RENDERED\" data-typography=\"HeadingDelta\">C\u00f3 nhi\u1ec1u lo\u1ea1i huy\u1ebft \u00e1p cao kh\u00e1c nhau?<\/h4>\n<div class=\"x-el c1-1 c1-2 c1-1k c1-1l c1-1m c1-1n c1-1o c1-9s c1-9t c1-9u c1-9v c1-9w c1-9x c1-9y c1-9z c1-a0 c1-a1 c1-a2 c1-a3 c1-a4 c1-a5 c1-a6 c1-a7 c1-a8 c1-a9 c1-aa c1-ab c1-ac c1-ad c1-ae c1-af c1-ag c1-ah c1-ai c1-aj c1-83 c1-b c1-ak c1-c c1-1q c1-d c1-e c1-f c1-g x-rt\" data-ux=\"ContentText\" data-aid=\"CONTENT_DESCRIPTION3_RENDERED\" data-typography=\"BodyAlpha\">\n<p><span class=\"x-el x-el-span c1-72 c1-73 c1-b c1-c c1-d c1-e c1-f c1-g\">\u00a0C\u00f3 hai lo\u1ea1i huy\u1ebft \u00e1p cao:<\/span><\/p>\n<ul>\n<li class=\"x-el x-el-span c1-72 c1-73 c1-b c1-c c1-d c1-e c1-f c1-g\">T\u0103ng huy\u1ebft \u00e1p nguy\u00ean ph\u00e1t<\/li>\n<\/ul>\n<p><span class=\"x-el x-el-span c1-72 c1-73 c1-b c1-c c1-d c1-e c1-f c1-g\">T\u0103ng huy\u1ebft \u00e1p nguy\u00ean ph\u00e1t l\u00e0 lo\u1ea1i huy\u1ebft \u00e1p cao ph\u1ed5 bi\u1ebfn nh\u1ea5t v\u00e0 ph\u00e1t tri\u1ec3n trong m\u1ed9t th\u1eddi gian d\u00e0i. C\u00e1c nh\u00e0 nghi\u00ean c\u1ee9u kh\u00f4ng ch\u1eafc ch\u1eafn nguy\u00ean nh\u00e2n g\u00e2y t\u0103ng huy\u1ebft \u00e1p nguy\u00ean ph\u00e1t v\u00e0 kh\u00f4ng c\u00f3 tri\u1ec7u ch\u1ee9ng n\u00e0o c\u00f3 th\u1ec3 x\u00e1c \u0111\u1ecbnh \u0111\u01b0\u1ee3c.<\/span><\/p>\n<ul>\n<li class=\"x-el x-el-span c1-72 c1-73 c1-b c1-c c1-d c1-e c1-f c1-g\">T\u0103ng huy\u1ebft \u00e1p th\u1ee9 ph\u00e1t<\/li>\n<\/ul>\n<p><span class=\"x-el x-el-span c1-72 c1-73 c1-b c1-c c1-d c1-e c1-f c1-g\">T\u0103ng huy\u1ebft \u00e1p th\u1ee9 ph\u00e1t l\u00e0 huy\u1ebft \u00e1p cao ph\u00e1t tri\u1ec3n do m\u1ed9t v\u1ea5n \u0111\u1ec1 s\u1ee9c kh\u1ecfe kh\u00e1c. M\u1ed9t s\u1ed1 nguy\u00ean nh\u00e2n ph\u1ed5 bi\u1ebfn nh\u1ea5t g\u00e2y t\u0103ng huy\u1ebft \u00e1p th\u1ee9 ph\u00e1t bao g\u1ed3m ch\u1ee9ng ng\u01b0ng th\u1edf khi ng\u1ee7 do t\u1eafc ngh\u1ebdn (OSA), c\u00e1c v\u1ea5n \u0111\u1ec1 v\u1ec1 th\u1eadn, c\u00e1c v\u1ea5n \u0111\u1ec1 v\u1ec1 tuy\u1ebfn gi\u00e1p v\u00e0 s\u1eed d\u1ee5ng m\u1ed9t s\u1ed1 lo\u1ea1i thu\u1ed1c theo toa.<\/span><\/p>\n<\/div>\n<\/div>\n<div id=\"ea66bf1c-6409-4b8d-b91f-f96f164b387e\" class=\"x-el x-el-div x-el c1-1 c1-2 c1-11 c1-5y c1-4 c1-8d c1-9q c1-22 c1-8e c1-8f c1-b c1-c c1-7p c1-7q c1-d c1-e c1-f c1-g c1-1 c1-2 c1-b c1-c c1-d c1-e c1-f c1-g\" data-ux=\"ContentBasic\">\n<h4 class=\"x-el x-el-h4 c1-1 c1-2 c1-1k c1-1l c1-6v c1-2e c1-4e c1-1n c1-1o c1-b c1-9r c1-6l c1-1q c1-6o c1-6q c1-6r c1-6s\" role=\"heading\" aria-level=\"4\" data-ux=\"ContentHeading\" data-aid=\"CONTENT_HEADLINE4_RENDERED\" data-typography=\"HeadingDelta\">Ph\u01b0\u01a1ng th\u1ee9c \u0111i\u1ec1u tr\u1ecb?<\/h4>\n<div class=\"x-el c1-1 c1-2 c1-1k c1-1l c1-1m c1-1n c1-1o c1-9s c1-9t c1-9u c1-9v c1-9w c1-9x c1-9y c1-9z c1-a0 c1-a1 c1-a2 c1-a3 c1-a4 c1-a5 c1-a6 c1-a7 c1-a8 c1-a9 c1-aa c1-ab c1-ac c1-ad c1-ae c1-af c1-ag c1-ah c1-ai c1-aj c1-83 c1-b c1-ak c1-c c1-1q c1-d c1-e c1-f c1-g x-rt\" data-ux=\"ContentText\" data-aid=\"CONTENT_DESCRIPTION4_RENDERED\" data-typography=\"BodyAlpha\">\n<p><span class=\"x-el x-el-span c1-72 c1-73 c1-b c1-c c1-d c1-e c1-f c1-g\">\u00a0Li\u1ec7u ph\u00e1p s\u1eed d\u1ee5ng tinh th\u1ec3 \u0111\u00e1 qu\u00fd l\u00e0 m\u1ed9t ph\u01b0\u01a1ng ph\u00e1p \u0111i\u1ec1u tr\u1ecb to\u00e0n di\u1ec7n d\u1ef1a tr\u00ean ph\u01b0\u01a1ng ph\u00e1p tr\u1ecb li\u1ec7u b\u1eb1ng nhi\u1ec7t c\u1ee7a Trung Qu\u1ed1c c\u1ed5 \u0111\u1ea1i. Trong qu\u00e1 tr\u00ecnh tr\u1ecb li\u1ec7u b\u1eb1ng tinh th\u1ec3 \u0111\u00e1 qu\u00fd d\u00e0nh cho b\u1ec7nh t\u0103ng huy\u1ebft \u00e1p, Miracle Wands s\u1ebd xem x\u00e9t ti\u1ec3u s\u1eed b\u1ec7nh v\u00e0 h\u1ecfi Qu\u00fd kh\u00e1ch h\u00e0ng v\u1ec1 c\u00e1c tri\u1ec7u ch\u1ee9ng \u0111ang g\u1eb7p ph\u1ea3i<\/span><\/p>\n<p><span class=\"x-el x-el-span c1-72 c1-73 c1-b c1-c c1-d c1-e c1-f c1-g\">Ti\u1ebfp theo, b\u1ec7nh nh\u00e2n n\u1eb1m xu\u1ed1ng gi\u01b0\u1eddng b\u1ec7nh v\u00e0 Miracle Wands \u0111\u1eb7t tinh th\u1ec3 \u0111\u00e1 qu\u00fd l\u00ean c\u00e1c \u0111i\u1ec3m \u00e1p l\u1ef1c kh\u00e1c nhau tr\u00ean c\u01a1 th\u1ec3 b\u1ea1n. Li\u1ec7u ph\u00e1p nhi\u1ec7t \u0111\u01b0\u1ee3c bi\u1ebft l\u00e0 c\u00f3 t\u00e1c d\u1ee5ng t\u0103ng c\u01b0\u1eddng l\u01b0u th\u00f4ng kh\u1eafp c\u01a1 th\u1ec3 v\u00e0 h\u1ed7 tr\u1ee3 tr\u1ebb h\u00f3a t\u1ebf b\u00e0o, hai qu\u00e1 tr\u00ecnh gi\u00fap gi\u1ea3m b\u1edbt c\u0103ng th\u1eb3ng v\u00e0 lo l\u1eafng.\u00a0<\/span><\/p>\n<p><span class=\"x-el x-el-span c1-72 c1-73 c1-b c1-c c1-d c1-e c1-f c1-g\">T\u00f9y thu\u1ed9c v\u00e0o m\u1ee9c \u0111\u1ed9 huy\u1ebft \u00e1p, Miracle Wand c\u00f3 th\u1ec3 m\u00e1t-xa nh\u1eb9 \u0111\u1ec3 t\u0103ng c\u01b0\u1eddng, c\u00e2n b\u1eb1ng n\u0103ng l\u01b0\u1ee3ng v\u00e0 s\u1ee9c kh\u1ecfe.<\/span><\/p>\n<p><span class=\"x-el x-el-span c1-72 c1-73 c1-b c1-c c1-d c1-e c1-f c1-g\">N\u1ebfu Qu\u00fd kh\u00e1ch h\u00e0ng \u0111\u00e3 \u0111\u01b0\u1ee3c ch\u1ea9n \u0111o\u00e1n m\u1eafc b\u1ec7nh cao huy\u1ebft \u00e1p v\u00e0 \u0111\u00e3 th\u1ef1c hi\u1ec7n c\u00e1c b\u01b0\u1edbc \u0111\u1ec3 c\u1ea3i thi\u1ec7n s\u1ee9c kh\u1ecfe c\u1ee7a m\u00ecnh, bao g\u1ed3m t\u1eadp th\u1ec3 d\u1ee5c th\u01b0\u1eddng xuy\u00ean v\u00e0 \u00e1p d\u1ee5ng ch\u1ebf \u0111\u1ed9 \u0103n u\u1ed1ng l\u00e0nh m\u1ea1nh, li\u1ec7u ph\u00e1p Miracle Wands l\u00e0 m\u1ed9t ph\u01b0\u01a1ng ph\u00e1p b\u1ed5 sung tuy\u1ec7t v\u1eddi. Nh\u1eadn t\u01b0 v\u1ea5n tr\u1ef1c ti\u1ebfp ngay h\u00f4m nay b\u1eb1ng c\u00e1ch g\u1ecdi \u0111i\u1ec7n ho\u1eb7c nh\u1ea5p v\u00e0o \u0111\u1eb7t l\u1ecbch tr\u1ef1c tuy\u1ebfn.<\/span><\/p>\n<\/div>\n<\/div>\n\t<\/div>\r\n<\/div>\r\n\r\n\r\n\r\n<a class=\"nectar-button large regular accent-color  regular-button\"  style=\"\"  href=\"#\" data-color-override=\"false\" data-hover-color-override=\"false\" data-hover-text-color-override=\"#fff\"><span>\u0110\u1eb7t l\u1ecbch h\u1eb9n<\/span><\/a>\n\t\t<\/div> \n\t<\/div>\n\t<\/div> \n<\/div><\/div>\n\t\t\t<\/div> \n\t\t<\/div>\n\t<\/div> \n<\/div><\/div>","protected":false},"excerpt":{"rendered":"Miracle Wands Wellness Center\u2122 &nbsp; Med Spa &amp; Holistic Treatment Center located in Huntington Beach, CA The American Heart Association estimates that 75 million Americans are living with hypertension, also...","protected":false},"author":1,"featured_media":0,"parent":0,"menu_order":0,"comment_status":"closed","ping_status":"closed","template":"","meta":{"_monsterinsights_skip_tracking":false,"_monsterinsights_sitenote_active":false,"_monsterinsights_sitenote_note":"","_monsterinsights_sitenote_category":0,"footnotes":""},"class_list":["post-6159","page","type-page","status-publish"],"_links":{"self":[{"href":"https:\/\/miraclewands.com\/vi\/wp-json\/wp\/v2\/pages\/6159","targetHints":{"allow":["GET"]}}],"collection":[{"href":"https:\/\/miraclewands.com\/vi\/wp-json\/wp\/v2\/pages"}],"about":[{"href":"https:\/\/miraclewands.com\/vi\/wp-json\/wp\/v2\/types\/page"}],"author":[{"embeddable":true,"href":"https:\/\/miraclewands.com\/vi\/wp-json\/wp\/v2\/users\/1"}],"replies":[{"embeddable":true,"href":"https:\/\/miraclewands.com\/vi\/wp-json\/wp\/v2\/comments?post=6159"}],"version-history":[{"count":0,"href":"https:\/\/miraclewands.com\/vi\/wp-json\/wp\/v2\/pages\/6159\/revisions"}],"wp:attachment":[{"href":"https:\/\/miraclewands.com\/vi\/wp-json\/wp\/v2\/media?parent=6159"}],"curies":[{"name":"wp","href":"https:\/\/api.w.org\/{rel}","templated":true}]}}