{"id":6162,"date":"2022-02-10T08:19:04","date_gmt":"2022-02-10T08:19:04","guid":{"rendered":"https:\/\/chivatherapy.com\/mw-dev\/?page_id=6162"},"modified":"2022-02-10T08:19:04","modified_gmt":"2022-02-10T08:19:04","slug":"knee-pain","status":"publish","type":"page","link":"https:\/\/miraclewands.com\/vi\/knee-pain\/","title":{"rendered":"\u0110au \u0111\u1ea7u g\u1ed1i"},"content":{"rendered":"<div id=\"fws_69e76321cedd3\"  data-column-margin=\"default\" data-midnight=\"dark\"  class=\"wpb_row vc_row-fluid vc_row  vc_row-o-equal-height vc_row-flex\"  style=\"padding-top: 0px; padding-bottom: 0px; \"><div class=\"row-bg-wrap\" data-bg-animation=\"none\" data-bg-overlay=\"false\"><div class=\"inner-wrap\"><div class=\"row-bg\"  style=\"\"><\/div><\/div><\/div><div class=\"row_col_wrap_12 col span_12 dark left\">\n\t<div style=\"margin-top: 5%; \" class=\"vc_col-sm-6 wpb_column column_container vc_column_container col no-extra-padding inherit_tablet inherit_phone border_right_desktop_1px border_color_e2e2e2 border_style_solid\"  data-padding-pos=\"all\" data-has-bg-color=\"false\" data-bg-color=\"\" data-bg-opacity=\"1\" data-animation=\"\" data-delay=\"0\" >\n\t\t<div class=\"vc_column-inner\" >\n\t\t\t<div class=\"wpb_wrapper\">\n\t\t\t\t<div class=\"nectar-split-heading\" data-align=\"default\" data-m-align=\"inherit\" data-animation-type=\"default\" data-animation-delay=\"0\" data-m-rm-animation=\"\" data-stagger=\"\" data-custom-font-size=\"false\" ><div class=\"heading-line\" > <div><h3 style=\"text-align: center;\">Trung t\u00e2m ch\u0103m s\u00f3c s\u1ee9c kh\u1ecfe Miracle Wands<\/h3> <\/div> <\/div><\/div>\n\t\t\t<\/div> \n\t\t<\/div>\n\t<\/div> \n\n\t<div  class=\"vc_col-sm-6 wpb_column column_container vc_column_container col no-extra-padding inherit_tablet inherit_phone\"  data-padding-pos=\"all\" data-has-bg-color=\"false\" data-bg-color=\"\" data-bg-opacity=\"1\" data-animation=\"\" data-delay=\"0\" >\n\t\t<div class=\"vc_column-inner\" >\n\t\t\t<div class=\"wpb_wrapper\">\n\t\t\t\t\r\n<div class=\"wpb_text_column wpb_content_element\" >\r\n\t<div class=\"wpb_wrapper\">\r\n\t\t<p>\u0110au \u0111\u1ea7u g\u1ed1i l\u00e0 m\u1ed9t trong nh\u1eefng v\u1ea5n \u0111\u1ec1 s\u1ee9c kh\u1ecfe li\u00ean quan \u0111\u1ebfn kh\u1edbp ph\u1ed5 bi\u1ebfn nh\u1ea5t v\u00e0 c\u00f3 th\u1ec3 khi\u1ebfn ngay c\u1ea3 nh\u1eefng ho\u1ea1t \u0111\u1ed9ng \u0111\u01a1n gi\u1ea3n nh\u01b0 ra kh\u1ecfi gi\u01b0\u1eddng v\u00e0o bu\u1ed5i s\u00e1ng ho\u1eb7c leo c\u1ea7u thang c\u0169ng g\u1ea7n nh\u01b0 kh\u00f4ng th\u1ec3 th\u1ef1c hi\u1ec7n \u0111\u01b0\u1ee3c. Nh\u1eadn t\u01b0 v\u1ea5n tr\u1ef1c ti\u1ebfp ngay h\u00f4m nay b\u1eb1ng c\u00e1ch g\u1ecdi \u0111i\u1ec7n ho\u1eb7c nh\u1ea5p v\u00e0o \u0111\u1eb7t l\u1ecbch tr\u1ef1c tuy\u1ebfn.<\/p>\n\t<\/div>\r\n<\/div>\r\n\r\n\r\n\r\n<a class=\"nectar-button large regular accent-color  regular-button\"  style=\"\"  href=\"https:\/\/miraclewands.com\/vi\/request-appointment\/\" data-color-override=\"false\" data-hover-color-override=\"false\" data-hover-text-color-override=\"#fff\"><span>\u0110\u1eb7t l\u1ecbch h\u1eb9n<\/span><\/a>\r\n<div class=\"wpb_text_column wpb_content_element\" >\r\n\t<div class=\"wpb_wrapper\">\r\n\t\t<p><span class=\"disclaimer\" style=\"font-weight: 400;\">*Miracle Wands b\u1ed5 sung cho ch\u1ebf \u0111\u1ed9 \u0111i\u1ec1u tr\u1ecb y t\u1ebf th\u00f4ng th\u01b0\u1eddng. M\u1ed7i Qu\u00fd kh\u00e1ch h\u00e0ng ph\u1ea3i tham kh\u1ea3o \u00fd ki\u1ebfn v\u00e0 theo d\u00f5i v\u1edbi nh\u00e0 cung c\u1ea5p d\u1ecbch v\u1ee5 ch\u0103m s\u00f3c s\u1ee9c kho\u1ebb th\u01b0\u1eddng xuy\u00ean c\u1ee7a h\u1ecd.<\/span><\/p>\n\t<\/div>\r\n<\/div>\r\n\r\n\r\n\r\n\n\t\t\t<\/div> \n\t\t<\/div>\n\t<\/div> \n<\/div><\/div>\r\n\t\t<div id=\"fws_69e76321d078a\"  data-column-margin=\"default\" data-midnight=\"dark\" data-top-percent=\"5%\" data-bottom-percent=\"5%\"  class=\"wpb_row vc_row-fluid vc_row full-width-section\"  style=\"padding-top: calc(100vw * 0.05); padding-bottom: calc(100vw * 0.05); \"><div class=\"row-bg-wrap\" data-bg-animation=\"none\" data-bg-overlay=\"false\"><div class=\"inner-wrap\"><div class=\"row-bg using-bg-color\"  style=\"background-color: #f6f6f6; \"><\/div><\/div><\/div><div class=\"row_col_wrap_12 col span_12 dark left\">\n\t<div  class=\"vc_col-sm-12 wpb_column column_container vc_column_container col no-extra-padding inherit_tablet inherit_phone\"  data-padding-pos=\"all\" data-has-bg-color=\"false\" data-bg-color=\"\" data-bg-opacity=\"1\" data-animation=\"\" data-delay=\"0\" >\n\t\t<div class=\"vc_column-inner\" >\n\t\t\t<div class=\"wpb_wrapper\">\n\t\t\t\t<div id=\"fws_69e76321d1181\" data-midnight=\"\" data-column-margin=\"default\" class=\"wpb_row vc_row-fluid vc_row inner_row\"  style=\"\"><div class=\"row-bg-wrap\"> <div class=\"row-bg\" ><\/div> <\/div><div class=\"row_col_wrap_12_inner col span_12  left\">\n\t<div  class=\"vc_col-sm-12 wpb_column column_container vc_column_container col child_column no-extra-padding inherit_tablet inherit_phone\"   data-padding-pos=\"all\" data-has-bg-color=\"false\" data-bg-color=\"\" data-bg-opacity=\"1\" data-animation=\"\" data-delay=\"0\">\n\t\t<div class=\"vc_column-inner\" >\n\t\t<div class=\"wpb_wrapper\">\n\t\t\t<div class=\"nectar-split-heading\" data-align=\"center\" data-m-align=\"inherit\" data-animation-type=\"line-reveal-by-space\" data-animation-delay=\"0\" data-m-rm-animation=\"\" data-stagger=\"\" data-custom-font-size=\"true\" style=\"font-size: 26px; line-height: 28.08px;\"><h3 >H\u1ecfi \u0111\u00e1p \u0111au \u0111\u1ea7u g\u1ed1i<\/h3><\/div>\n\t\t<\/div> \n\t<\/div>\n\t<\/div> \n<\/div><\/div><div id=\"fws_69e76321d1c31\" data-midnight=\"\" data-column-margin=\"default\" class=\"wpb_row vc_row-fluid vc_row inner_row\"  style=\"\"><div class=\"row-bg-wrap\"> <div class=\"row-bg\" ><\/div> <\/div><div class=\"row_col_wrap_12_inner col span_12  left\">\n\t<div  class=\"vc_col-sm-3 wpb_column column_container vc_column_container col child_column no-extra-padding inherit_tablet inherit_phone\"   data-padding-pos=\"all\" data-has-bg-color=\"false\" data-bg-color=\"\" data-bg-opacity=\"1\" data-animation=\"\" data-delay=\"0\">\n\t\t<div class=\"vc_column-inner\" >\n\t\t<div class=\"wpb_wrapper\">\n\t\t\t<div class=\"img-with-aniamtion-wrap\" data-max-width=\"100%\" data-max-width-mobile=\"default\" data-shadow=\"none\" data-animation=\"fade-in\" >\r\n      <div class=\"inner\">\r\n        <div class=\"hover-wrap\"> \r\n          <div class=\"hover-wrap-inner\">\r\n            <img loading=\"lazy\" decoding=\"async\" class=\"img-with-animation skip-lazy\" data-delay=\"0\" height=\"265\" width=\"400\" data-animation=\"fade-in\" src=\"https:\/\/miraclewands.com\/wp-content\/uploads\/2022\/02\/rsw_400cg_truem-1.jpg\" alt=\"\" srcset=\"https:\/\/miraclewands.com\/wp-content\/uploads\/2022\/02\/rsw_400cg_truem-1.jpg 400w, https:\/\/miraclewands.com\/wp-content\/uploads\/2022\/02\/rsw_400cg_truem-1-300x199.jpg 300w\" sizes=\"auto, (min-width: 1450px) 75vw, (min-width: 1000px) 85vw, 100vw\" \/>\r\n          <\/div>\r\n        <\/div>\r\n      <\/div>\r\n    <\/div>\n\t\t<\/div> \n\t<\/div>\n\t<\/div> \n\n\t<div  class=\"vc_col-sm-9 wpb_column column_container vc_column_container col child_column no-extra-padding inherit_tablet inherit_phone\"   data-padding-pos=\"all\" data-has-bg-color=\"false\" data-bg-color=\"\" data-bg-opacity=\"1\" data-animation=\"\" data-delay=\"0\">\n\t\t<div class=\"vc_column-inner\" >\n\t\t<div class=\"wpb_wrapper\">\n\t\t\t\r\n<div class=\"wpb_text_column wpb_content_element\" >\r\n\t<div class=\"wpb_wrapper\">\r\n\t\t<div id=\"3facfe8d-dbb9-4065-9b9c-7b96e394dc44\" class=\"x-el x-el-div x-el c1-1 c1-2 c1-11 c1-5y c1-4 c1-8d c1-9q c1-22 c1-8e c1-8f c1-b c1-c c1-7p c1-7q c1-d c1-e c1-f c1-g c1-1 c1-2 c1-b c1-c c1-d c1-e c1-f c1-g\" data-ux=\"ContentBasic\">\n<div id=\"3facfe8d-dbb9-4065-9b9c-7b96e394dc44\" class=\"x-el x-el-div x-el c1-1 c1-2 c1-11 c1-5y c1-4 c1-8d c1-9q c1-22 c1-8e c1-8f c1-b c1-c c1-7p c1-7q c1-d c1-e c1-f c1-g c1-1 c1-2 c1-b c1-c c1-d c1-e c1-f c1-g\" data-ux=\"ContentBasic\">\n<h4 class=\"x-el x-el-h4 c1-1 c1-2 c1-1k c1-1l c1-6v c1-2e c1-4e c1-1n c1-1o c1-b c1-9r c1-6l c1-1q c1-6o c1-6q c1-6r c1-6s\" role=\"heading\" aria-level=\"4\" data-ux=\"ContentHeading\" data-aid=\"CONTENT_HEADLINE1_RENDERED\" data-typography=\"HeadingDelta\">Nguy\u00ean nh\u00e2n g\u00e2y \u0111au \u0111\u1ea7u g\u1ed1i l\u00e0 g\u00ec?<\/h4>\n<div class=\"x-el c1-1 c1-2 c1-1k c1-1l c1-1m c1-1n c1-1o c1-9s c1-9t c1-9u c1-9v c1-9w c1-9x c1-9y c1-9z c1-a0 c1-a1 c1-a2 c1-a3 c1-a4 c1-a5 c1-a6 c1-a7 c1-a8 c1-a9 c1-aa c1-ab c1-ac c1-ad c1-ae c1-af c1-ag c1-ah c1-ai c1-aj c1-83 c1-b c1-ak c1-c c1-1q c1-d c1-e c1-f c1-g x-rt\" data-ux=\"ContentText\" data-aid=\"CONTENT_DESCRIPTION1_RENDERED\" data-typography=\"BodyAlpha\">\n<p><span class=\"x-el x-el-span c1-72 c1-73 c1-b c1-c c1-d c1-e c1-f c1-g\">\u00a0\u0110au \u0111\u1ea7u g\u1ed1i x\u1ea3y ra v\u00ec nhi\u1ec1u nguy\u00ean nh\u00e2n. \u0110\u00f3 c\u00f3 th\u1ec3 l\u00e0 k\u1ebft qu\u1ea3 c\u1ee7a m\u1ed9t tai n\u1ea1n t\u1ea1i n\u01a1i l\u00e0m vi\u1ec7c ho\u1eb7c ch\u1ea5n th\u01b0\u01a1ng li\u00ean quan \u0111\u1ebfn th\u1ec3 thao. \u0110\u00f4i khi, \u0111au \u0111\u1ea7u g\u1ed1i l\u00e0 tri\u1ec7u ch\u1ee9ng c\u1ee7a m\u1ed9t b\u1ec7nh l\u00fd nghi\u00eam tr\u1ecdng h\u01a1n nh\u01b0 vi\u00eam kh\u1edbp ho\u1eb7c nhi\u1ec5m tr\u00f9ng.\u00a0<\/span><\/p>\n<p><span class=\"x-el x-el-span c1-72 c1-73 c1-b c1-c c1-d c1-e c1-f c1-g\">\u0110au \u0111\u1ea7u g\u1ed1i c\u00f3 th\u1ec3 x\u1ea3y \u0111\u1ebfn b\u1ea5t c\u1ee9 l\u00fac n\u00e0o nh\u01b0ng th\u01b0\u1eddng kh\u00f4ng c\u00f3 g\u00ec \u0111\u00e1ng lo ng\u1ea1i. H\u1ea7u h\u1ebft c\u00e1c tr\u01b0\u1eddng h\u1ee3p \u0111au \u0111\u1ea7u g\u1ed1i \u0111\u1ec1u \u00e1p d\u1ee5ng \u0111\u01b0\u1ee3c v\u1edbi c\u00e1c ph\u01b0\u01a1ng th\u1ee9c \u0111i\u1ec1u tr\u1ecb v\u00e0 gi\u1ea3m d\u1ea7n trong v\u00f2ng 24-48 gi\u1edd sau. Tuy nhi\u00ean, \u0111\u1ed1i v\u1edbi nh\u1eefng c\u01a1n \u0111au \u0111\u1ea7u g\u1ed1i k\u00e9o d\u00e0i, Miracle Wands \u0111\u01b0\u1ee3c cho l\u00e0 ph\u01b0\u01a1ng th\u1ee9c gi\u1ea3m \u0111au hi\u1ec7u qu\u1ea3.<\/span><\/p>\n<\/div>\n<\/div>\n<div id=\"639a1c7a-f23e-4fe3-a83e-522e3669ea2d\" class=\"x-el x-el-div x-el c1-1 c1-2 c1-11 c1-5y c1-4 c1-8d c1-9q c1-22 c1-8e c1-8f c1-b c1-c c1-7p c1-7q c1-d c1-e c1-f c1-g c1-1 c1-2 c1-b c1-c c1-d c1-e c1-f c1-g\" data-ux=\"ContentBasic\">\n<h4 class=\"x-el x-el-h4 c1-1 c1-2 c1-1k c1-1l c1-6v c1-2e c1-4e c1-1n c1-1o c1-b c1-9r c1-6l c1-1q c1-6o c1-6q c1-6r c1-6s\" role=\"heading\" aria-level=\"4\" data-ux=\"ContentHeading\" data-aid=\"CONTENT_HEADLINE2_RENDERED\" data-typography=\"HeadingDelta\">C\u00e1c tri\u1ec7u ch\u1ee9ng c\u1ee7a \u0111au \u0111\u1ea7u g\u1ed1i l\u00e0 g\u00ec?<\/h4>\n<div class=\"x-el c1-1 c1-2 c1-1k c1-1l c1-1m c1-1n c1-1o c1-9s c1-9t c1-9u c1-9v c1-9w c1-9x c1-9y c1-9z c1-a0 c1-a1 c1-a2 c1-a3 c1-a4 c1-a5 c1-a6 c1-a7 c1-a8 c1-a9 c1-aa c1-ab c1-ac c1-ad c1-ae c1-af c1-ag c1-ah c1-ai c1-aj c1-83 c1-b c1-ak c1-c c1-1q c1-d c1-e c1-f c1-g x-rt\" data-ux=\"ContentText\" data-aid=\"CONTENT_DESCRIPTION2_RENDERED\" data-typography=\"BodyAlpha\">\n<p><span class=\"x-el x-el-span c1-72 c1-73 c1-b c1-c c1-d c1-e c1-f c1-g\">\u00a0V\u1ecb tr\u00ed v\u00e0 m\u1ee9c \u0111\u1ed9 nghi\u00eam tr\u1ecdng c\u1ee7a c\u01a1n \u0111au \u0111\u1ea7u g\u1ed1i kh\u00e1c nhau t\u00f9y thu\u1ed9c v\u00e0o tr\u1ea1ng th\u00e1i c\u1ee7a b\u1ec7nh nh\u00e2n. M\u1ed9t s\u1ed1 d\u1ea5u hi\u1ec7u ph\u1ed5 bi\u1ebfn nh\u1ea5t li\u00ean quan \u0111\u1ebfn c\u00e1c v\u1ea5n \u0111\u1ec1 v\u1ec1 \u0111\u1ea7u g\u1ed1i bao g\u1ed3m:<\/span><\/p>\n<ul>\n<li class=\"x-el x-el-span c1-72 c1-73 c1-b c1-c c1-d c1-e c1-f c1-g\">S\u01b0ng v\u00e0 c\u1ee9ng kh\u1edbp<\/li>\n<li class=\"x-el x-el-span c1-72 c1-73 c1-b c1-c c1-d c1-e c1-f c1-g\">Khi ch\u1ea1m v\u00e0o c\u1ea3m th\u1ea5y \u1ea5m<\/li>\n<li class=\"x-el x-el-span c1-72 c1-73 c1-b c1-c c1-d c1-e c1-f c1-g\">\u0110\u1ecf v\u00e0 k\u00edch \u1ee9ng<\/li>\n<li class=\"x-el x-el-span c1-72 c1-73 c1-b c1-c c1-d c1-e c1-f c1-g\">Ti\u1ebfng l\u1ea1o x\u1ea1o ho\u1eb7c n\u1ee9t v\u1ee1<\/li>\n<\/ul>\n<p><span class=\"x-el x-el-span c1-72 c1-73 c1-b c1-c c1-d c1-e c1-f c1-g\">N\u1ebfu b\u1ecb th\u01b0\u01a1ng n\u1eb7ng \u1edf \u0111\u1ea7u g\u1ed1i, b\u1ea1n c\u0169ng c\u00f3 th\u1ec3 g\u1eb7p kh\u00f3 kh\u0103n khi du\u1ed7i \u0111\u1ea7u g\u1ed1i ho\u00e0n to\u00e0n ho\u1eb7c d\u1ed3n tr\u1ecdng l\u01b0\u1ee3ng l\u00ean \u0111\u1ea7u g\u1ed1i.\u00a0<\/span><\/p>\n<\/div>\n<\/div>\n<div id=\"fd15ebb9-2ddf-4dae-b583-b25a194fbb51\" class=\"x-el x-el-div x-el c1-1 c1-2 c1-11 c1-5y c1-4 c1-8d c1-9q c1-22 c1-8e c1-8f c1-b c1-c c1-7p c1-7q c1-d c1-e c1-f c1-g c1-1 c1-2 c1-b c1-c c1-d c1-e c1-f c1-g\" data-ux=\"ContentBasic\">\n<h4 class=\"x-el x-el-h4 c1-1 c1-2 c1-1k c1-1l c1-6v c1-2e c1-4e c1-1n c1-1o c1-b c1-9r c1-6l c1-1q c1-6o c1-6q c1-6r c1-6s\" role=\"heading\" aria-level=\"4\" data-ux=\"ContentHeading\" data-aid=\"CONTENT_HEADLINE3_RENDERED\" data-typography=\"HeadingDelta\">Khi n\u00e0o n\u00ean g\u1eb7p b\u00e1c s\u0129 chuy\u00ean khoa v\u1ec1 \u0111au \u0111\u1ea7u g\u1ed1i?<\/h4>\n<div class=\"x-el c1-1 c1-2 c1-1k c1-1l c1-1m c1-1n c1-1o c1-9s c1-9t c1-9u c1-9v c1-9w c1-9x c1-9y c1-9z c1-a0 c1-a1 c1-a2 c1-a3 c1-a4 c1-a5 c1-a6 c1-a7 c1-a8 c1-a9 c1-aa c1-ab c1-ac c1-ad c1-ae c1-af c1-ag c1-ah c1-ai c1-aj c1-83 c1-b c1-ak c1-c c1-1q c1-d c1-e c1-f c1-g x-rt\" data-ux=\"ContentText\" data-aid=\"CONTENT_DESCRIPTION3_RENDERED\" data-typography=\"BodyAlpha\">\n<p><span class=\"x-el x-el-span c1-72 c1-73 c1-b c1-c c1-d c1-e c1-f c1-g\">\u00a0Qu\u00fd kh\u00e1ch h\u00e0ng n\u00ean th\u1eadn tr\u1ecdng v\u1ec1 t\u00ecnh tr\u1ea1ng \u0111au \u0111\u1ea7u g\u1ed1i. N\u1ebfu c\u00e1c tri\u1ec7u ch\u1ee9ng c\u1ee7a b\u1ea1n k\u00e9o d\u00e0i h\u01a1n m\u1ed9t ho\u1eb7c hai ng\u00e0y, khi\u1ebfn kh\u00f4ng th\u1ec3 tham gia th\u1ec3 thao, c\u00e1c ho\u1ea1t \u0111\u1ed9ng t\u01b0\u01a1ng t\u1ef1 kh\u00e1c ho\u1eb7c g\u00e2y s\u1ed1t, h\u00e3y li\u00ean h\u1ec7 v\u1edbi ch\u00fang t\u00f4i t\u1ea1i Miracle Wands Wellness Center\u2122.\u00a0<\/span><\/p>\n<\/div>\n<\/div>\n<div id=\"2d0e0803-6f85-4b6d-9077-a2fe9fe3036a\" class=\"x-el x-el-div x-el c1-1 c1-2 c1-11 c1-5y c1-4 c1-8d c1-9q c1-22 c1-8e c1-8f c1-b c1-c c1-7p c1-7q c1-d c1-e c1-f c1-g c1-1 c1-2 c1-b c1-c c1-d c1-e c1-f c1-g\" data-ux=\"ContentBasic\">\n<h4 class=\"x-el x-el-h4 c1-1 c1-2 c1-1k c1-1l c1-6v c1-2e c1-4e c1-1n c1-1o c1-b c1-9r c1-6l c1-1q c1-6o c1-6q c1-6r c1-6s\" role=\"heading\" aria-level=\"4\" data-ux=\"ContentHeading\" data-aid=\"CONTENT_HEADLINE4_RENDERED\" data-typography=\"HeadingDelta\">Ph\u01b0\u01a1ng th\u1ee9c \u0111i\u1ec1u tr\u1ecb?<\/h4>\n<div class=\"x-el c1-1 c1-2 c1-1k c1-1l c1-1m c1-1n c1-1o c1-9s c1-9t c1-9u c1-9v c1-9w c1-9x c1-9y c1-9z c1-a0 c1-a1 c1-a2 c1-a3 c1-a4 c1-a5 c1-a6 c1-a7 c1-a8 c1-a9 c1-aa c1-ab c1-ac c1-ad c1-ae c1-af c1-ag c1-ah c1-ai c1-aj c1-83 c1-b c1-ak c1-c c1-1q c1-d c1-e c1-f c1-g x-rt\" data-ux=\"ContentText\" data-aid=\"CONTENT_DESCRIPTION4_RENDERED\" data-typography=\"BodyAlpha\">\n<p><span class=\"x-el x-el-span c1-72 c1-73 c1-b c1-c c1-d c1-e c1-f c1-g\">\u00a0Trong qu\u00e1 tr\u00ecnh \u0111i\u1ec1u tr\u1ecb b\u1eb1ng tinh th\u1ec3 \u0111\u00e1 qu\u00fd cho ch\u1ee9ng \u0111au \u0111\u1ea7u g\u1ed1i, Miracle Wands s\u1ebd \u00e1p d\u1ee5ng tinh th\u1ec3 \u0111\u00e1 qu\u00fd v\u00e0o nhi\u1ec1u \u0111i\u1ec3m \u00e1p l\u1ef1c tr\u00ean v\u00e0 xung quanh \u0111\u1ea7u g\u1ed1i. C\u00e1c tinh th\u1ec3 b\u00ean trong \u0111\u00e1 c\u00f3 t\u00e1c d\u1ee5ng k\u00edch th\u00edch entanpy v\u00e0 entropy, th\u00fac \u0111\u1ea9y qu\u00e1 tr\u00ecnh t\u00e1i t\u1ea1o t\u1ebf b\u00e0o. Cu\u1ed1i c\u00f9ng, gi\u00fap gi\u1ea3m vi\u00eam \u0111\u1ed3ng th\u1eddi h\u1ed7 tr\u1ee3 qu\u00e1 tr\u00ecnh ch\u1eefa b\u1ec7nh t\u1ef1 nhi\u00ean c\u1ee7a c\u01a1 th\u1ec3.<\/span><\/p>\n<p><span class=\"x-el x-el-span c1-72 c1-73 c1-b c1-c c1-d c1-e c1-f c1-g\">Tinh th\u1ec3 \u0111\u00e1 qu\u00fd c\u00f2n c\u00f3 t\u00e1c d\u1ee5ng th\u00fac \u0111\u1ea9y qu\u00e1 tr\u00ecnh ch\u1eefa b\u1ec7nh th\u00f4ng qua li\u1ec7u ph\u00e1p nhi\u1ec7t. Li\u1ec7u ph\u00e1p nhi\u1ec7t h\u1ed7 tr\u1ee3 tu\u1ea7n ho\u00e0n v\u00e0 gi\u00fap gi\u1ea3m m\u1ee9c \u0111\u1ed9 c\u0103ng th\u1eb3ng, lo l\u1eafng.\u00a0<\/span><\/p>\n<\/div>\n<\/div>\n<div id=\"bba3c110-9d62-4f9c-9f25-c3789a5b08d3\" class=\"x-el x-el-div x-el c1-1 c1-2 c1-11 c1-5y c1-4 c1-8d c1-9q c1-22 c1-8e c1-8f c1-b c1-c c1-7p c1-7q c1-d c1-e c1-f c1-g c1-1 c1-2 c1-b c1-c c1-d c1-e c1-f c1-g\" data-ux=\"ContentBasic\">\n<h4 class=\"x-el x-el-h4 c1-1 c1-2 c1-1k c1-1l c1-6v c1-2e c1-4e c1-1n c1-1o c1-b c1-9r c1-6l c1-1q c1-6o c1-6q c1-6r c1-6s\" role=\"heading\" aria-level=\"4\" data-ux=\"ContentHeading\" data-aid=\"CONTENT_HEADLINE5_RENDERED\" data-typography=\"HeadingDelta\">M\u1ee9c \u0111\u1ed9 an to\u00e0n khi \u0111i\u1ec1u tr\u1ecb?<\/h4>\n<div class=\"x-el c1-1 c1-2 c1-1k c1-1l c1-1m c1-1n c1-1o c1-9s c1-9t c1-9u c1-9v c1-9w c1-9x c1-9y c1-9z c1-a0 c1-a1 c1-a2 c1-a3 c1-a4 c1-a5 c1-a6 c1-a7 c1-a8 c1-a9 c1-aa c1-ab c1-ac c1-ad c1-ae c1-af c1-ag c1-ah c1-ai c1-aj c1-83 c1-b c1-ak c1-c c1-1q c1-d c1-e c1-f c1-g x-rt\" data-ux=\"ContentText\" data-aid=\"CONTENT_DESCRIPTION5_RENDERED\" data-typography=\"BodyAlpha\">\n<p><span class=\"x-el x-el-span c1-72 c1-73 c1-b c1-c c1-d c1-e c1-f c1-g\">\u00a0\u0110i\u1ec1u tr\u1ecb b\u1eb1ng b\u1eb1ng tinh th\u1ec3 \u0111\u00e1 qu\u00fd l\u00e0 m\u1ed9t li\u1ec7u ph\u00e1p an to\u00e0n, kh\u00f4ng x\u00e2m l\u1ea5n v\u00e0 kh\u00f4ng c\u1ea7n th\u1eddi gian ph\u1ee5c h\u1ed3i ho\u1eb7c ngh\u1ec9 ng\u01a1i. \u0110\u1ec3 h\u1ea1n ch\u1ebf nguy c\u01a1 x\u1ea3y ra b\u1ea5t k\u1ef3 t\u00e1c d\u1ee5ng ph\u1ee5 ti\u1ec1m \u1ea9n n\u00e0o, Miracle Wands s\u1ebd th\u1ef1c hi\u1ec7n ki\u1ec3m tra th\u1ec3 ch\u1ea5t k\u1ef9 l\u01b0\u1ee1ng v\u00e0 xem x\u00e9t b\u1ec7nh s\u1eed c\u1ee7a Qu\u00fd kh\u00e1ch h\u00e0ng tr\u01b0\u1edbc khi \u0111i\u1ec1u tr\u1ecb.\u00a0\u00a0<\/span><\/p>\n<\/div>\n<\/div>\n<div id=\"9fa05f50-3a50-4efc-85b8-d0f74273ae20\" class=\"x-el x-el-div x-el c1-1 c1-2 c1-11 c1-5y c1-4 c1-8d c1-9q c1-22 c1-8e c1-8f c1-b c1-c c1-7p c1-7q c1-d c1-e c1-f c1-g c1-1 c1-2 c1-b c1-c c1-d c1-e c1-f c1-g\" data-ux=\"ContentBasic\">\n<h4 class=\"x-el x-el-h4 c1-1 c1-2 c1-1k c1-1l c1-6v c1-2e c1-4e c1-1n c1-1o c1-b c1-9r c1-6l c1-1q c1-6o c1-6q c1-6r c1-6s\" role=\"heading\" aria-level=\"4\" data-ux=\"ContentHeading\" data-aid=\"CONTENT_HEADLINE6_RENDERED\" data-typography=\"HeadingDelta\">Th\u1eddi gian \u0111i\u1ec1u tr\u1ecb?<\/h4>\n<div class=\"x-el c1-1 c1-2 c1-1k c1-1l c1-1m c1-1n c1-1o c1-9s c1-9t c1-9u c1-9v c1-9w c1-9x c1-9y c1-9z c1-a0 c1-a1 c1-a2 c1-a3 c1-a4 c1-a5 c1-a6 c1-a7 c1-a8 c1-a9 c1-aa c1-ab c1-ac c1-ad c1-ae c1-af c1-ag c1-ah c1-ai c1-aj c1-83 c1-b c1-ak c1-c c1-1q c1-d c1-e c1-f c1-g x-rt\" data-ux=\"ContentText\" data-aid=\"CONTENT_DESCRIPTION6_RENDERED\" data-typography=\"BodyAlpha\">\n<p><span class=\"x-el x-el-span c1-72 c1-73 c1-b c1-c c1-d c1-e c1-f c1-g\">M\u1ed7i b\u1ec7nh nh\u00e2n \u0111\u1ec1u c\u00f3 kho\u1ea3ng th\u1eddi gian ch\u1eefa tr\u1ecb kh\u00e1c nhau, nh\u01b0ng \u0111a s\u1ed1 s\u1ebd th\u1ea5y d\u1ea5u hi\u1ec7u \u0111\u01b0\u1ee3c c\u1ea3i thi\u1ec7n ch\u1ec9 sau m\u1ed9t bu\u1ed5i \u0111i\u1ec1u tr\u1ecb. Miracle Wands Wellness Center\u2122 khuy\u1ebfn ngh\u1ecb Qu\u00fd kh\u00e1ch h\u00e0ng n\u00ean th\u1ef1c hi\u1ec7n m\u1ed9t li\u1ec7u tr\u00ecnh \u0111i\u1ec1u tr\u1ecb n\u0103m bu\u1ed5i c\u00e1ch nhau hai \u0111\u1ebfn ba tu\u1ea7n \u0111\u1ec3 th\u1ea5y k\u1ebft qu\u1ea3 r\u00f5 r\u1ec7t.<\/span><\/p>\n<p><span class=\"x-el x-el-span c1-72 c1-73 c1-b c1-c c1-d c1-e c1-f c1-g\">T\u00ecm hi\u1ec3u th\u00eam v\u1ec1 c\u00e1ch tr\u1ecb li\u1ec7u c\u1ee7a Miracle Wands, nh\u1eadn t\u01b0 v\u1ea5n tr\u1ef1c ti\u1ebfp ngay h\u00f4m nay b\u1eb1ng c\u00e1ch g\u1ecdi \u0111i\u1ec7n ho\u1eb7c nh\u1ea5p v\u00e0o \u0111\u1eb7t l\u1ecbch tr\u1ef1c tuy\u1ebfn.<\/span><\/p>\n<\/div>\n<\/div>\n<\/div>\n\t<\/div>\r\n<\/div>\r\n\r\n\r\n\r\n<a class=\"nectar-button large regular accent-color  regular-button\"  style=\"\"  href=\"https:\/\/miraclewands.com\/vi\/request-appointment\/\" data-color-override=\"false\" data-hover-color-override=\"false\" data-hover-text-color-override=\"#fff\"><span>\u0110\u1eb7t l\u1ecbch h\u1eb9n<\/span><\/a>\n\t\t<\/div> \n\t<\/div>\n\t<\/div> \n<\/div><\/div>\n\t\t\t<\/div> \n\t\t<\/div>\n\t<\/div> \n<\/div><\/div>","protected":false},"excerpt":{"rendered":"Miracle Wands Wellness Center\u2122 Knee pain is one of the most common joint-related health problems and can make even simple activities like getting out of bed in the morning, or...","protected":false},"author":1,"featured_media":0,"parent":0,"menu_order":0,"comment_status":"closed","ping_status":"closed","template":"","meta":{"_monsterinsights_skip_tracking":false,"_monsterinsights_sitenote_active":false,"_monsterinsights_sitenote_note":"","_monsterinsights_sitenote_category":0,"footnotes":""},"class_list":["post-6162","page","type-page","status-publish"],"_links":{"self":[{"href":"https:\/\/miraclewands.com\/vi\/wp-json\/wp\/v2\/pages\/6162","targetHints":{"allow":["GET"]}}],"collection":[{"href":"https:\/\/miraclewands.com\/vi\/wp-json\/wp\/v2\/pages"}],"about":[{"href":"https:\/\/miraclewands.com\/vi\/wp-json\/wp\/v2\/types\/page"}],"author":[{"embeddable":true,"href":"https:\/\/miraclewands.com\/vi\/wp-json\/wp\/v2\/users\/1"}],"replies":[{"embeddable":true,"href":"https:\/\/miraclewands.com\/vi\/wp-json\/wp\/v2\/comments?post=6162"}],"version-history":[{"count":0,"href":"https:\/\/miraclewands.com\/vi\/wp-json\/wp\/v2\/pages\/6162\/revisions"}],"wp:attachment":[{"href":"https:\/\/miraclewands.com\/vi\/wp-json\/wp\/v2\/media?parent=6162"}],"curies":[{"name":"wp","href":"https:\/\/api.w.org\/{rel}","templated":true}]}}