{"id":6165,"date":"2022-02-10T08:29:06","date_gmt":"2022-02-10T08:29:06","guid":{"rendered":"https:\/\/chivatherapy.com\/mw-dev\/?page_id=6165"},"modified":"2022-02-10T08:29:06","modified_gmt":"2022-02-10T08:29:06","slug":"migraine","status":"publish","type":"page","link":"https:\/\/miraclewands.com\/vi\/migraine\/","title":{"rendered":"Ch\u1ee9ng \u0111au n\u1eeda \u0111\u1ea7u"},"content":{"rendered":"<div id=\"fws_69e499d22d5b5\"  data-column-margin=\"default\" data-midnight=\"dark\"  class=\"wpb_row vc_row-fluid vc_row  vc_row-o-equal-height vc_row-flex\"  style=\"padding-top: 0px; padding-bottom: 0px; \"><div class=\"row-bg-wrap\" data-bg-animation=\"none\" data-bg-overlay=\"false\"><div class=\"inner-wrap\"><div class=\"row-bg\"  style=\"\"><\/div><\/div><\/div><div class=\"row_col_wrap_12 col span_12 dark left\">\n\t<div style=\"margin-top: 5%; \" class=\"vc_col-sm-6 wpb_column column_container vc_column_container col no-extra-padding inherit_tablet inherit_phone border_right_desktop_1px border_color_e2e2e2 border_style_solid\"  data-padding-pos=\"all\" data-has-bg-color=\"false\" data-bg-color=\"\" data-bg-opacity=\"1\" data-animation=\"\" data-delay=\"0\" >\n\t\t<div class=\"vc_column-inner\" >\n\t\t\t<div class=\"wpb_wrapper\">\n\t\t\t\t<div class=\"nectar-split-heading\" data-align=\"default\" data-m-align=\"inherit\" data-animation-type=\"default\" data-animation-delay=\"0\" data-m-rm-animation=\"\" data-stagger=\"\" data-custom-font-size=\"false\" ><div class=\"heading-line\" > <div><h3 style=\"text-align: center;\">Trung t\u00e2m ch\u0103m s\u00f3c s\u1ee9c kh\u1ecfe Miracle Wands<\/h3> <\/div> <\/div><\/div>\n\t\t\t<\/div> \n\t\t<\/div>\n\t<\/div> \n\n\t<div  class=\"vc_col-sm-6 wpb_column column_container vc_column_container col no-extra-padding inherit_tablet inherit_phone\"  data-padding-pos=\"all\" data-has-bg-color=\"false\" data-bg-color=\"\" data-bg-opacity=\"1\" data-animation=\"\" data-delay=\"0\" >\n\t\t<div class=\"vc_column-inner\" >\n\t\t\t<div class=\"wpb_wrapper\">\n\t\t\t\t\r\n<div class=\"wpb_text_column wpb_content_element\" >\r\n\t<div class=\"wpb_wrapper\">\r\n\t\t<p>B\u1ea1n c\u00f3 bi\u1ebft r\u1eb1ng ch\u1ee9ng \u0111au n\u1eeda \u0111\u1ea7u \u1ea3nh h\u01b0\u1edfng \u0111\u1ebfn 12% d\u00e2n s\u1ed1 trong \u0111\u1ed9 tu\u1ed5i t\u1eeb 18-44? Nh\u1eefng c\u01a1n \u0111au n\u1eeda \u0111\u1ea7u nghi\u00eam tr\u1ecdng th\u01b0\u1eddng khi\u1ebfn b\u1ea1n suy nh\u01b0\u1ee3c v\u00e0 \u1ea3nh h\u01b0\u1edfng nghi\u00eam tr\u1ecdng \u0111\u1ebfn c\u00e1c ho\u1ea1t \u0111\u1ed9ng h\u00e0ng ng\u00e0y trong cu\u1ed9c s\u1ed1ng c\u1ee7a b\u1ea1n. \u0110\u1ec3 t\u00ecm hi\u1ec3u th\u00eam v\u1ec1 ph\u01b0\u01a1ng ph\u00e1p \u0111\u1ed5i m\u1edbi d\u1ef1a tr\u00ean truy\u1ec1n th\u1ed1ng c\u1ed5 x\u01b0a n\u00e0y b\u1eb1ng c\u00e1ch g\u1ecdi \u0111i\u1ec7n ho\u1eb7c nh\u1ea5p v\u00e0o \u0111\u1eb7t l\u1ecbch tr\u1ef1c tuy\u1ebfn ngay h\u00f4m nay.<\/p>\n\t<\/div>\r\n<\/div>\r\n\r\n\r\n\r\n<a class=\"nectar-button large regular accent-color  regular-button\"  style=\"\"  href=\"https:\/\/miraclewands.com\/vi\/request-appointment\/\" data-color-override=\"false\" data-hover-color-override=\"false\" data-hover-text-color-override=\"#fff\"><span>\u0110\u1eb7t l\u1ecbch h\u1eb9n<\/span><\/a>\r\n<div class=\"wpb_text_column wpb_content_element\" >\r\n\t<div class=\"wpb_wrapper\">\r\n\t\t<p><span class=\"disclaimer\" style=\"font-weight: 400;\">*Miracle Wands b\u1ed5 sung cho ch\u1ebf \u0111\u1ed9 \u0111i\u1ec1u tr\u1ecb y t\u1ebf th\u00f4ng th\u01b0\u1eddng. M\u1ed7i Qu\u00fd kh\u00e1ch h\u00e0ng ph\u1ea3i tham kh\u1ea3o \u00fd ki\u1ebfn v\u00e0 theo d\u00f5i v\u1edbi nh\u00e0 cung c\u1ea5p d\u1ecbch v\u1ee5 ch\u0103m s\u00f3c s\u1ee9c kho\u1ebb th\u01b0\u1eddng xuy\u00ean c\u1ee7a h\u1ecd.<\/span><\/p>\n\t<\/div>\r\n<\/div>\r\n\r\n\r\n\r\n\n\t\t\t<\/div> \n\t\t<\/div>\n\t<\/div> \n<\/div><\/div>\r\n\t\t<div id=\"fws_69e499d22e7cf\"  data-column-margin=\"default\" data-midnight=\"dark\" data-top-percent=\"5%\" data-bottom-percent=\"5%\"  class=\"wpb_row vc_row-fluid vc_row full-width-section\"  style=\"padding-top: calc(100vw * 0.05); padding-bottom: calc(100vw * 0.05); \"><div class=\"row-bg-wrap\" data-bg-animation=\"none\" data-bg-overlay=\"false\"><div class=\"inner-wrap\"><div class=\"row-bg using-bg-color\"  style=\"background-color: #f6f6f6; \"><\/div><\/div><\/div><div class=\"row_col_wrap_12 col span_12 dark left\">\n\t<div  class=\"vc_col-sm-12 wpb_column column_container vc_column_container col no-extra-padding inherit_tablet inherit_phone\"  data-padding-pos=\"all\" data-has-bg-color=\"false\" data-bg-color=\"\" data-bg-opacity=\"1\" data-animation=\"\" data-delay=\"0\" >\n\t\t<div class=\"vc_column-inner\" >\n\t\t\t<div class=\"wpb_wrapper\">\n\t\t\t\t<div id=\"fws_69e499d22ef86\" data-midnight=\"\" data-column-margin=\"default\" class=\"wpb_row vc_row-fluid vc_row inner_row\"  style=\"\"><div class=\"row-bg-wrap\"> <div class=\"row-bg\" ><\/div> <\/div><div class=\"row_col_wrap_12_inner col span_12  left\">\n\t<div  class=\"vc_col-sm-12 wpb_column column_container vc_column_container col child_column no-extra-padding inherit_tablet inherit_phone\"   data-padding-pos=\"all\" data-has-bg-color=\"false\" data-bg-color=\"\" data-bg-opacity=\"1\" data-animation=\"\" data-delay=\"0\">\n\t\t<div class=\"vc_column-inner\" >\n\t\t<div class=\"wpb_wrapper\">\n\t\t\t<div class=\"nectar-split-heading\" data-align=\"center\" data-m-align=\"inherit\" data-animation-type=\"line-reveal-by-space\" data-animation-delay=\"0\" data-m-rm-animation=\"\" data-stagger=\"\" data-custom-font-size=\"true\" style=\"font-size: 26px; line-height: 28.08px;\"><h3 >H\u1ecfi \u0111\u00e1p v\u1ec1 ch\u1ee9ng \u0111au n\u1eeda \u0111\u1ea7u<\/h3><\/div>\n\t\t<\/div> \n\t<\/div>\n\t<\/div> \n<\/div><\/div><div id=\"fws_69e499d22f5fb\" data-midnight=\"\" data-column-margin=\"default\" class=\"wpb_row vc_row-fluid vc_row inner_row\"  style=\"\"><div class=\"row-bg-wrap\"> <div class=\"row-bg\" ><\/div> <\/div><div class=\"row_col_wrap_12_inner col span_12  left\">\n\t<div  class=\"vc_col-sm-3 wpb_column column_container vc_column_container col child_column no-extra-padding inherit_tablet inherit_phone\"   data-padding-pos=\"all\" data-has-bg-color=\"false\" data-bg-color=\"\" data-bg-opacity=\"1\" data-animation=\"\" data-delay=\"0\">\n\t\t<div class=\"vc_column-inner\" >\n\t\t<div class=\"wpb_wrapper\">\n\t\t\t<div class=\"img-with-aniamtion-wrap\" data-max-width=\"100%\" data-max-width-mobile=\"default\" data-shadow=\"none\" data-animation=\"fade-in\" >\r\n      <div class=\"inner\">\r\n        <div class=\"hover-wrap\"> \r\n          <div class=\"hover-wrap-inner\">\r\n            <img loading=\"lazy\" decoding=\"async\" class=\"img-with-animation skip-lazy\" data-delay=\"0\" height=\"265\" width=\"400\" data-animation=\"fade-in\" src=\"https:\/\/miraclewands.com\/wp-content\/uploads\/2022\/02\/rsw_400cg_truem-1.jpg\" alt=\"\" srcset=\"https:\/\/miraclewands.com\/wp-content\/uploads\/2022\/02\/rsw_400cg_truem-1.jpg 400w, https:\/\/miraclewands.com\/wp-content\/uploads\/2022\/02\/rsw_400cg_truem-1-300x199.jpg 300w\" sizes=\"auto, (min-width: 1450px) 75vw, (min-width: 1000px) 85vw, 100vw\" \/>\r\n          <\/div>\r\n        <\/div>\r\n      <\/div>\r\n    <\/div>\n\t\t<\/div> \n\t<\/div>\n\t<\/div> \n\n\t<div  class=\"vc_col-sm-9 wpb_column column_container vc_column_container col child_column no-extra-padding inherit_tablet inherit_phone\"   data-padding-pos=\"all\" data-has-bg-color=\"false\" data-bg-color=\"\" data-bg-opacity=\"1\" data-animation=\"\" data-delay=\"0\">\n\t\t<div class=\"vc_column-inner\" >\n\t\t<div class=\"wpb_wrapper\">\n\t\t\t\r\n<div class=\"wpb_text_column wpb_content_element\" >\r\n\t<div class=\"wpb_wrapper\">\r\n\t\t<div id=\"3facfe8d-dbb9-4065-9b9c-7b96e394dc44\" class=\"x-el x-el-div x-el c1-1 c1-2 c1-11 c1-5y c1-4 c1-8d c1-9q c1-22 c1-8e c1-8f c1-b c1-c c1-7p c1-7q c1-d c1-e c1-f c1-g c1-1 c1-2 c1-b c1-c c1-d c1-e c1-f c1-g\" data-ux=\"ContentBasic\">\n<h4 class=\"x-el x-el-h4 c1-1 c1-2 c1-1k c1-1l c1-6v c1-2e c1-4e c1-1n c1-1o c1-b c1-9r c1-6l c1-1q c1-6o c1-6q c1-6r c1-6s\" role=\"heading\" aria-level=\"4\" data-ux=\"ContentHeading\" data-aid=\"CONTENT_HEADLINE1_RENDERED\" data-typography=\"HeadingDelta\">\u0110au n\u1eeda \u0111\u1ea7u l\u00e0 g\u00ec?<\/h4>\n<div class=\"x-el c1-1 c1-2 c1-1k c1-1l c1-1m c1-1n c1-1o c1-9s c1-9t c1-9u c1-9v c1-9w c1-9x c1-9y c1-9z c1-a0 c1-a1 c1-a2 c1-a3 c1-a4 c1-a5 c1-a6 c1-a7 c1-a8 c1-a9 c1-aa c1-ab c1-ac c1-ad c1-ae c1-af c1-ag c1-ah c1-ai c1-aj c1-83 c1-b c1-ak c1-c c1-1q c1-d c1-e c1-f c1-g x-rt\" data-ux=\"ContentText\" data-aid=\"CONTENT_DESCRIPTION1_RENDERED\" data-typography=\"BodyAlpha\">\n<p><span class=\"x-el x-el-span c1-72 c1-73 c1-b c1-c c1-d c1-e c1-f c1-g\">\u00a0Ch\u1ee9ng \u0111au n\u1eeda \u0111\u1ea7u \u0111au \u0111\u1ea7u nghi\u00eam tr\u1ecdng h\u01a1n nhi\u1ec1u so v\u1edbi m\u1ed9t c\u01a1n \u0111au \u0111\u1ea7u th\u00f4ng th\u01b0\u1eddng. Thay v\u00e0o \u0111\u00f3, \u0111\u00f3 l\u00e0 m\u1ed9t lo\u1ea1t c\u00e1c tri\u1ec7u ch\u1ee9ng th\u1ea7n kinh \u0111\u01b0\u1ee3c bi\u1ec3u hi\u1ec7n b\u1eb1ng c\u01a1n \u0111au nh\u00f3i \u1edf m\u1ed9t b\u00ean \u0111\u1ea7u, m\u1edd m\u1eaft v\u00e0 nh\u1ea1y c\u1ea3m v\u1edbi \u00e1nh s\u00e1ng v\u00e0 \u00e2m thanh.\u00a0<\/span><\/p>\n<p><span class=\"x-el x-el-span c1-72 c1-73 c1-b c1-c c1-d c1-e c1-f c1-g\">C\u00e1c c\u01a1n \u0111au n\u1eeda \u0111\u1ea7u kh\u00e1c nhau v\u1ec1 \u0111\u1ed9 d\u00e0i v\u00e0 m\u1ee9c \u0111\u1ed9 nghi\u00eam tr\u1ecdng. M\u1ed9t s\u1ed1 t\u01b0\u01a1ng \u0111\u1ed1i nhanh trong khi m\u1ed9t s\u1ed1 kh\u00e1c k\u00e9o d\u00e0i h\u00e0ng gi\u1edd ho\u1eb7c th\u1eadm ch\u00ed nhi\u1ec1u ng\u00e0y.<\/span><\/p>\n<\/div>\n<\/div>\n<div id=\"639a1c7a-f23e-4fe3-a83e-522e3669ea2d\" class=\"x-el x-el-div x-el c1-1 c1-2 c1-11 c1-5y c1-4 c1-8d c1-9q c1-22 c1-8e c1-8f c1-b c1-c c1-7p c1-7q c1-d c1-e c1-f c1-g c1-1 c1-2 c1-b c1-c c1-d c1-e c1-f c1-g\" data-ux=\"ContentBasic\">\n<h4 class=\"x-el x-el-h4 c1-1 c1-2 c1-1k c1-1l c1-6v c1-2e c1-4e c1-1n c1-1o c1-b c1-9r c1-6l c1-1q c1-6o c1-6q c1-6r c1-6s\" role=\"heading\" aria-level=\"4\" data-ux=\"ContentHeading\" data-aid=\"CONTENT_HEADLINE2_RENDERED\" data-typography=\"HeadingDelta\">C\u00e1c giai \u0111o\u1ea1n c\u1ee7a ch\u1ee9ng \u0111au n\u1eeda \u0111\u1ea7u l\u00e0 g\u00ec?<\/h4>\n<div class=\"x-el c1-1 c1-2 c1-1k c1-1l c1-1m c1-1n c1-1o c1-9s c1-9t c1-9u c1-9v c1-9w c1-9x c1-9y c1-9z c1-a0 c1-a1 c1-a2 c1-a3 c1-a4 c1-a5 c1-a6 c1-a7 c1-a8 c1-a9 c1-aa c1-ab c1-ac c1-ad c1-ae c1-af c1-ag c1-ah c1-ai c1-aj c1-83 c1-b c1-ak c1-c c1-1q c1-d c1-e c1-f c1-g x-rt\" data-ux=\"ContentText\" data-aid=\"CONTENT_DESCRIPTION2_RENDERED\" data-typography=\"BodyAlpha\">\n<p><span class=\"x-el x-el-span c1-72 c1-73 c1-b c1-c c1-d c1-e c1-f c1-g\">\u00a0Ch\u1ee9ng \u0111au n\u1eeda \u0111\u1ea7u x\u1ea3y ra theo b\u1ed1n giai \u0111o\u1ea1n ri\u00eang bi\u1ec7t, nh\u01b0ng kh\u00f4ng ph\u1ea3i ai b\u1ecb ch\u1ee9ng \u0111au n\u1eeda \u0111\u1ea7u c\u0169ng tr\u1ea3i qua t\u00ecnh tr\u1ea1ng gi\u1ed1ng nhau.<\/span><\/p>\n<div>\n<h3 class=\"x-el x-el-h4 c1-72 c1-73 c1-1k c1-1l c1-6v c1-2e c1-4e c1-1n c1-1o c1-b c1-9r c1-6l c1-1q c1-6o c1-6q c1-6r c1-6s\">M\u01a1 h\u1ed3<\/h3>\n<\/div>\n<p><span class=\"x-el x-el-span c1-72 c1-73 c1-b c1-c c1-d c1-e c1-f c1-g\">M\u01a1 h\u1ed3 l\u00e0 kho\u1ea3ng th\u1eddi gian tr\u1ef1c ti\u1ebfp d\u1eabn \u0111\u1ebfn ch\u1ee9ng \u0111au n\u1eeda \u0111\u1ea7u. Nhi\u1ec1u ng\u01b0\u1eddi g\u1eb7p c\u00e1c tri\u1ec7u ch\u1ee9ng kh\u00f3 ph\u00e1t hi\u1ec7n trong giai \u0111o\u1ea1n ti\u1ec1n tri\u1ec7u bao g\u1ed3m c\u1ee9ng c\u01a1, kh\u00f3 ch\u1ecbu ho\u1eb7c th\u00e8m \u0103n dai d\u1eb3ng.<\/span><\/p>\n<div>\n<h3 class=\"x-el x-el-h4 c1-72 c1-73 c1-1k c1-1l c1-6v c1-2e c1-4e c1-1n c1-1o c1-b c1-9r c1-6l c1-1q c1-6o c1-6q c1-6r c1-6s\">H\u00e0o quang<\/h3>\n<\/div>\n<p><span class=\"x-el x-el-span c1-72 c1-73 c1-b c1-c c1-d c1-e c1-f c1-g\">H\u00e0o quang l\u00e0 c\u1ea3m gi\u00e1c do ch\u1ee9ng \u0111au n\u1eeda \u0111\u1ea7u g\u00e2y ra. Ch\u00fang th\u01b0\u1eddng k\u00e9o d\u00e0i t\u1eeb 20-60 ph\u00fat v\u00e0 bao g\u1ed3m c\u00e1c tia s\u00e1ng, qu\u1ea7ng s\u00e1ng xung quanh, c\u1ea3m gi\u00e1c ng\u1ee9a ran \u1edf ch\u00e2n tay v\u00e0 kh\u00f3 n\u00f3i.<\/span><\/p>\n<div>\n<h3 class=\"x-el x-el-h4 c1-72 c1-73 c1-1k c1-1l c1-6v c1-2e c1-4e c1-1n c1-1o c1-b c1-9r c1-6l c1-1q c1-6o c1-6q c1-6r c1-6s\">T\u1ea5n c\u00f4ng<\/h3>\n<\/div>\n<p><span class=\"x-el x-el-span c1-72 c1-73 c1-b c1-c c1-d c1-e c1-f c1-g\">Giai \u0111o\u1ea1n t\u1ea5n c\u00f4ng c\u1ee7a ch\u1ee9ng \u0111au n\u1eeda \u0111\u1ea7u x\u1ea3y ra khi ch\u1ee9ng \u0111au n\u1eeda \u0111\u1ea7u b\u1eaft \u0111\u1ea7u ho\u00e0n to\u00e0n. C\u00e1c tri\u1ec7u ch\u1ee9ng ph\u1ed5 bi\u1ebfn li\u00ean quan \u0111\u1ebfn giai \u0111o\u1ea1n t\u1ea5n c\u00f4ng bao g\u1ed3m \u0111au nh\u00f3i, bu\u1ed3n n\u00f4n v\u00e0 nh\u1ea1y c\u1ea3m v\u1edbi m\u00f9i v\u00e0 \u00e2m thanh.\u00a0<\/span><\/p>\n<div>\n<h3 class=\"x-el x-el-h4 c1-72 c1-73 c1-1k c1-1l c1-6v c1-2e c1-4e c1-1n c1-1o c1-b c1-9r c1-6l c1-1q c1-6o c1-6q c1-6r c1-6s\">Sau c\u01a1n \u0111au<\/h3>\n<\/div>\n<p><span class=\"x-el x-el-span c1-72 c1-73 c1-b c1-c c1-d c1-e c1-f c1-g\">Giai \u0111o\u1ea1n n\u00e0y x\u1ea3y ra ngay sau c\u01a1n \u0111au n\u1eeda \u0111\u1ea7u. Nhi\u1ec1u ng\u01b0\u1eddi cho bi\u1ebft h\u1ecd c\u1ea3m th\u1ea5y th\u01b0 gi\u00e3n v\u00e0 th\u1eadm ch\u00ed ph\u1ea5n ch\u1ea5n trong giai \u0111o\u1ea1n n\u00e0y nh\u01b0ng c\u0169ng c\u1ea3m th\u1ea5y ki\u1ec7t s\u1ee9c.\u00a0\u00a0<\/span><\/p>\n<\/div>\n<\/div>\n<div id=\"fd15ebb9-2ddf-4dae-b583-b25a194fbb51\" class=\"x-el x-el-div x-el c1-1 c1-2 c1-11 c1-5y c1-4 c1-8d c1-9q c1-22 c1-8e c1-8f c1-b c1-c c1-7p c1-7q c1-d c1-e c1-f c1-g c1-1 c1-2 c1-b c1-c c1-d c1-e c1-f c1-g\" data-ux=\"ContentBasic\">\n<h4 class=\"x-el x-el-h4 c1-1 c1-2 c1-1k c1-1l c1-6v c1-2e c1-4e c1-1n c1-1o c1-b c1-9r c1-6l c1-1q c1-6o c1-6q c1-6r c1-6s\" role=\"heading\" aria-level=\"4\" data-ux=\"ContentHeading\" data-aid=\"CONTENT_HEADLINE3_RENDERED\" data-typography=\"HeadingDelta\">Ph\u01b0\u01a1ng ph\u00e1p \u0111i\u1ec1u tr\u1ecb?<\/h4>\n<div class=\"x-el c1-1 c1-2 c1-1k c1-1l c1-1m c1-1n c1-1o c1-9s c1-9t c1-9u c1-9v c1-9w c1-9x c1-9y c1-9z c1-a0 c1-a1 c1-a2 c1-a3 c1-a4 c1-a5 c1-a6 c1-a7 c1-a8 c1-a9 c1-aa c1-ab c1-ac c1-ad c1-ae c1-af c1-ag c1-ah c1-ai c1-aj c1-83 c1-b c1-ak c1-c c1-1q c1-d c1-e c1-f c1-g x-rt\" data-ux=\"ContentText\" data-aid=\"CONTENT_DESCRIPTION3_RENDERED\" data-typography=\"BodyAlpha\">\n<p><span class=\"x-el x-el-span c1-72 c1-73 c1-b c1-c c1-d c1-e c1-f c1-g\">\u00a0Miracle Wands Wellness Center\u2122 th\u1ef1c hi\u1ec7n li\u1ec7u ph\u00e1p \u0111i\u1ec1u tr\u1ecb b\u1eb1ng tinh th\u1ec3 \u0111\u00e1 qu\u00fd ngay t\u1ea1i ch\u1ed7.<\/span><\/p>\n<p><span class=\"x-el x-el-span c1-72 c1-73 c1-b c1-c c1-d c1-e c1-f c1-g\">Tr\u01b0\u1edbc bu\u1ed5i kh\u00e1m, Miracle Wands s\u1ebd kh\u00e1m s\u1ee9c kh\u1ecfe to\u00e0n di\u1ec7n  v\u00e0 h\u1ecfi Qu\u00fd kh\u00e1ch h\u00e0ng v\u1ec1 c\u00e1c tri\u1ec7u ch\u1ee9ng \u0111ang g\u1eb7p ph\u1ea3i.<\/span><\/p>\n<p><span class=\"x-el x-el-span c1-72 c1-73 c1-b c1-c c1-d c1-e c1-f c1-g\">Ti\u1ebfp theo, t\u1ea1i gi\u01b0\u1eddng kh\u00e1m Miracle Wands s\u1ebd \u0111\u1eb7t tinh th\u1ec3 \u0111\u00e1 qu\u00fd l\u00ean c\u00e1c \u0111i\u1ec3m \u00e1p l\u1ef1c c\u1ee5 th\u1ec3 g\u00e2y ra c\u01a1n \u0111au n\u1eeda \u0111\u1ea7u, m\u1ed9t qu\u00e1 tr\u00ecnh \u0111\u01b0\u1ee3c bi\u1ebft l\u00e0 k\u00edch ho\u1ea1t li\u1ec7u ph\u00e1p nhi\u1ec7t. Ngo\u00e0i vi\u1ec7c t\u0103ng c\u01b0\u1eddng tu\u1ea7n ho\u00e0n v\u00e0 gi\u1ea3m vi\u00eam, li\u1ec7u ph\u00e1p nhi\u1ec7t c\u00f2n \u0111\u01b0\u1ee3c ch\u1ee9ng minh l\u00e2m s\u00e0ng gi\u00fap gi\u1ea3m bu\u1ed3n n\u00f4n v\u00e0 n\u00f4n - hai tri\u1ec7u ch\u1ee9ng ph\u1ed5 bi\u1ebfn li\u00ean quan \u0111\u1ebfn ch\u1ee9ng \u0111au n\u1eeda \u0111\u1ea7u.<\/span><\/p>\n<\/div>\n<\/div>\n<div id=\"35c4dc84-0a20-488b-911d-576d9d715187\" class=\"x-el x-el-div x-el c1-1 c1-2 c1-11 c1-5y c1-4 c1-8d c1-9q c1-22 c1-8e c1-8f c1-b c1-c c1-7p c1-7q c1-d c1-e c1-f c1-g c1-1 c1-2 c1-b c1-c c1-d c1-e c1-f c1-g\" data-ux=\"ContentBasic\">\n<h4 class=\"x-el x-el-h4 c1-1 c1-2 c1-1k c1-1l c1-6v c1-2e c1-4e c1-1n c1-1o c1-b c1-9r c1-6l c1-1q c1-6o c1-6q c1-6r c1-6s\" role=\"heading\" aria-level=\"4\" data-ux=\"ContentHeading\" data-aid=\"CONTENT_HEADLINE4_RENDERED\" data-typography=\"HeadingDelta\">T\u1ea1i sao ph\u01b0\u01a1ng ph\u00e1p \u0111i\u1ec1u tr\u1ecb b\u1eb1ng tinh th\u1ec3 \u0111\u00e1 qu\u00fd l\u1ea1i hi\u1ec7u qu\u1ea3 h\u01a1n c\u00e1c ph\u01b0\u01a1ng ph\u00e1p truy\u1ec1n th\u1ed1ng?<\/h4>\n<div class=\"x-el c1-1 c1-2 c1-1k c1-1l c1-1m c1-1n c1-1o c1-9s c1-9t c1-9u c1-9v c1-9w c1-9x c1-9y c1-9z c1-a0 c1-a1 c1-a2 c1-a3 c1-a4 c1-a5 c1-a6 c1-a7 c1-a8 c1-a9 c1-aa c1-ab c1-ac c1-ad c1-ae c1-af c1-ag c1-ah c1-ai c1-aj c1-83 c1-b c1-ak c1-c c1-1q c1-d c1-e c1-f c1-g x-rt\" data-ux=\"ContentText\" data-aid=\"CONTENT_DESCRIPTION4_RENDERED\" data-typography=\"BodyAlpha\">\n<p><span class=\"x-el x-el-span c1-72 c1-73 c1-b c1-c c1-d c1-e c1-f c1-g\">\u00a0Nhi\u1ec1u lo\u1ea1i thu\u1ed1c k\u00ea \u0111\u01a1n d\u00f9ng \u0111\u1ec3 \u0111i\u1ec1u tr\u1ecb tri\u1ec7u ch\u1ee9ng \u0111au n\u1eeda \u0111\u1ea7u c\u00f3 t\u00e1c d\u1ee5ng ph\u1ee5 c\u00f2n t\u1ec7 h\u01a1n c\u1ea3 c\u01a1n \u0111au \u0111\u1ea7u.\u00a0<\/span><\/p>\n<p><span class=\"x-el x-el-span c1-72 c1-73 c1-b c1-c c1-d c1-e c1-f c1-g\">\u0110i\u1ec1u tr\u1ecb b\u1eb1ng tinh th\u1ec3 \u0111\u00e1 qu\u00fd ho\u00e0n to\u00e0n kh\u00f4ng x\u00e2m l\u1ea5n v\u00e0 kh\u00f4ng d\u00f9ng h\u00f3a ch\u1ea5t. N\u00f3 khuy\u1ebfn kh\u00edch vi\u1ec7c t\u1ea1o ra t\u1ebf b\u00e0o v\u00e0 c\u1ea3i thi\u1ec7n s\u1ee9c kh\u1ecfe th\u00f4ng qua vi\u1ec7c \u0111\u1eb7t tinh th\u1ec3 \u0111\u00e1 qu\u00fd khoa h\u1ecdc t\u1ea1i c\u00e1c \u0111i\u1ec3m \u00e1p l\u1ef1c kh\u00e1c nhau tr\u00ean c\u01a1 th\u1ec3. \u0110\u1ec3 t\u00ecm hi\u1ec3u th\u00eam v\u1ec1 ph\u01b0\u01a1ng ph\u00e1p \u0111i\u1ec1u tr\u1ecb c\u1ee7a Miracle Wands, nh\u1eadn t\u01b0 v\u1ea5n tr\u1ef1c ti\u1ebfp ngay h\u00f4m nay b\u1eb1ng c\u00e1ch g\u1ecdi \u0111i\u1ec7n ho\u1eb7c nh\u1ea5p v\u00e0o \u0111\u1eb7t l\u1ecbch tr\u1ef1c tuy\u1ebfn.<\/span><\/p>\n<\/div>\n<\/div>\n\t<\/div>\r\n<\/div>\r\n\r\n\r\n\r\n<a class=\"nectar-button large regular accent-color  regular-button\"  style=\"\"  href=\"https:\/\/miraclewands.com\/vi\/request-appointment\/\" data-color-override=\"false\" data-hover-color-override=\"false\" data-hover-text-color-override=\"#fff\"><span>\u0110\u1eb7t l\u1ecbch h\u1eb9n<\/span><\/a>\n\t\t<\/div> \n\t<\/div>\n\t<\/div> \n<\/div><\/div>\n\t\t\t<\/div> \n\t\t<\/div>\n\t<\/div> \n<\/div><\/div>","protected":false},"excerpt":{"rendered":"Miracle Wands Wellness Center\u2122 Did you know that migraine affects 12% of the population between the ages of 18-44? These painful, often debilitating headaches can wreak havoc on your life...","protected":false},"author":1,"featured_media":0,"parent":0,"menu_order":0,"comment_status":"closed","ping_status":"closed","template":"","meta":{"_monsterinsights_skip_tracking":false,"_monsterinsights_sitenote_active":false,"_monsterinsights_sitenote_note":"","_monsterinsights_sitenote_category":0,"footnotes":""},"class_list":["post-6165","page","type-page","status-publish"],"_links":{"self":[{"href":"https:\/\/miraclewands.com\/vi\/wp-json\/wp\/v2\/pages\/6165","targetHints":{"allow":["GET"]}}],"collection":[{"href":"https:\/\/miraclewands.com\/vi\/wp-json\/wp\/v2\/pages"}],"about":[{"href":"https:\/\/miraclewands.com\/vi\/wp-json\/wp\/v2\/types\/page"}],"author":[{"embeddable":true,"href":"https:\/\/miraclewands.com\/vi\/wp-json\/wp\/v2\/users\/1"}],"replies":[{"embeddable":true,"href":"https:\/\/miraclewands.com\/vi\/wp-json\/wp\/v2\/comments?post=6165"}],"version-history":[{"count":0,"href":"https:\/\/miraclewands.com\/vi\/wp-json\/wp\/v2\/pages\/6165\/revisions"}],"wp:attachment":[{"href":"https:\/\/miraclewands.com\/vi\/wp-json\/wp\/v2\/media?parent=6165"}],"curies":[{"name":"wp","href":"https:\/\/api.w.org\/{rel}","templated":true}]}}