{"id":6167,"date":"2022-02-10T08:30:58","date_gmt":"2022-02-10T08:30:58","guid":{"rendered":"https:\/\/chivatherapy.com\/mw-dev\/?page_id=6167"},"modified":"2022-02-10T08:30:58","modified_gmt":"2022-02-10T08:30:58","slug":"sinusitis","status":"publish","type":"page","link":"https:\/\/miraclewands.com\/vi\/sinusitis\/","title":{"rendered":"Vi\u00eam xoang"},"content":{"rendered":"<div id=\"fws_69e736c64ed43\"  data-column-margin=\"default\" data-midnight=\"dark\"  class=\"wpb_row vc_row-fluid vc_row  vc_row-o-equal-height vc_row-flex\"  style=\"padding-top: 0px; padding-bottom: 0px; \"><div class=\"row-bg-wrap\" data-bg-animation=\"none\" data-bg-overlay=\"false\"><div class=\"inner-wrap\"><div class=\"row-bg\"  style=\"\"><\/div><\/div><\/div><div class=\"row_col_wrap_12 col span_12 dark left\">\n\t<div style=\"margin-top: 5%; \" class=\"vc_col-sm-6 wpb_column column_container vc_column_container col no-extra-padding inherit_tablet inherit_phone border_right_desktop_1px border_color_e2e2e2 border_style_solid\"  data-padding-pos=\"all\" data-has-bg-color=\"false\" data-bg-color=\"\" data-bg-opacity=\"1\" data-animation=\"\" data-delay=\"0\" >\n\t\t<div class=\"vc_column-inner\" >\n\t\t\t<div class=\"wpb_wrapper\">\n\t\t\t\t<div class=\"nectar-split-heading\" data-align=\"default\" data-m-align=\"inherit\" data-animation-type=\"default\" data-animation-delay=\"0\" data-m-rm-animation=\"\" data-stagger=\"\" data-custom-font-size=\"false\" ><div class=\"heading-line\" > <div><p>Trung t\u00e2m ch\u0103m s\u00f3c s\u1ee9c kh\u1ecfe Miracle Wands<\/p> <\/div> <\/div><div class=\"heading-line\" > <div><p>&nbsp;<\/p> <\/div> <\/div><div class=\"heading-line\" > <div><p>Med Spa &amp; Holistic Treatment Center located in Huntington Beach, CA<\/p> <\/div> <\/div><\/div>\n\t\t\t<\/div> \n\t\t<\/div>\n\t<\/div> \n\n\t<div  class=\"vc_col-sm-6 wpb_column column_container vc_column_container col no-extra-padding inherit_tablet inherit_phone\"  data-padding-pos=\"all\" data-has-bg-color=\"false\" data-bg-color=\"\" data-bg-opacity=\"1\" data-animation=\"\" data-delay=\"0\" >\n\t\t<div class=\"vc_column-inner\" >\n\t\t\t<div class=\"wpb_wrapper\">\n\t\t\t\t\r\n<div class=\"wpb_text_column wpb_content_element\" >\r\n\t<div class=\"wpb_wrapper\">\r\n\t\t<p>Vi\u00eam xoang, l\u00e0 m\u1ed9t v\u1ea5n \u0111\u1ec1 ph\u1ed5 bi\u1ebfn nh\u01b0ng g\u00e2y t\u00e1c \u0111\u1ed9ng kh\u00f3 ch\u1ecbu. N\u1ebfu \u0111\u00e3 th\u1eed nhi\u1ec1u ph\u01b0\u01a1ng ph\u00e1p \u0111i\u1ec1u tr\u1ecb kh\u00e1c nhau nh\u01b0ng v\u1eabn kh\u00f4ng th\u1ec3 gi\u1ea3m b\u1edbt t\u00ecnh tr\u1ea1ng h\u1eaft h\u01a1i ho\u1eb7c ch\u1ea3y n\u01b0\u1edbc m\u0169i, Qu\u00fd kh\u00e1ch h\u00e0ng n\u00ean c\u00e2n nh\u1eafc \u0111i\u1ec1u tr\u1ecb to\u00e0n di\u1ec7n. \u0110\u1ec3 t\u00ecm hi\u1ec3u th\u00eam v\u1ec1 ph\u01b0\u01a1ng ph\u00e1p \u0111\u1ed5i m\u1edbi d\u1ef1a tr\u00ean truy\u1ec1n th\u1ed1ng c\u1ed5 x\u01b0a n\u00e0y b\u1eb1ng c\u00e1ch g\u1ecdi \u0111i\u1ec7n ho\u1eb7c nh\u1ea5p v\u00e0o \u0111\u1eb7t l\u1ecbch tr\u1ef1c tuy\u1ebfn ngay h\u00f4m nay.<\/p>\n\t<\/div>\r\n<\/div>\r\n\r\n\r\n\r\n<a class=\"nectar-button large regular accent-color  regular-button\"  style=\"\"  href=\"#\" data-color-override=\"false\" data-hover-color-override=\"false\" data-hover-text-color-override=\"#fff\"><span>\u0110\u1eb7t l\u1ecbch h\u1eb9n<\/span><\/a>\r\n<div class=\"wpb_text_column wpb_content_element\" >\r\n\t<div class=\"wpb_wrapper\">\r\n\t\t<p><span class=\"disclaimer\" style=\"font-weight: 400;\">*Miracle Wands b\u1ed5 sung cho ch\u1ebf \u0111\u1ed9 \u0111i\u1ec1u tr\u1ecb y t\u1ebf th\u00f4ng th\u01b0\u1eddng. M\u1ed7i Qu\u00fd kh\u00e1ch h\u00e0ng ph\u1ea3i tham kh\u1ea3o \u00fd ki\u1ebfn v\u00e0 theo d\u00f5i v\u1edbi nh\u00e0 cung c\u1ea5p d\u1ecbch v\u1ee5 ch\u0103m s\u00f3c s\u1ee9c kho\u1ebb th\u01b0\u1eddng xuy\u00ean c\u1ee7a h\u1ecd.<\/span><\/p>\n\t<\/div>\r\n<\/div>\r\n\r\n\r\n\r\n\n\t\t\t<\/div> \n\t\t<\/div>\n\t<\/div> \n<\/div><\/div>\r\n\t\t<div id=\"fws_69e736c6532ba\"  data-column-margin=\"default\" data-midnight=\"dark\" data-top-percent=\"5%\" data-bottom-percent=\"5%\"  class=\"wpb_row vc_row-fluid vc_row full-width-section\"  style=\"padding-top: calc(100vw * 0.05); padding-bottom: calc(100vw * 0.05); \"><div class=\"row-bg-wrap\" data-bg-animation=\"none\" data-bg-overlay=\"false\"><div class=\"inner-wrap\"><div class=\"row-bg using-bg-color\"  style=\"background-color: #f6f6f6; \"><\/div><\/div><\/div><div class=\"row_col_wrap_12 col span_12 dark left\">\n\t<div  class=\"vc_col-sm-12 wpb_column column_container vc_column_container col no-extra-padding inherit_tablet inherit_phone\"  data-padding-pos=\"all\" data-has-bg-color=\"false\" data-bg-color=\"\" data-bg-opacity=\"1\" data-animation=\"\" data-delay=\"0\" >\n\t\t<div class=\"vc_column-inner\" >\n\t\t\t<div class=\"wpb_wrapper\">\n\t\t\t\t<div id=\"fws_69e736c6540e5\" data-midnight=\"\" data-column-margin=\"default\" class=\"wpb_row vc_row-fluid vc_row inner_row\"  style=\"\"><div class=\"row-bg-wrap\"> <div class=\"row-bg\" ><\/div> <\/div><div class=\"row_col_wrap_12_inner col span_12  left\">\n\t<div  class=\"vc_col-sm-12 wpb_column column_container vc_column_container col child_column no-extra-padding inherit_tablet inherit_phone\"   data-padding-pos=\"all\" data-has-bg-color=\"false\" data-bg-color=\"\" data-bg-opacity=\"1\" data-animation=\"\" data-delay=\"0\">\n\t\t<div class=\"vc_column-inner\" >\n\t\t<div class=\"wpb_wrapper\">\n\t\t\t<div class=\"nectar-split-heading\" data-align=\"center\" data-m-align=\"inherit\" data-animation-type=\"line-reveal-by-space\" data-animation-delay=\"0\" data-m-rm-animation=\"\" data-stagger=\"\" data-custom-font-size=\"true\" style=\"font-size: 26px; line-height: 28.08px;\"><h3 >H\u1ecfi \u0111\u00e1p vi\u00eam xoang<\/h3><\/div>\n\t\t<\/div> \n\t<\/div>\n\t<\/div> \n<\/div><\/div><div id=\"fws_69e736c654dfe\" data-midnight=\"\" data-column-margin=\"default\" class=\"wpb_row vc_row-fluid vc_row inner_row\"  style=\"\"><div class=\"row-bg-wrap\"> <div class=\"row-bg\" ><\/div> <\/div><div class=\"row_col_wrap_12_inner col span_12  left\">\n\t<div  class=\"vc_col-sm-3 wpb_column column_container vc_column_container col child_column no-extra-padding inherit_tablet inherit_phone\"   data-padding-pos=\"all\" data-has-bg-color=\"false\" data-bg-color=\"\" data-bg-opacity=\"1\" data-animation=\"\" data-delay=\"0\">\n\t\t<div class=\"vc_column-inner\" >\n\t\t<div class=\"wpb_wrapper\">\n\t\t\t<div class=\"img-with-aniamtion-wrap\" data-max-width=\"100%\" data-max-width-mobile=\"default\" data-shadow=\"none\" data-animation=\"fade-in\" >\r\n      <div class=\"inner\">\r\n        <div class=\"hover-wrap\"> \r\n          <div class=\"hover-wrap-inner\">\r\n            <img loading=\"lazy\" decoding=\"async\" class=\"img-with-animation skip-lazy\" data-delay=\"0\" height=\"265\" width=\"400\" data-animation=\"fade-in\" src=\"https:\/\/miraclewands.com\/wp-content\/uploads\/2022\/02\/rsw_400cg_truem-1.jpg\" alt=\"\" srcset=\"https:\/\/miraclewands.com\/wp-content\/uploads\/2022\/02\/rsw_400cg_truem-1.jpg 400w, https:\/\/miraclewands.com\/wp-content\/uploads\/2022\/02\/rsw_400cg_truem-1-300x199.jpg 300w\" sizes=\"auto, (min-width: 1450px) 75vw, (min-width: 1000px) 85vw, 100vw\" \/>\r\n          <\/div>\r\n        <\/div>\r\n      <\/div>\r\n    <\/div>\n\t\t<\/div> \n\t<\/div>\n\t<\/div> \n\n\t<div  class=\"vc_col-sm-9 wpb_column column_container vc_column_container col child_column no-extra-padding inherit_tablet inherit_phone\"   data-padding-pos=\"all\" data-has-bg-color=\"false\" data-bg-color=\"\" data-bg-opacity=\"1\" data-animation=\"\" data-delay=\"0\">\n\t\t<div class=\"vc_column-inner\" >\n\t\t<div class=\"wpb_wrapper\">\n\t\t\t\r\n<div class=\"wpb_text_column wpb_content_element\" >\r\n\t<div class=\"wpb_wrapper\">\r\n\t\t<div id=\"3facfe8d-dbb9-4065-9b9c-7b96e394dc44\" class=\"x-el x-el-div x-el c1-1 c1-2 c1-11 c1-5y c1-4 c1-8d c1-9q c1-22 c1-8e c1-8f c1-b c1-c c1-7p c1-7q c1-d c1-e c1-f c1-g c1-1 c1-2 c1-b c1-c c1-d c1-e c1-f c1-g\" data-ux=\"ContentBasic\">\n<h4 class=\"x-el x-el-h4 c1-1 c1-2 c1-1k c1-1l c1-6v c1-2e c1-4e c1-1n c1-1o c1-b c1-9r c1-6l c1-1q c1-6o c1-6q c1-6r c1-6s\" role=\"heading\" aria-level=\"4\" data-ux=\"ContentHeading\" data-aid=\"CONTENT_HEADLINE1_RENDERED\" data-typography=\"HeadingDelta\">Nguy\u00ean nh\u00e2n g\u00e2y vi\u00eam xoang l\u00e0 g\u00ec?<\/h4>\n<div class=\"x-el c1-1 c1-2 c1-1k c1-1l c1-1m c1-1n c1-1o c1-9s c1-9t c1-9u c1-9v c1-9w c1-9x c1-9y c1-9z c1-a0 c1-a1 c1-a2 c1-a3 c1-a4 c1-a5 c1-a6 c1-a7 c1-a8 c1-a9 c1-aa c1-ab c1-ac c1-ad c1-ae c1-af c1-ag c1-ah c1-ai c1-aj c1-83 c1-b c1-ak c1-c c1-1q c1-d c1-e c1-f c1-g x-rt\" data-ux=\"ContentText\" data-aid=\"CONTENT_DESCRIPTION1_RENDERED\" data-typography=\"BodyAlpha\">\n<p><span class=\"x-el x-el-span c1-72 c1-73 c1-b c1-c c1-d c1-e c1-f c1-g\">Ba nguy\u00ean nh\u00e2n ph\u1ed5 bi\u1ebfn nh\u1ea5t g\u00e2y vi\u00eam xoang l\u00e0 nhi\u1ec5m tr\u00f9ng \u0111\u01b0\u1eddng h\u00f4 h\u1ea5p, polyp m\u0169i v\u00e0 s\u01b0ng ni\u00eam m\u1ea1c xoang. Vi\u00eam xoang c\u1ea5p t\u00ednh ho\u1eb7c vi\u00eam xoang k\u00e9o d\u00e0i trong 4 tu\u1ea7n ho\u1eb7c \u00edt h\u01a1n, th\u01b0\u1eddng do c\u1ea3m l\u1ea1nh ho\u1eb7c c\u00fam g\u00e2y ra. Vi\u00eam xoang m\u00e3n t\u00ednh, k\u00e9o d\u00e0i t\u1eeb 12 tu\u1ea7n tr\u1edf l\u00ean, th\u01b0\u1eddng l\u00e0 v\u1ea5n \u0111\u1ec1 h\u00f4 h\u1ea5p nghi\u00eam tr\u1ecdng h\u01a1n.\u00a0<\/span><\/p>\n<\/div>\n<\/div>\n<div id=\"639a1c7a-f23e-4fe3-a83e-522e3669ea2d\" class=\"x-el x-el-div x-el c1-1 c1-2 c1-11 c1-5y c1-4 c1-8d c1-9q c1-22 c1-8e c1-8f c1-b c1-c c1-7p c1-7q c1-d c1-e c1-f c1-g c1-1 c1-2 c1-b c1-c c1-d c1-e c1-f c1-g\" data-ux=\"ContentBasic\">\n<h4 class=\"x-el x-el-h4 c1-1 c1-2 c1-1k c1-1l c1-6v c1-2e c1-4e c1-1n c1-1o c1-b c1-9r c1-6l c1-1q c1-6o c1-6q c1-6r c1-6s\" role=\"heading\" aria-level=\"4\" data-ux=\"ContentHeading\" data-aid=\"CONTENT_HEADLINE2_RENDERED\" data-typography=\"HeadingDelta\">C\u00e1c tri\u1ec7u ch\u1ee9ng c\u1ee7a vi\u00eam xoang l\u00e0 g\u00ec?<\/h4>\n<div class=\"x-el c1-1 c1-2 c1-1k c1-1l c1-1m c1-1n c1-1o c1-9s c1-9t c1-9u c1-9v c1-9w c1-9x c1-9y c1-9z c1-a0 c1-a1 c1-a2 c1-a3 c1-a4 c1-a5 c1-a6 c1-a7 c1-a8 c1-a9 c1-aa c1-ab c1-ac c1-ad c1-ae c1-af c1-ag c1-ah c1-ai c1-aj c1-83 c1-b c1-ak c1-c c1-1q c1-d c1-e c1-f c1-g x-rt\" data-ux=\"ContentText\" data-aid=\"CONTENT_DESCRIPTION2_RENDERED\" data-typography=\"BodyAlpha\">\n<p><span class=\"x-el x-el-span c1-72 c1-73 c1-b c1-c c1-d c1-e c1-f c1-g\">\u00a0Tri\u1ec7u ch\u1ee9ng vi\u00eam xoang \u1edf m\u1ed7i c\u00e1 nh\u00e2n kh\u00e1c nhau, nh\u01b0ng m\u1ed9t s\u1ed1 d\u1ea5u hi\u1ec7u nh\u1eadn bi\u1ebft ph\u1ed5 bi\u1ebfn bao g\u1ed3m:<\/span><\/p>\n<ul>\n<li class=\"x-el x-el-span c1-72 c1-73 c1-b c1-c c1-d c1-e c1-f c1-g\">Vi\u00eam m\u0169i<\/li>\n<li class=\"x-el x-el-span c1-72 c1-73 c1-b c1-c c1-d c1-e c1-f c1-g\">Ch\u1ea3y n\u01b0\u1edbc m\u0169i<\/li>\n<li class=\"x-el x-el-span c1-72 c1-73 c1-b c1-c c1-d c1-e c1-f c1-g\">Gi\u1ea3m kh\u1ee9u gi\u00e1c v\u00e0 v\u1ecb gi\u00e1c<\/li>\n<li class=\"x-el x-el-span c1-72 c1-73 c1-b c1-c c1-d c1-e c1-f c1-g\">Ngh\u1eb9t m\u0169i<\/li>\n<li class=\"x-el x-el-span c1-72 c1-73 c1-b c1-c c1-d c1-e c1-f c1-g\">\u0110au tai<\/li>\n<\/ul>\n<p><span class=\"x-el x-el-span c1-72 c1-73 c1-b c1-c c1-d c1-e c1-f c1-g\">Nh\u1eefng ng\u01b0\u1eddi b\u1ecb vi\u00eam xoang c\u0169ng c\u00f3 nhi\u1ec1u kh\u1ea3 n\u0103ng b\u1ecb \u0111au \u0111\u1ea7u th\u01b0\u1eddng xuy\u00ean v\u00e0 \u0111au quanh m\u00e1, m\u1eaft v\u00e0 tr\u00e1n.<\/span><\/p>\n<\/div>\n<\/div>\n<div id=\"fd15ebb9-2ddf-4dae-b583-b25a194fbb51\" class=\"x-el x-el-div x-el c1-1 c1-2 c1-11 c1-5y c1-4 c1-8d c1-9q c1-22 c1-8e c1-8f c1-b c1-c c1-7p c1-7q c1-d c1-e c1-f c1-g c1-1 c1-2 c1-b c1-c c1-d c1-e c1-f c1-g\" data-ux=\"ContentBasic\">\n<h4 class=\"x-el x-el-h4 c1-1 c1-2 c1-1k c1-1l c1-6v c1-2e c1-4e c1-1n c1-1o c1-b c1-9r c1-6l c1-1q c1-6o c1-6q c1-6r c1-6s\" role=\"heading\" aria-level=\"4\" data-ux=\"ContentHeading\" data-aid=\"CONTENT_HEADLINE3_RENDERED\" data-typography=\"HeadingDelta\">Ph\u01b0\u01a1ng ph\u00e1p \u0111i\u1ec1u tr\u1ecb?<\/h4>\n<div class=\"x-el c1-1 c1-2 c1-1k c1-1l c1-1m c1-1n c1-1o c1-9s c1-9t c1-9u c1-9v c1-9w c1-9x c1-9y c1-9z c1-a0 c1-a1 c1-a2 c1-a3 c1-a4 c1-a5 c1-a6 c1-a7 c1-a8 c1-a9 c1-aa c1-ab c1-ac c1-ad c1-ae c1-af c1-ag c1-ah c1-ai c1-aj c1-83 c1-b c1-ak c1-c c1-1q c1-d c1-e c1-f c1-g x-rt\" data-ux=\"ContentText\" data-aid=\"CONTENT_DESCRIPTION3_RENDERED\" data-typography=\"BodyAlpha\">\n<p><span class=\"x-el x-el-span c1-72 c1-73 c1-b c1-c c1-d c1-e c1-f c1-g\">\u00a0Hi\u1ec7n nay kh\u00f4ng c\u00f3 c\u00e1ch n\u00e0o \u0111\u1ec3 ng\u0103n ng\u1eeba b\u1ec7nh vi\u00eam xoang ho\u00e0n to\u00e0n. Tuy nhi\u00ean, c\u00f3 nh\u1eefng c\u00e1ch c\u00f3 th\u1ec3 th\u1ef1c hi\u1ec7n \u0111\u1ec3 gi\u1ea3m \u0111\u00e1ng k\u1ec3 r\u1ee7i ro. N\u1ebfu b\u1ea1n h\u00fat thu\u1ed1c l\u00e1, h\u00e3y th\u1eed b\u1ecf thu\u1ed1c l\u00e1. Kh\u00f3i thu\u1ed1c l\u00e1 ch\u1ee9a h\u01a1n 4.000 h\u00f3a ch\u1ea5t kh\u00e1c nhau g\u00e2y k\u00edch \u1ee9ng ph\u1ed5i v\u00e0 h\u1ec7 h\u00f4 h\u1ea5p. B\u1ea1n c\u0169ng n\u00ean th\u1ef1c hi\u1ec7n c\u00e1c c\u00e1ch \u0111\u1ec3 ki\u1ec3m so\u00e1t t\u00ecnh tr\u1ea1ng d\u1ecb \u1ee9ng c\u1ee7a m\u00ecnh v\u00e0 s\u1eed d\u1ee5ng m\u00e1y t\u1ea1o \u0111\u1ed9 \u1ea9m \u0111\u1ec3 gi\u1eef \u1ea9m cho kh\u00f4ng kh\u00ed.\u00a0\u00a0<\/span><\/p>\n<\/div>\n<\/div>\n<div id=\"95b79324-c229-4ede-a93f-e79fad3f0ae2\" class=\"x-el x-el-div x-el c1-1 c1-2 c1-11 c1-5y c1-4 c1-8d c1-9q c1-22 c1-8e c1-8f c1-b c1-c c1-7p c1-7q c1-d c1-e c1-f c1-g c1-1 c1-2 c1-b c1-c c1-d c1-e c1-f c1-g\" data-ux=\"ContentBasic\">\n<h4 class=\"x-el x-el-h4 c1-1 c1-2 c1-1k c1-1l c1-6v c1-2e c1-4e c1-1n c1-1o c1-b c1-9r c1-6l c1-1q c1-6o c1-6q c1-6r c1-6s\" role=\"heading\" aria-level=\"4\" data-ux=\"ContentHeading\" data-aid=\"CONTENT_HEADLINE4_RENDERED\" data-typography=\"HeadingDelta\">Khi n\u00e0o n\u00ean t\u00ecm ki\u1ebfm ph\u01b0\u01a1ng ph\u00e1p \u0111i\u1ec1u tr\u1ecb chuy\u00ean nghi\u1ec7p?<\/h4>\n<div class=\"x-el c1-1 c1-2 c1-1k c1-1l c1-1m c1-1n c1-1o c1-9s c1-9t c1-9u c1-9v c1-9w c1-9x c1-9y c1-9z c1-a0 c1-a1 c1-a2 c1-a3 c1-a4 c1-a5 c1-a6 c1-a7 c1-a8 c1-a9 c1-aa c1-ab c1-ac c1-ad c1-ae c1-af c1-ag c1-ah c1-ai c1-aj c1-83 c1-b c1-ak c1-c c1-1q c1-d c1-e c1-f c1-g x-rt\" data-ux=\"ContentText\" data-aid=\"CONTENT_DESCRIPTION4_RENDERED\" data-typography=\"BodyAlpha\">\n<p><span class=\"x-el x-el-span c1-72 c1-73 c1-b c1-c c1-d c1-e c1-f c1-g\">\u00a0Vi\u00eam xoang kh\u00f4ng ph\u1ea3i l\u00e0 v\u1ea5n \u0111\u1ec1 g\u00e2y lo ng\u1ea1i. Trong nhi\u1ec1u tr\u01b0\u1eddng h\u1ee3p, c\u00e1c bi\u1ec7n ph\u00e1p ch\u0103m s\u00f3c \u0111\u1eb7c bi\u1ec7t nh\u01b0 ngh\u1ec9 ng\u01a1i c\u00f3 th\u1ec3 gi\u00fap gi\u1ea3m \u0111au. Tuy nhi\u00ean, n\u1ebfu c\u00e1c tri\u1ec7u ch\u1ee9ng v\u1eabn t\u1ed3n t\u1ea1i ho\u1eb7c kh\u00f4ng c\u1ea3i thi\u1ec7n sau 10 ng\u00e0y, Qu\u00fd Kh\u00e1ch h\u00e0ng n\u00ean \u0111\u1eb7t l\u1ecbch h\u1eb9n v\u1edbi ch\u00fang t\u00f4i t\u1ea1i Miracle Wands Wellness Center\u2122.\u00a0<\/span><\/p>\n<\/div>\n<\/div>\n<div id=\"ad125c39-01d4-4166-b5f9-f1943636b74e\" class=\"x-el x-el-div x-el c1-1 c1-2 c1-11 c1-5y c1-4 c1-8d c1-9q c1-22 c1-8e c1-8f c1-b c1-c c1-7p c1-7q c1-d c1-e c1-f c1-g c1-1 c1-2 c1-b c1-c c1-d c1-e c1-f c1-g\" data-ux=\"ContentBasic\">\n<h4 class=\"x-el x-el-h4 c1-1 c1-2 c1-1k c1-1l c1-6v c1-2e c1-4e c1-1n c1-1o c1-b c1-9r c1-6l c1-1q c1-6o c1-6q c1-6r c1-6s\" role=\"heading\" aria-level=\"4\" data-ux=\"ContentHeading\" data-aid=\"CONTENT_HEADLINE5_RENDERED\" data-typography=\"HeadingDelta\">\u0110\u1ed1i t\u01b0\u1ee3ng ph\u00f9 h\u1ee3p s\u1eed d\u1ee5ng d\u1ecbch v\u1ee5 c\u1ee7a Miracle Wands?<\/h4>\n<div class=\"x-el c1-1 c1-2 c1-1k c1-1l c1-1m c1-1n c1-1o c1-9s c1-9t c1-9u c1-9v c1-9w c1-9x c1-9y c1-9z c1-a0 c1-a1 c1-a2 c1-a3 c1-a4 c1-a5 c1-a6 c1-a7 c1-a8 c1-a9 c1-aa c1-ab c1-ac c1-ad c1-ae c1-af c1-ag c1-ah c1-ai c1-aj c1-83 c1-b c1-ak c1-c c1-1q c1-d c1-e c1-f c1-g x-rt\" data-ux=\"ContentText\" data-aid=\"CONTENT_DESCRIPTION5_RENDERED\" data-typography=\"BodyAlpha\">\n<p><span class=\"x-el x-el-span c1-72 c1-73 c1-b c1-c c1-d c1-e c1-f c1-g\">\u00a0B\u1ea5t k\u1ef3 \u0111\u1ed1i t\u01b0\u1ee3ng n\u00e0o c\u00f3 s\u1ee9c kh\u1ecfe t\u1ed5ng th\u1ec3 t\u1ed1t v\u00e0 b\u1ecb vi\u00eam xoang c\u1ea5p t\u00ednh ho\u1eb7c m\u00e3n t\u00ednh \u0111\u1ec1u c\u00f3 th\u1ec3 ch\u1eefa tr\u1ecb b\u1eb1ng li\u1ec7u ph\u00e1p c\u1ee7a Miracle Wands.\u00a0<\/span><\/p>\n<p><span class=\"x-el x-el-span c1-72 c1-73 c1-b c1-c c1-d c1-e c1-f c1-g\">Sau khi kh\u00e1m s\u1ee9c kh\u1ecfe to\u00e0n di\u1ec7n, tinh th\u1ec3 \u0111\u00e1 qu\u00fd s\u1ebd xem x\u00e9t ti\u1ec3u s\u1eed b\u1ec7nh v\u00e0 h\u1ecfi Qu\u00fd kh\u00e1ch h\u00e0ng v\u1ec1 c\u00e1c tri\u1ec7u ch\u1ee9ng \u0111ang g\u1eb7p ph\u1ea3i. T\u1eeb c\u00e1c th\u00f4ng tin n\u00e0y, Miracle Wands ph\u00e1t tri\u1ec3n m\u1ed9t k\u1ebf ho\u1ea1ch \u0111i\u1ec1u tr\u1ecb ph\u00f9 h\u1ee3p v\u1edbi nhu c\u1ea7u c\u00e1 nh\u00e2n c\u1ee7a b\u1ea1n.<\/span><\/p>\n<\/div>\n<\/div>\n<div id=\"a1c4ec02-2e83-426a-a439-9b663c92670a\" class=\"x-el x-el-div x-el c1-1 c1-2 c1-11 c1-5y c1-4 c1-8d c1-9q c1-22 c1-8e c1-8f c1-b c1-c c1-7p c1-7q c1-d c1-e c1-f c1-g c1-1 c1-2 c1-b c1-c c1-d c1-e c1-f c1-g\" data-ux=\"ContentBasic\">\n<h4 class=\"x-el x-el-h4 c1-1 c1-2 c1-1k c1-1l c1-6v c1-2e c1-4e c1-1n c1-1o c1-b c1-9r c1-6l c1-1q c1-6o c1-6q c1-6r c1-6s\" role=\"heading\" aria-level=\"4\" data-ux=\"ContentHeading\" data-aid=\"CONTENT_HEADLINE6_RENDERED\" data-typography=\"HeadingDelta\">K\u1ebft qu\u1ea3 sau khi \u0111i\u1ec1u tr\u1ecb v\u1edbi Miracle Wands?<\/h4>\n<div class=\"x-el c1-1 c1-2 c1-1k c1-1l c1-1m c1-1n c1-1o c1-9s c1-9t c1-9u c1-9v c1-9w c1-9x c1-9y c1-9z c1-a0 c1-a1 c1-a2 c1-a3 c1-a4 c1-a5 c1-a6 c1-a7 c1-a8 c1-a9 c1-aa c1-ab c1-ac c1-ad c1-ae c1-af c1-ag c1-ah c1-ai c1-aj c1-83 c1-b c1-ak c1-c c1-1q c1-d c1-e c1-f c1-g x-rt\" data-ux=\"ContentText\" data-aid=\"CONTENT_DESCRIPTION6_RENDERED\" data-typography=\"BodyAlpha\">\n<p><span class=\"x-el x-el-span c1-72 c1-73 c1-b c1-c c1-d c1-e c1-f c1-g\">\u00a0Trong qu\u00e1 tr\u00ecnh \u0111i\u1ec1u tr\u1ecb, b\u00e1c s\u0129 s\u1ebd \u0111\u1eb7t tinh th\u1ec3 \u0111\u00e1 qu\u00fd l\u00ean c\u00e1c \u0111i\u1ec3m \u00e1p l\u1ef1c kh\u00e1c nhau tr\u00ean khu\u00f4n m\u1eb7t. C\u00e1c tinh th\u1ec3 \u0111\u00e1 qu\u00fd si\u00eau nh\u1ecf b\u00ean trong c\u00f3 t\u00e1c d\u1ee5ng th\u00fac \u0111\u1ea9y entanpy v\u00e0 entropy, hay s\u1ef1 truy\u1ec1n v\u00e0 h\u1ea5p th\u1ee5 nhi\u1ec7t.\u00a0<\/span><\/p>\n<p><span class=\"x-el x-el-span c1-72 c1-73 c1-b c1-c c1-d c1-e c1-f c1-g\">B\u1eb1ng c\u00e1ch ph\u00e2n t\u00e1n nhi\u1ec7t \u1edf m\u1ee9c m\u00e0 c\u01a1 th\u1ec3 c\u00f3 th\u1ec3 d\u1ec5 d\u00e0ng h\u1ea5p th\u1ee5 v\u00e0 \u0111i\u1ec1u ch\u1ec9nh, tinh th\u1ec3 \u0111\u00e1 qu\u00fd c\u00f3 th\u1ec3 l\u00e0m th\u00f4ng xoang, gi\u00fap vi\u1ec7c th\u1edf tr\u1edf n\u00ean d\u1ec5 d\u00e0ng h\u01a1n.<\/span><\/p>\n<p><span class=\"x-el x-el-span c1-72 c1-73 c1-b c1-c c1-d c1-e c1-f c1-g\">C\u00e1c v\u1ea5n \u0111\u1ec1 v\u1ec1 b\u1ec7nh l\u00fd h\u00f4 h\u1ea5p c\u00f3 th\u1ec3 \u1ea3nh h\u01b0\u1edfng \u0111\u1ebfn c\u00e1c ho\u1ea1t \u0111\u1ed9ng y\u00eau th\u00edch ho\u1eb7c th\u1eddi gian b\u00ean gia \u0111\u00ecnh. H\u00e3y l\u1ea5y l\u1ea1i cu\u1ed9c s\u1ed1ng c\u1ee7a b\u1ea1n v\u1edbi s\u1ef1 tr\u1ee3 gi\u00fap c\u1ee7a Miracle Wands. \u0110\u1ec3 t\u00ecm hi\u1ec3u th\u00eam v\u1ec1 ph\u01b0\u01a1ng ph\u00e1p \u0111i\u1ec1u tr\u1ecb c\u1ee7a Miracle Wands, nh\u1eadn t\u01b0 v\u1ea5n tr\u1ef1c ti\u1ebfp ngay h\u00f4m nay b\u1eb1ng c\u00e1ch g\u1ecdi \u0111i\u1ec7n ho\u1eb7c nh\u1ea5p v\u00e0o \u0111\u1eb7t l\u1ecbch tr\u1ef1c tuy\u1ebfn.<\/span><\/p>\n<\/div>\n<\/div>\n\t<\/div>\r\n<\/div>\r\n\r\n\r\n\r\n<a class=\"nectar-button large regular accent-color  regular-button\"  style=\"\"  href=\"#\" data-color-override=\"false\" data-hover-color-override=\"false\" data-hover-text-color-override=\"#fff\"><span>\u0110\u1eb7t l\u1ecbch h\u1eb9n<\/span><\/a>\n\t\t<\/div> \n\t<\/div>\n\t<\/div> \n<\/div><\/div>\n\t\t\t<\/div> \n\t\t<\/div>\n\t<\/div> \n<\/div><\/div>","protected":false},"excerpt":{"rendered":"Miracle Wands Wellness Center\u2122 &nbsp; Med Spa &amp; Holistic Treatment Center located in Huntington Beach, CA Sinusitis, or inflammation of your sinuses, is a common but annoying problem. If you\u2019ve...","protected":false},"author":1,"featured_media":0,"parent":0,"menu_order":0,"comment_status":"closed","ping_status":"closed","template":"","meta":{"_monsterinsights_skip_tracking":false,"_monsterinsights_sitenote_active":false,"_monsterinsights_sitenote_note":"","_monsterinsights_sitenote_category":0,"footnotes":""},"class_list":["post-6167","page","type-page","status-publish"],"_links":{"self":[{"href":"https:\/\/miraclewands.com\/vi\/wp-json\/wp\/v2\/pages\/6167","targetHints":{"allow":["GET"]}}],"collection":[{"href":"https:\/\/miraclewands.com\/vi\/wp-json\/wp\/v2\/pages"}],"about":[{"href":"https:\/\/miraclewands.com\/vi\/wp-json\/wp\/v2\/types\/page"}],"author":[{"embeddable":true,"href":"https:\/\/miraclewands.com\/vi\/wp-json\/wp\/v2\/users\/1"}],"replies":[{"embeddable":true,"href":"https:\/\/miraclewands.com\/vi\/wp-json\/wp\/v2\/comments?post=6167"}],"version-history":[{"count":0,"href":"https:\/\/miraclewands.com\/vi\/wp-json\/wp\/v2\/pages\/6167\/revisions"}],"wp:attachment":[{"href":"https:\/\/miraclewands.com\/vi\/wp-json\/wp\/v2\/media?parent=6167"}],"curies":[{"name":"wp","href":"https:\/\/api.w.org\/{rel}","templated":true}]}}