{"id":6169,"date":"2022-02-10T08:33:06","date_gmt":"2022-02-10T08:33:06","guid":{"rendered":"https:\/\/chivatherapy.com\/mw-dev\/?page_id=6169"},"modified":"2022-02-10T08:33:06","modified_gmt":"2022-02-10T08:33:06","slug":"tinnitus","status":"publish","type":"page","link":"https:\/\/miraclewands.com\/vi\/tinnitus\/","title":{"rendered":"\u00d9 tai"},"content":{"rendered":"<div id=\"fws_69e7377530232\"  data-column-margin=\"default\" data-midnight=\"dark\"  class=\"wpb_row vc_row-fluid vc_row  vc_row-o-equal-height vc_row-flex\"  style=\"padding-top: 0px; padding-bottom: 0px; \"><div class=\"row-bg-wrap\" data-bg-animation=\"none\" data-bg-overlay=\"false\"><div class=\"inner-wrap\"><div class=\"row-bg\"  style=\"\"><\/div><\/div><\/div><div class=\"row_col_wrap_12 col span_12 dark left\">\n\t<div style=\"margin-top: 5%; \" class=\"vc_col-sm-6 wpb_column column_container vc_column_container col no-extra-padding inherit_tablet inherit_phone border_right_desktop_1px border_color_e2e2e2 border_style_solid\"  data-padding-pos=\"all\" data-has-bg-color=\"false\" data-bg-color=\"\" data-bg-opacity=\"1\" data-animation=\"\" data-delay=\"0\" >\n\t\t<div class=\"vc_column-inner\" >\n\t\t\t<div class=\"wpb_wrapper\">\n\t\t\t\t<div class=\"nectar-split-heading\" data-align=\"default\" data-m-align=\"inherit\" data-animation-type=\"default\" data-animation-delay=\"0\" data-m-rm-animation=\"\" data-stagger=\"\" data-custom-font-size=\"false\" ><div class=\"heading-line\" > <div><h3>Trung t\u00e2m ch\u0103m s\u00f3c s\u1ee9c kh\u1ecfe Miracle Wands<\/h3> <\/div> <\/div><\/div>\n\t\t\t<\/div> \n\t\t<\/div>\n\t<\/div> \n\n\t<div  class=\"vc_col-sm-6 wpb_column column_container vc_column_container col no-extra-padding inherit_tablet inherit_phone\"  data-padding-pos=\"all\" data-has-bg-color=\"false\" data-bg-color=\"\" data-bg-opacity=\"1\" data-animation=\"\" data-delay=\"0\" >\n\t\t<div class=\"vc_column-inner\" >\n\t\t\t<div class=\"wpb_wrapper\">\n\t\t\t\t\r\n<div class=\"wpb_text_column wpb_content_element\" >\r\n\t<div class=\"wpb_wrapper\">\r\n\t\t<p>B\u1ea1n c\u00f3 th\u01b0\u1eddng xuy\u00ean nghe th\u1ea5y ti\u1ebfng chu\u00f4ng y\u1ebfu ho\u1eb7c \u00e2m thanh \u00f9 \u00f9 ngay c\u1ea3 khi n\u00f3 ho\u00e0n to\u00e0n im l\u1eb7ng kh\u00f4ng? N\u1ebfu c\u00f3, ch\u1ee9ng \u00f9 tai c\u00f3 th\u1ec3 l\u00e0 nguy\u00ean nh\u00e2n. \u0110\u1ec3 ki\u1ec3m tra b\u1ea1n c\u00f3 ph\u1ea3i \u0111\u1ed1i t\u01b0\u1ee3ng ph\u00f9 h\u1ee3p \u0111\u1ec3 \u0111i\u1ec1u tr\u1ecb b\u1eb1ng c\u00e1ch g\u1ecdi \u0111i\u1ec7n ho\u1eb7c nh\u1ea5p v\u00e0o \u0111\u1eb7t l\u1ecbch tr\u1ef1c tuy\u1ebfn ngay h\u00f4m nay.<\/p>\n\t<\/div>\r\n<\/div>\r\n\r\n\r\n\r\n<a class=\"nectar-button large regular accent-color  regular-button\"  style=\"\"  href=\"https:\/\/miraclewands.com\/vi\/request-appointment\/\" data-color-override=\"false\" data-hover-color-override=\"false\" data-hover-text-color-override=\"#fff\"><span>\u0110\u1eb7t l\u1ecbch h\u1eb9n<\/span><\/a>\r\n<div class=\"wpb_text_column wpb_content_element\" >\r\n\t<div class=\"wpb_wrapper\">\r\n\t\t<p><span class=\"disclaimer\" style=\"font-weight: 400;\">*Miracle Wands b\u1ed5 sung cho ch\u1ebf \u0111\u1ed9 \u0111i\u1ec1u tr\u1ecb y t\u1ebf th\u00f4ng th\u01b0\u1eddng. M\u1ed7i Qu\u00fd kh\u00e1ch h\u00e0ng ph\u1ea3i tham kh\u1ea3o \u00fd ki\u1ebfn v\u00e0 theo d\u00f5i v\u1edbi nh\u00e0 cung c\u1ea5p d\u1ecbch v\u1ee5 ch\u0103m s\u00f3c s\u1ee9c kho\u1ebb th\u01b0\u1eddng xuy\u00ean c\u1ee7a h\u1ecd.<\/span><\/p>\n\t<\/div>\r\n<\/div>\r\n\r\n\r\n\r\n\n\t\t\t<\/div> \n\t\t<\/div>\n\t<\/div> \n<\/div><\/div>\r\n\t\t<div id=\"fws_69e73775316d2\"  data-column-margin=\"default\" data-midnight=\"dark\" data-top-percent=\"5%\" data-bottom-percent=\"5%\"  class=\"wpb_row vc_row-fluid vc_row full-width-section\"  style=\"padding-top: calc(100vw * 0.05); padding-bottom: calc(100vw * 0.05); \"><div class=\"row-bg-wrap\" data-bg-animation=\"none\" data-bg-overlay=\"false\"><div class=\"inner-wrap\"><div class=\"row-bg using-bg-color\"  style=\"background-color: #f6f6f6; \"><\/div><\/div><\/div><div class=\"row_col_wrap_12 col span_12 dark left\">\n\t<div  class=\"vc_col-sm-12 wpb_column column_container vc_column_container col no-extra-padding inherit_tablet inherit_phone\"  data-padding-pos=\"all\" data-has-bg-color=\"false\" data-bg-color=\"\" data-bg-opacity=\"1\" data-animation=\"\" data-delay=\"0\" >\n\t\t<div class=\"vc_column-inner\" >\n\t\t\t<div class=\"wpb_wrapper\">\n\t\t\t\t<div id=\"fws_69e7377531ebb\" data-midnight=\"\" data-column-margin=\"default\" class=\"wpb_row vc_row-fluid vc_row inner_row\"  style=\"\"><div class=\"row-bg-wrap\"> <div class=\"row-bg\" ><\/div> <\/div><div class=\"row_col_wrap_12_inner col span_12  left\">\n\t<div  class=\"vc_col-sm-12 wpb_column column_container vc_column_container col child_column no-extra-padding inherit_tablet inherit_phone\"   data-padding-pos=\"all\" data-has-bg-color=\"false\" data-bg-color=\"\" data-bg-opacity=\"1\" data-animation=\"\" data-delay=\"0\">\n\t\t<div class=\"vc_column-inner\" >\n\t\t<div class=\"wpb_wrapper\">\n\t\t\t<div class=\"nectar-split-heading\" data-align=\"center\" data-m-align=\"inherit\" data-animation-type=\"line-reveal-by-space\" data-animation-delay=\"0\" data-m-rm-animation=\"\" data-stagger=\"\" data-custom-font-size=\"true\" style=\"font-size: 26px; line-height: 28.08px;\"><h3 >H\u1ecfi \u0111\u00e1p \u00f9 tai<\/h3><\/div>\n\t\t<\/div> \n\t<\/div>\n\t<\/div> \n<\/div><\/div><div id=\"fws_69e73775326ed\" data-midnight=\"\" data-column-margin=\"default\" class=\"wpb_row vc_row-fluid vc_row inner_row\"  style=\"\"><div class=\"row-bg-wrap\"> <div class=\"row-bg\" ><\/div> <\/div><div class=\"row_col_wrap_12_inner col span_12  left\">\n\t<div  class=\"vc_col-sm-3 wpb_column column_container vc_column_container col child_column no-extra-padding inherit_tablet inherit_phone\"   data-padding-pos=\"all\" data-has-bg-color=\"false\" data-bg-color=\"\" data-bg-opacity=\"1\" data-animation=\"\" data-delay=\"0\">\n\t\t<div class=\"vc_column-inner\" >\n\t\t<div class=\"wpb_wrapper\">\n\t\t\t<div class=\"img-with-aniamtion-wrap\" data-max-width=\"100%\" data-max-width-mobile=\"default\" data-shadow=\"none\" data-animation=\"fade-in\" >\r\n      <div class=\"inner\">\r\n        <div class=\"hover-wrap\"> \r\n          <div class=\"hover-wrap-inner\">\r\n            <img loading=\"lazy\" decoding=\"async\" class=\"img-with-animation skip-lazy\" data-delay=\"0\" height=\"265\" width=\"400\" data-animation=\"fade-in\" src=\"https:\/\/miraclewands.com\/wp-content\/uploads\/2022\/02\/rsw_400cg_truem-1.jpg\" alt=\"\" srcset=\"https:\/\/miraclewands.com\/wp-content\/uploads\/2022\/02\/rsw_400cg_truem-1.jpg 400w, https:\/\/miraclewands.com\/wp-content\/uploads\/2022\/02\/rsw_400cg_truem-1-300x199.jpg 300w\" sizes=\"auto, (min-width: 1450px) 75vw, (min-width: 1000px) 85vw, 100vw\" \/>\r\n          <\/div>\r\n        <\/div>\r\n      <\/div>\r\n    <\/div>\n\t\t<\/div> \n\t<\/div>\n\t<\/div> \n\n\t<div  class=\"vc_col-sm-9 wpb_column column_container vc_column_container col child_column no-extra-padding inherit_tablet inherit_phone\"   data-padding-pos=\"all\" data-has-bg-color=\"false\" data-bg-color=\"\" data-bg-opacity=\"1\" data-animation=\"\" data-delay=\"0\">\n\t\t<div class=\"vc_column-inner\" >\n\t\t<div class=\"wpb_wrapper\">\n\t\t\t\r\n<div class=\"wpb_text_column wpb_content_element\" >\r\n\t<div class=\"wpb_wrapper\">\r\n\t\t<div id=\"3facfe8d-dbb9-4065-9b9c-7b96e394dc44\" class=\"x-el x-el-div x-el c1-1 c1-2 c1-11 c1-5y c1-4 c1-8d c1-9q c1-22 c1-8e c1-8f c1-b c1-c c1-7p c1-7q c1-d c1-e c1-f c1-g c1-1 c1-2 c1-b c1-c c1-d c1-e c1-f c1-g\" data-ux=\"ContentBasic\">\n<h4 class=\"x-el x-el-h4 c1-1 c1-2 c1-1k c1-1l c1-6v c1-2e c1-4e c1-1n c1-1o c1-b c1-9r c1-6l c1-1q c1-6o c1-6q c1-6r c1-6s\" role=\"heading\" aria-level=\"4\" data-ux=\"ContentHeading\" data-aid=\"CONTENT_HEADLINE1_RENDERED\" data-typography=\"HeadingDelta\">Ch\u1ee9ng \u00f9 tai l\u00e0 g\u00ec?<\/h4>\n<div class=\"x-el c1-1 c1-2 c1-1k c1-1l c1-1m c1-1n c1-1o c1-9s c1-9t c1-9u c1-9v c1-9w c1-9x c1-9y c1-9z c1-a0 c1-a1 c1-a2 c1-a3 c1-a4 c1-a5 c1-a6 c1-a7 c1-a8 c1-a9 c1-aa c1-ab c1-ac c1-ad c1-ae c1-af c1-ag c1-ah c1-ai c1-aj c1-83 c1-b c1-ak c1-c c1-1q c1-d c1-e c1-f c1-g x-rt\" data-ux=\"ContentText\" data-aid=\"CONTENT_DESCRIPTION1_RENDERED\" data-typography=\"BodyAlpha\">\n<p><span class=\"x-el x-el-span c1-72 c1-73 c1-b c1-c c1-d c1-e c1-f c1-g\">\u00a0\u00d9 tai l\u00e0 m\u1ed9t thu\u1eadt ng\u1eef y t\u1ebf m\u00f4 t\u1ea3 vi\u1ec7c nghe th\u1ea5y ti\u1ebfng chu\u00f4ng ho\u1eb7c ti\u1ebfng vo ve. B\u1ea3n th\u00e2n ch\u1ee9ng \u00f9 tai kh\u00f4ng ph\u1ea3i l\u00e0 m\u1ed9t t\u00ecnh tr\u1ea1ng b\u1ec7nh l\u00fd. Thay v\u00e0o \u0111\u00f3, n\u00f3 ch\u1ec9 ra m\u1ed9t v\u1ea5n \u0111\u1ec1 ti\u1ec1m \u1ea9n nh\u01b0 m\u1ea5t th\u00ednh l\u1ef1c do tu\u1ed5i t\u00e1c, ch\u1ea5n th\u01b0\u01a1ng tai ho\u1eb7c r\u1ed1i lo\u1ea1n tu\u1ea7n ho\u00e0n. Ch\u1ee9ng \u00f9 tai c\u1ef1c k\u1ef3 ph\u1ed5 bi\u1ebfn v\u00e0 \u01b0\u1edbc t\u00ednh \u1ea3nh h\u01b0\u1edfng \u0111\u1ebfn kho\u1ea3ng 15-20% d\u00e2n s\u1ed1 tr\u01b0\u1edfng th\u00e0nh. Ch\u1ee9ng \u00f9 tai g\u00e2y kh\u00f3 ch\u1ecbu nh\u01b0ng th\u01b0\u1eddng kh\u00f4ng c\u00f3 bi\u1ec3u hi\u1ec7n nghi\u00eam tr\u1ecdng. Trong h\u1ea7u h\u1ebft c\u00e1c tr\u01b0\u1eddng h\u1ee3p, c\u00e1c bi\u1ec7n ph\u00e1p \u0111i\u1ec1u tr\u1ecb b\u1ea3o to\u00e0n, kh\u00f4ng x\u00e2m l\u1ea5n nh\u01b0 li\u1ec7u ph\u00e1p Miracle Wands, c\u00f3 th\u1ec3 gi\u00fap gi\u1ea3m \u0111au \u0111\u00e1ng k\u1ec3.<\/span><\/p>\n<\/div>\n<\/div>\n<div id=\"639a1c7a-f23e-4fe3-a83e-522e3669ea2d\" class=\"x-el x-el-div x-el c1-1 c1-2 c1-11 c1-5y c1-4 c1-8d c1-9q c1-22 c1-8e c1-8f c1-b c1-c c1-7p c1-7q c1-d c1-e c1-f c1-g c1-1 c1-2 c1-b c1-c c1-d c1-e c1-f c1-g\" data-ux=\"ContentBasic\">\n<h4 class=\"x-el x-el-h4 c1-1 c1-2 c1-1k c1-1l c1-6v c1-2e c1-4e c1-1n c1-1o c1-b c1-9r c1-6l c1-1q c1-6o c1-6q c1-6r c1-6s\" role=\"heading\" aria-level=\"4\" data-ux=\"ContentHeading\" data-aid=\"CONTENT_HEADLINE2_RENDERED\" data-typography=\"HeadingDelta\">C\u00e1c tri\u1ec7u ch\u1ee9ng c\u1ee7a ch\u1ee9ng \u00f9 tai l\u00e0 g\u00ec?<\/h4>\n<div class=\"x-el c1-1 c1-2 c1-1k c1-1l c1-1m c1-1n c1-1o c1-9s c1-9t c1-9u c1-9v c1-9w c1-9x c1-9y c1-9z c1-a0 c1-a1 c1-a2 c1-a3 c1-a4 c1-a5 c1-a6 c1-a7 c1-a8 c1-a9 c1-aa c1-ab c1-ac c1-ad c1-ae c1-af c1-ag c1-ah c1-ai c1-aj c1-83 c1-b c1-ak c1-c c1-1q c1-d c1-e c1-f c1-g x-rt\" data-ux=\"ContentText\" data-aid=\"CONTENT_DESCRIPTION2_RENDERED\" data-typography=\"BodyAlpha\">\n<p><span class=\"x-el x-el-span c1-72 c1-73 c1-b c1-c c1-d c1-e c1-f c1-g\">\u00a0Nh\u1eefng ng\u01b0\u1eddi b\u1ecb \u00f9 tai nghe th\u1ea5y \u00e2m thanh ngay c\u1ea3 khi kh\u00f4ng c\u00f3 \u00e2m thanh b\u00ean ngo\u00e0i. Ch\u1ee9ng \u00f9 tai \u1ea3nh h\u01b0\u1edfng \u0111\u1ebfn m\u1ed7i ng\u01b0\u1eddi m\u1ed9t c\u00e1ch kh\u00e1c nhau, nh\u01b0ng m\u1ed9t s\u1ed1 ti\u1ebfng \u0111\u1ed9ng \u1ea3o ph\u1ed5 bi\u1ebfn m\u00e0 m\u1ecdi ng\u01b0\u1eddi th\u01b0\u1eddng nghe th\u1ea5y bao g\u1ed3m:<\/span><\/p>\n<ul>\n<li class=\"x-el x-el-span c1-72 c1-73 c1-b c1-c c1-d c1-e c1-f c1-g\">\u0110\u1ed5 chu\u00f4ng<\/li>\n<li class=\"x-el x-el-span c1-72 c1-73 c1-b c1-c c1-d c1-e c1-f c1-g\">\u00d9<\/li>\n<li class=\"x-el x-el-span c1-72 c1-73 c1-b c1-c c1-d c1-e c1-f c1-g\">Ti\u1ebfng g\u1ea7m<\/li>\n<li class=\"x-el x-el-span c1-72 c1-73 c1-b c1-c c1-d c1-e c1-f c1-g\">Ng\u00e2n nga<\/li>\n<li class=\"x-el x-el-span c1-72 c1-73 c1-b c1-c c1-d c1-e c1-f c1-g\">Nh\u1ea5p chu\u1ed9t<\/li>\n<\/ul>\n<p><span class=\"x-el x-el-span c1-72 c1-73 c1-b c1-c c1-d c1-e c1-f c1-g\">\u00c2m l\u01b0\u1ee3ng v\u00e0 t\u1ea7n s\u1ed1 c\u1ee7a ti\u1ebfng \u1ed3n b\u1ea1n nghe th\u1ea5y c\u0169ng c\u00f3 th\u1ec3 kh\u00e1c nhau. B\u1ea1n c\u00f3 th\u1ec3 nghe th\u1ea5y ti\u1ebfng chu\u00f4ng l\u1edbn \u1edf m\u1ed9t tai ho\u1eb7c ti\u1ebfng vo ve \u1edf c\u1ea3 hai tai. Ngo\u00e0i ra, m\u1ed9t s\u1ed1 ng\u01b0\u1eddi b\u1ecb \u00f9 tai lu\u00f4n c\u00f3 tri\u1ec7u ch\u1ee9ng, trong khi nh\u1eefng ng\u01b0\u1eddi kh\u00e1c th\u1ec9nh tho\u1ea3ng b\u1ecb b\u00f9ng ph\u00e1t.<\/span><\/p>\n<\/div>\n<\/div>\n<div id=\"fd15ebb9-2ddf-4dae-b583-b25a194fbb51\" class=\"x-el x-el-div x-el c1-1 c1-2 c1-11 c1-5y c1-4 c1-8d c1-9q c1-22 c1-8e c1-8f c1-b c1-c c1-7p c1-7q c1-d c1-e c1-f c1-g c1-1 c1-2 c1-b c1-c c1-d c1-e c1-f c1-g\" data-ux=\"ContentBasic\">\n<h4 class=\"x-el x-el-h4 c1-1 c1-2 c1-1k c1-1l c1-6v c1-2e c1-4e c1-1n c1-1o c1-b c1-9r c1-6l c1-1q c1-6o c1-6q c1-6r c1-6s\" role=\"heading\" aria-level=\"4\" data-ux=\"ContentHeading\" data-aid=\"CONTENT_HEADLINE3_RENDERED\" data-typography=\"HeadingDelta\">C\u00f3 nhi\u1ec1u lo\u1ea1i \u00f9 tai kh\u00e1c nhau?<\/h4>\n<div class=\"x-el c1-1 c1-2 c1-1k c1-1l c1-1m c1-1n c1-1o c1-9s c1-9t c1-9u c1-9v c1-9w c1-9x c1-9y c1-9z c1-a0 c1-a1 c1-a2 c1-a3 c1-a4 c1-a5 c1-a6 c1-a7 c1-a8 c1-a9 c1-aa c1-ab c1-ac c1-ad c1-ae c1-af c1-ag c1-ah c1-ai c1-aj c1-83 c1-b c1-ak c1-c c1-1q c1-d c1-e c1-f c1-g x-rt\" data-ux=\"ContentText\" data-aid=\"CONTENT_DESCRIPTION3_RENDERED\" data-typography=\"BodyAlpha\">\n<p><span class=\"x-el x-el-span c1-72 c1-73 c1-b c1-c c1-d c1-e c1-f c1-g\">\u00a0Ch\u1ee9ng \u00f9 tai \u0111\u01b0\u1ee3c chia th\u00e0nh hai lo\u1ea1i ri\u00eang bi\u1ec7t: ch\u1ee7 quan v\u00e0 kh\u00e1ch quan.\u00a0<\/span><\/p>\n<ul>\n<li class=\"x-el x-el-span c1-72 c1-73 c1-b c1-c c1-d c1-e c1-f c1-g\">\u00d9 tai ch\u1ee7 quan<\/li>\n<\/ul>\n<p><span class=\"x-el x-el-span c1-72 c1-73 c1-b c1-c c1-d c1-e c1-f c1-g\">\u00d9 tai ch\u1ee7 quan l\u00e0 ch\u1ee9ng \u00f9 tai m\u00e0 ch\u1ec9 b\u1ea1n m\u1edbi c\u00f3 th\u1ec3 nghe th\u1ea5y. \u00d9 tai ch\u1ee7 quan l\u00e0 lo\u1ea1i \u00f9 tai ph\u1ed5 bi\u1ebfn nh\u1ea5t v\u00e0 th\u01b0\u1eddng do c\u00e1c v\u1ea5n \u0111\u1ec1 \u1edf tai gi\u1eefa, tai trong ho\u1eb7c tai ngo\u00e0i g\u00e2y ra.\u00a0<\/span><\/p>\n<ul>\n<li class=\"x-el x-el-span c1-72 c1-73 c1-b c1-c c1-d c1-e c1-f c1-g\">\u00d9 tai kh\u00e1ch quan<\/li>\n<\/ul>\n<p><span class=\"x-el x-el-span c1-72 c1-73 c1-b c1-c c1-d c1-e c1-f c1-g\">\u00d9 tai kh\u00e1ch quan l\u00e0 ch\u1ee9ng \u00f9 tai m\u00e0 b\u00e1c s\u0129 c\u00f3 th\u1ec3 nghe th\u1ea5y khi kh\u00e1m. Ch\u1ee9ng \u00f9 tai kh\u00e1ch quan r\u1ea5t hi\u1ebfm g\u1eb7p v\u00e0 g\u00e2y ra b\u1edfi c\u00e1c v\u1ea5n \u0111\u1ec1 v\u1ec1 m\u1ea1ch m\u00e1u ho\u1eb7c co th\u1eaft c\u01a1.<\/span><\/p>\n<\/div>\n<\/div>\n<div id=\"ca530904-6715-4ed3-9057-e900a183b482\" class=\"x-el x-el-div x-el c1-1 c1-2 c1-11 c1-5y c1-4 c1-8d c1-9q c1-22 c1-8e c1-8f c1-b c1-c c1-7p c1-7q c1-d c1-e c1-f c1-g c1-1 c1-2 c1-b c1-c c1-d c1-e c1-f c1-g\" data-ux=\"ContentBasic\">\n<h4 class=\"x-el x-el-h4 c1-1 c1-2 c1-1k c1-1l c1-6v c1-2e c1-4e c1-1n c1-1o c1-b c1-9r c1-6l c1-1q c1-6o c1-6q c1-6r c1-6s\" role=\"heading\" aria-level=\"4\" data-ux=\"ContentHeading\" data-aid=\"CONTENT_HEADLINE4_RENDERED\" data-typography=\"HeadingDelta\">Miracle Wands l\u00e0 g\u00ec?<\/h4>\n<div class=\"x-el c1-1 c1-2 c1-1k c1-1l c1-1m c1-1n c1-1o c1-9s c1-9t c1-9u c1-9v c1-9w c1-9x c1-9y c1-9z c1-a0 c1-a1 c1-a2 c1-a3 c1-a4 c1-a5 c1-a6 c1-a7 c1-a8 c1-a9 c1-aa c1-ab c1-ac c1-ad c1-ae c1-af c1-ag c1-ah c1-ai c1-aj c1-83 c1-b c1-ak c1-c c1-1q c1-d c1-e c1-f c1-g x-rt\" data-ux=\"ContentText\" data-aid=\"CONTENT_DESCRIPTION4_RENDERED\" data-typography=\"BodyAlpha\">\n<p><span class=\"x-el x-el-span c1-72 c1-73 c1-b c1-c c1-d c1-e c1-f c1-g\">\u00a0Tinh th\u1ec3 \u0111\u00e1 qu\u00fd l\u00e0 c\u00f4ng c\u1ee5 \u0111i\u1ec1u tr\u1ecb to\u00e0n di\u1ec7n d\u1ef1a tr\u00ean y h\u1ecdc c\u1ed5 truy\u1ec1n Trung Qu\u1ed1c. Ch\u00fang \u0111\u01b0\u1ee3c s\u1ea3n xu\u1ea5t b\u1eb1ng c\u00e1ch s\u1eed d\u1ee5ng c\u00e1c tinh th\u1ec3 c\u1ef1c nh\u1ecf mang l\u1ea1i ph\u1ea3n \u1ee9ng khoa h\u1ecdc v\u1ec1 entanpy v\u00e0 entropy, ho\u1eb7c s\u1ef1 h\u1ea5p th\u1ee5 nhi\u1ec7t v\u00e0 truy\u1ec1n m\u1ed9t c\u00e1ch t\u1ef1 nhi\u00ean.<\/span><\/p>\n<p><span class=\"x-el x-el-span c1-72 c1-73 c1-b c1-c c1-d c1-e c1-f c1-g\">Tinh th\u1ec3 \u0111\u00e1 qu\u00fd khai th\u00e1c ngu\u1ed3n n\u0103ng l\u01b0\u1ee3ng \u0111\u1ed9c \u0111\u00e1o v\u00e0 ph\u00e2n t\u00e1n nhi\u1ec7t v\u00e0o c\u01a1 th\u1ec3 v\u1edbi t\u1ed1c \u0111\u1ed9 \u0111\u01b0\u1ee3c t\u1ed1i \u01b0u h\u00f3a cho l\u01b0u l\u01b0\u1ee3ng m\u00e1u v\u00e0 ch\u1ee9c n\u0103ng t\u1ebf b\u00e0o. K\u1ebft h\u1ee3p v\u1edbi ki\u1ebfn th\u1ee9c v\u1ec1 c\u00e1c \u0111i\u1ec3m \u00e1p l\u1ef1c \u0111\u1eb7c bi\u1ec7t, ph\u01b0\u01a1ng ph\u00e1p \u0111i\u1ec1u tr\u1ecb Miracle Wands gi\u00fap gi\u1ea3m \u0111au nhanh ch\u00f3ng v\u00e0 hi\u1ec7u qu\u1ea3.\u00a0<\/span><\/p>\n<\/div>\n<\/div>\n<div id=\"e6140be3-3982-43c6-9e5a-6663fe6f27a1\" class=\"x-el x-el-div x-el c1-1 c1-2 c1-11 c1-5y c1-4 c1-8d c1-9q c1-22 c1-8e c1-8f c1-b c1-c c1-7p c1-7q c1-d c1-e c1-f c1-g c1-1 c1-2 c1-b c1-c c1-d c1-e c1-f c1-g\" data-ux=\"ContentBasic\">\n<h4 class=\"x-el x-el-h4 c1-1 c1-2 c1-1k c1-1l c1-6v c1-2e c1-4e c1-1n c1-1o c1-b c1-9r c1-6l c1-1q c1-6o c1-6q c1-6r c1-6s\" role=\"heading\" aria-level=\"4\" data-ux=\"ContentHeading\" data-aid=\"CONTENT_HEADLINE5_RENDERED\" data-typography=\"HeadingDelta\">Ph\u01b0\u01a1ng ph\u00e1p \u0111i\u1ec1u tr\u1ecb?<\/h4>\n<div class=\"x-el c1-1 c1-2 c1-1k c1-1l c1-1m c1-1n c1-1o c1-9s c1-9t c1-9u c1-9v c1-9w c1-9x c1-9y c1-9z c1-a0 c1-a1 c1-a2 c1-a3 c1-a4 c1-a5 c1-a6 c1-a7 c1-a8 c1-a9 c1-aa c1-ab c1-ac c1-ad c1-ae c1-af c1-ag c1-ah c1-ai c1-aj c1-83 c1-b c1-ak c1-c c1-1q c1-d c1-e c1-f c1-g x-rt\" data-ux=\"ContentText\" data-aid=\"CONTENT_DESCRIPTION5_RENDERED\" data-typography=\"BodyAlpha\">\n<p><span class=\"x-el x-el-span c1-72 c1-73 c1-b c1-c c1-d c1-e c1-f c1-g\">\u00a0Trong qu\u00e1 tr\u00ecnh tr\u1ecb li\u1ec7u, Miracle Wands Wellness Center\u2122 s\u1eed d\u1ee5ng c\u00e1c tinh th\u1ec3 \u0111\u00e1 qu\u00fd \u0111\u1ec3 di chuy\u1ec3n v\u00e0 h\u1ed7 tr\u1ee3 c\u01a1 th\u1ec3 \u0111i\u1ec1u h\u00f2a nhi\u1ec7t \u0111\u1ed9. Li\u1ec7u ph\u00e1p nhi\u1ec7t \u0111\u1eb7c bi\u1ec7t n\u00e0y c\u00f3 t\u00e1c d\u1ee5ng th\u00fac \u0111\u1ea9y t\u0103ng c\u01b0\u1eddng tu\u1ea7n ho\u00e0n, h\u1ed7 tr\u1ee3 t\u1ebf b\u00e0o v\u00e0 h\u1ea5p th\u1ee5 ch\u1ea5t dinh d\u01b0\u1ee1ng.<\/span><\/p>\n<p><span class=\"x-el x-el-span c1-72 c1-73 c1-b c1-c c1-d c1-e c1-f c1-g\">Sau khi \u0111\u1eb7t tinh th\u1ec3 \u0111\u00e1 qu\u00fd l\u00ean m\u1ed9t lo\u1ea1t \u0111i\u1ec3m \u00e1p l\u1ef1c, Miracle Wands s\u1ebd s\u1eed d\u1ee5ng c\u00e1c k\u1ef9 thu\u1eadt tr\u1ecb li\u1ec7u xoa b\u00f3p nh\u1eb9 \u0111\u1ec3 gi\u1ea3m \u00e1p l\u1ef1c v\u00e0 gi\u1ea3m b\u1edbt c\u00e1c tri\u1ec7u ch\u1ee9ng.<\/span><\/p>\n<p><span class=\"x-el x-el-span c1-72 c1-73 c1-b c1-c c1-d c1-e c1-f c1-g\">N\u1ebfu Qu\u00fd kh\u00e1ch h\u00e0ng \u0111ang ph\u1ea3i s\u1ed1ng chung v\u1edbi ch\u1ee9ng \u00f9 tai v\u00e0 c\u00e1c ph\u01b0\u01a1ng ph\u00e1p \u0111i\u1ec1u tr\u1ecb kh\u00e1c kh\u00f4ng th\u1ec3 l\u00e0m thuy\u00ean gi\u1ea3m th\u00ec li\u1ec7u ph\u00e1p Miracle Wands r\u1ea5t \u0111\u00e1ng \u0111\u1ec3 c\u00e2n nh\u1eafc. Nh\u1eadn t\u01b0 v\u1ea5n tr\u1ef1c ti\u1ebfp ngay h\u00f4m nay b\u1eb1ng c\u00e1ch g\u1ecdi \u0111i\u1ec7n ho\u1eb7c nh\u1ea5p v\u00e0o \u0111\u1eb7t l\u1ecbch tr\u1ef1c tuy\u1ebfn.<\/span><\/p>\n<\/div>\n<\/div>\n\t<\/div>\r\n<\/div>\r\n\r\n\r\n\r\n<a class=\"nectar-button large regular accent-color  regular-button\"  style=\"\"  href=\"https:\/\/miraclewands.com\/vi\/request-appointment\/\" data-color-override=\"false\" data-hover-color-override=\"false\" data-hover-text-color-override=\"#fff\"><span>\u0110\u1eb7t l\u1ecbch h\u1eb9n<\/span><\/a>\n\t\t<\/div> \n\t<\/div>\n\t<\/div> \n<\/div><\/div>\n\t\t\t<\/div> \n\t\t<\/div>\n\t<\/div> \n<\/div><\/div>","protected":false},"excerpt":{"rendered":"Miracle Wands Wellness Center\u2122 Do you regularly hear a faint ringing or buzzing sound, even when it\u2019s completely silent? If so, tinnitus may be to blame. To see if you\u2019re...","protected":false},"author":1,"featured_media":0,"parent":0,"menu_order":0,"comment_status":"closed","ping_status":"closed","template":"","meta":{"_monsterinsights_skip_tracking":false,"_monsterinsights_sitenote_active":false,"_monsterinsights_sitenote_note":"","_monsterinsights_sitenote_category":0,"footnotes":""},"class_list":["post-6169","page","type-page","status-publish"],"_links":{"self":[{"href":"https:\/\/miraclewands.com\/vi\/wp-json\/wp\/v2\/pages\/6169","targetHints":{"allow":["GET"]}}],"collection":[{"href":"https:\/\/miraclewands.com\/vi\/wp-json\/wp\/v2\/pages"}],"about":[{"href":"https:\/\/miraclewands.com\/vi\/wp-json\/wp\/v2\/types\/page"}],"author":[{"embeddable":true,"href":"https:\/\/miraclewands.com\/vi\/wp-json\/wp\/v2\/users\/1"}],"replies":[{"embeddable":true,"href":"https:\/\/miraclewands.com\/vi\/wp-json\/wp\/v2\/comments?post=6169"}],"version-history":[{"count":0,"href":"https:\/\/miraclewands.com\/vi\/wp-json\/wp\/v2\/pages\/6169\/revisions"}],"wp:attachment":[{"href":"https:\/\/miraclewands.com\/vi\/wp-json\/wp\/v2\/media?parent=6169"}],"curies":[{"name":"wp","href":"https:\/\/api.w.org\/{rel}","templated":true}]}}